{"id":58779,"date":"2024-11-09T05:07:23","date_gmt":"2024-11-09T05:07:23","guid":{"rendered":"https:\/\/e.kosmolat.eu\/product\/biokon-prof-effect-filler-activ-dienas-kr-55-50-ml\/"},"modified":"2026-04-17T11:16:57","modified_gmt":"2026-04-17T11:16:57","slug":"biokon-prof-effect-filler-activ-dienas-kr-55-50-ml","status":"publish","type":"product","link":"https:\/\/e.kosmolat.eu\/lv\/product\/biokon-prof-effect-filler-activ-dienas-kr-55-50-ml\/","title":{"rendered":"BIOKON Prof. Effect  Filler Activ Dienas kr. 55+, 50 ml"},"content":{"rendered":"<p>Dienas kr\u0113ms uztur optim\u0101lu \u0101das mitruma l\u012bmeni un nodro\u0161ina aizsardz\u012bbu pret UV starojumu vis\u0101 dienas laik\u0101 (SPF 15).<br \/>\n\u2022 Filleris maigi aizpilda grumbi\u0146as un samazina to dzi\u013cumu.<br \/>\n\u2022 Mitin\u0101t\u0101ju komplekss uztur un atjauno mitruma l\u012bmeni l\u012bdz 30 stund\u0101m.<br \/>\n\u2022 Divu veidu hialuronsk\u0101bei piem\u012bt lieliskas mitrino\u0161as \u012bpa\u0161\u012bbas, t\u0101 uzlabo mikroreljefu un nov\u0113r\u0161 grumbu ra\u0161anos.<br \/>\n\u2022 Augu izcelsmes kolag\u0113ns uztur \u0101das elast\u012bbu un padara to tvirt\u0101ku.<br \/>\n\u2022 Retinols un mikroelementi Zn, Mg, Ca uzlabo \u0101das vielmai\u0146as procesus un pal\u012bdz pal\u0113nin\u0101t noveco\u0161anos.<\/p>\n<p>Lieto\u0161ana: uzkl\u0101t uz att\u012br\u012btas \u0101das no r\u012bta, \u013caut uzs\u016bkties. Var lietot k\u0101 b\u0101zi grimam.<\/p>\n<p>Satur A vitam\u012bnu. L\u016bgums pirms lieto\u0161anas p\u0101rdom\u0101t savu dienas devu.<\/p>\n","protected":false},"excerpt":{"rendered":"<p>Dienas kr\u0113ms uztur optim\u0101lu \u0101das mitruma l\u012bmeni un nodro\u0161ina aizsardz\u012bbu pret UV starojumu vis\u0101 dienas laik\u0101 (SPF 15). \u2022 Filleris maigi aizpilda grumbi\u0146as un samazina to dzi\u013cumu. \u2022 Mitin\u0101t\u0101ju komplekss uztur un atjauno mitruma l\u012bmeni l\u012bdz 30 stund\u0101m. \u2022 Divu veidu hialuronsk\u0101bei piem\u012bt lieliskas mitrino\u0161as \u012bpa\u0161\u012bbas, t\u0101 uzlabo mikroreljefu un nov\u0113r\u0161 grumbu ra\u0161anos. \u2022 Augu [&#8230;]\n","protected":false},"featured_media":97852,"template":"","meta":[],"product_cat":[1322],"product_tag":[],"class_list":{"0":"post-58779","1":"product","2":"type-product","3":"status-publish","4":"has-post-thumbnail","6":"product_brand-replay_kr","7":"product_cat-veido-kremai","9":"first","10":"instock","11":"taxable","12":"shipping-taxable","13":"product-type-simple"},"_links":{"self":[{"href":"https:\/\/e.kosmolat.eu\/lv\/wp-json\/wp\/v2\/product\/58779","targetHints":{"allow":["GET"]}}],"collection":[{"href":"https:\/\/e.kosmolat.eu\/lv\/wp-json\/wp\/v2\/product"}],"about":[{"href":"https:\/\/e.kosmolat.eu\/lv\/wp-json\/wp\/v2\/types\/product"}],"wp:featuredmedia":[{"embeddable":true,"href":"https:\/\/e.kosmolat.eu\/lv\/wp-json\/wp\/v2\/media\/97852"}],"wp:attachment":[{"href":"https:\/\/e.kosmolat.eu\/lv\/wp-json\/wp\/v2\/media?parent=58779"}],"wp:term":[{"taxonomy":"product_cat","embeddable":true,"href":"https:\/\/e.kosmolat.eu\/lv\/wp-json\/wp\/v2\/product_cat?post=58779"},{"taxonomy":"product_tag","embeddable":true,"href":"https:\/\/e.kosmolat.eu\/lv\/wp-json\/wp\/v2\/product_tag?post=58779"}],"curies":[{"name":"wp","href":"https:\/\/api.w.org\/{rel}","templated":true}]}}