{"id":58763,"date":"2024-11-09T05:06:49","date_gmt":"2024-11-09T05:06:49","guid":{"rendered":"https:\/\/e.kosmolat.eu\/product\/systema-uc-protect-zobu-pasta-maxi-cool-90-g\/"},"modified":"2026-04-22T12:19:29","modified_gmt":"2026-04-22T12:19:29","slug":"systema-uc-protect-zobu-pasta-maxi-cool-90-g","status":"publish","type":"product","link":"https:\/\/e.kosmolat.eu\/lv\/product\/systema-uc-protect-zobu-pasta-maxi-cool-90-g\/","title":{"rendered":"SYSTEMA UC &#038; Protect Zobu pasta Maxi Cool, 90 g"},"content":{"rendered":"<p>Atsvaidzino\u0161a zobu pasta kariesa profilaksei. Pal\u012bdz uztur\u0113t zobu un smaganu vesel\u012bbu, sniedzot t\u012br\u012bbas un svaiguma saj\u016btu.<\/p>\n<p>Lieto\u0161ana: uzkl\u0101jiet nelielu zobu pastas daudzumu uz zobu birstes, t\u012briet zobus 2-3 min\u016btes ar ap\u013cveida kust\u012bb\u0101m vismaz divas reizes dien\u0101. <\/p>\n<p>Br\u012bdin\u0101jums: satur n\u0101trija fluor\u012bdu 0,15 %, kas apr\u0113\u0137in\u0101ti k\u0101 F. <\/p>\n<p>B\u0113rniem vecum\u0101 l\u012bdz se\u0161iem gadiem: lietot pastu zir\u0146a lielum\u0101 un t\u012br\u012bt zobus pieaugu\u0161\u0101 uzraudz\u012bb\u0101, lai samazin\u0101tu nor\u012b\u0161anas iesp\u0113ju. Ja lietojat citus fluoru saturo\u0161us l\u012bdzek\u013cus, konsult\u0113jieties ar zob\u0101rstu vai \u0101rstu.<\/p>\n<p>Uzglab\u0101t temperat\u016br\u0101 no +5 \u00b0\u0421 l\u012bdz +25 \u00b0\u0421.<\/p>\n","protected":false},"excerpt":{"rendered":"<p>Atsvaidzino\u0161a zobu pasta kariesa profilaksei. Pal\u012bdz uztur\u0113t zobu un smaganu vesel\u012bbu, sniedzot t\u012br\u012bbas un svaiguma saj\u016btu. Lieto\u0161ana: uzkl\u0101jiet nelielu zobu pastas daudzumu uz zobu birstes, t\u012briet zobus 2-3 min\u016btes ar ap\u013cveida kust\u012bb\u0101m vismaz divas reizes dien\u0101. Br\u012bdin\u0101jums: satur n\u0101trija fluor\u012bdu 0,15 %, kas apr\u0113\u0137in\u0101ti k\u0101 F. B\u0113rniem vecum\u0101 l\u012bdz se\u0161iem gadiem: lietot pastu zir\u0146a lielum\u0101 [&#8230;]\n","protected":false},"featured_media":97844,"template":"","meta":[],"product_cat":[1999],"product_tag":[],"class_list":{"0":"post-58763","1":"product","2":"type-product","3":"status-publish","4":"has-post-thumbnail","6":"product_brand-replay_kr","7":"product_cat-bez-kategorijas","9":"first","10":"instock","11":"taxable","12":"shipping-taxable","13":"product-type-simple"},"_links":{"self":[{"href":"https:\/\/e.kosmolat.eu\/lv\/wp-json\/wp\/v2\/product\/58763","targetHints":{"allow":["GET"]}}],"collection":[{"href":"https:\/\/e.kosmolat.eu\/lv\/wp-json\/wp\/v2\/product"}],"about":[{"href":"https:\/\/e.kosmolat.eu\/lv\/wp-json\/wp\/v2\/types\/product"}],"wp:featuredmedia":[{"embeddable":true,"href":"https:\/\/e.kosmolat.eu\/lv\/wp-json\/wp\/v2\/media\/97844"}],"wp:attachment":[{"href":"https:\/\/e.kosmolat.eu\/lv\/wp-json\/wp\/v2\/media?parent=58763"}],"wp:term":[{"taxonomy":"product_cat","embeddable":true,"href":"https:\/\/e.kosmolat.eu\/lv\/wp-json\/wp\/v2\/product_cat?post=58763"},{"taxonomy":"product_tag","embeddable":true,"href":"https:\/\/e.kosmolat.eu\/lv\/wp-json\/wp\/v2\/product_tag?post=58763"}],"curies":[{"name":"wp","href":"https:\/\/api.w.org\/{rel}","templated":true}]}}