{"id":58747,"date":"2024-11-09T05:06:10","date_gmt":"2024-11-09T05:06:10","guid":{"rendered":"https:\/\/e.kosmolat.eu\/product\/salz-original-zobu-pasta-ar-hiperton-sali-40-g\/"},"modified":"2025-10-07T15:11:21","modified_gmt":"2025-10-07T15:11:21","slug":"i_salz-original-zobu-pasta-ar-hiperton-sali-40-g","status":"publish","type":"product","link":"https:\/\/e.kosmolat.eu\/lv\/product\/i_salz-original-zobu-pasta-ar-hiperton-sali-40-g\/","title":{"rendered":"I_SALZ Original Zobu pasta ar hiperton. s\u0101li, 40 g"},"content":{"rendered":"<p>Efekt\u012bvi att\u012bra zobus un mutes dobumu, aizsarg\u0101 pret kariesu un balina zobus. Hipertoniskais s\u0101ls, koenz\u012bms Q10 un fluor\u012bds samazina bakt\u0113riju skaitu, uzlabo emaljas st\u0101vokli. Zobu pasta saglab\u0101 elpas svaigumu un tai ir pat\u012bkama piparm\u0113tru gar\u0161a.<\/p>\n<p>Lieto\u0161ana: uzkl\u0101jiet nelielu zobu pastas daudzumu uz zobu birstes, t\u012briet zobus 2-3 min\u016btes ar ap\u013cveida kust\u012bb\u0101m vismaz divas reizes dien\u0101. <\/p>\n<p>Br\u012bdin\u0101jums: satur n\u0101trija fluor\u012bdu 0,12 %, kas apr\u0113\u0137in\u0101ti k\u0101 F. <\/p>\n<p>B\u0113rniem vecum\u0101 l\u012bdz se\u0161iem gadiem: lietot pastu zir\u0146a lielum\u0101 un t\u012br\u012bt zobus pieaugu\u0161\u0101 uzraudz\u012bb\u0101, lai samazin\u0101tu nor\u012b\u0161anas iesp\u0113ju. Ja lietojat citus fluoru saturo\u0161us l\u012bdzek\u013cus, konsult\u0113jieties ar zob\u0101rstu vai \u0101rstu.<\/p>\n<p>Uzglab\u0101t temperat\u016br\u0101 no +5 \u00b0\u0421 l\u012bdz +25 \u00b0\u0421.<\/p>\n","protected":false},"excerpt":{"rendered":"<p>Efekt\u012bvi att\u012bra zobus un mutes dobumu, aizsarg\u0101 pret kariesu un balina zobus. Hipertoniskais s\u0101ls, koenz\u012bms Q10 un fluor\u012bds samazina bakt\u0113riju skaitu, uzlabo emaljas st\u0101vokli. Zobu pasta saglab\u0101 elpas svaigumu un tai ir pat\u012bkama piparm\u0113tru gar\u0161a. Lieto\u0161ana: uzkl\u0101jiet nelielu zobu pastas daudzumu uz zobu birstes, t\u012briet zobus 2-3 min\u016btes ar ap\u013cveida kust\u012bb\u0101m vismaz divas reizes dien\u0101. [&#8230;]\n","protected":false},"featured_media":97836,"template":"","meta":[],"product_cat":[1309],"product_tag":[],"class_list":{"0":"post-58747","1":"product","2":"type-product","3":"status-publish","4":"has-post-thumbnail","6":"product_brand-replay_kr","7":"product_cat-1309","9":"first","10":"outofstock","11":"taxable","12":"shipping-taxable","13":"product-type-simple"},"_links":{"self":[{"href":"https:\/\/e.kosmolat.eu\/lv\/wp-json\/wp\/v2\/product\/58747","targetHints":{"allow":["GET"]}}],"collection":[{"href":"https:\/\/e.kosmolat.eu\/lv\/wp-json\/wp\/v2\/product"}],"about":[{"href":"https:\/\/e.kosmolat.eu\/lv\/wp-json\/wp\/v2\/types\/product"}],"wp:featuredmedia":[{"embeddable":true,"href":"https:\/\/e.kosmolat.eu\/lv\/wp-json\/wp\/v2\/media\/97836"}],"wp:attachment":[{"href":"https:\/\/e.kosmolat.eu\/lv\/wp-json\/wp\/v2\/media?parent=58747"}],"wp:term":[{"taxonomy":"product_cat","embeddable":true,"href":"https:\/\/e.kosmolat.eu\/lv\/wp-json\/wp\/v2\/product_cat?post=58747"},{"taxonomy":"product_tag","embeddable":true,"href":"https:\/\/e.kosmolat.eu\/lv\/wp-json\/wp\/v2\/product_tag?post=58747"}],"curies":[{"name":"wp","href":"https:\/\/api.w.org\/{rel}","templated":true}]}}