{"id":58739,"date":"2024-11-09T05:05:54","date_gmt":"2024-11-09T05:05:54","guid":{"rendered":"https:\/\/e.kosmolat.eu\/product\/salz-fresh-japanese-mint-zobu-pasta-ar-hipertonisko-sali-40-g\/"},"modified":"2025-11-19T07:17:25","modified_gmt":"2025-11-19T07:17:25","slug":"i_salz-fresh-japanese-mint-zobu-pasta-ar-hipertonisko-sali-40-g","status":"publish","type":"product","link":"https:\/\/e.kosmolat.eu\/lv\/product\/i_salz-fresh-japanese-mint-zobu-pasta-ar-hipertonisko-sali-40-g\/","title":{"rendered":"I_SALZ Fresh Japanese Mint Zobu pasta ar hipertonisko s\u0101li, 40 g"},"content":{"rendered":"<p>Atsvaidzino\u0161a zobu pasta nodro\u0161ina kompleksu aizsardz\u012bbu mutes dobuma vesel\u012bbai. Akt\u012bv\u0101s sast\u0101vda\u013cas \u2014 hipertoniskais s\u0101ls, koenz\u012bms Q10 un fluor\u012bds \u2014 nov\u0113r\u0161 nepat\u012bkamo elpu, stiprina smaganas un aizsarg\u0101 zobus. Koenz\u012bms Q10 ir antioksidants, kas aizsarg\u0101 mutes dobumu un smaganas, savuk\u0101rt hipertoniskais s\u0101ls samazina bakt\u0113riju daudzumu. Fluors nov\u0113r\u0161 kariesu un uzlabo emaljas st\u0101vokli. Zobu pasta atsvaidzina elpu un tai piem\u012bt pat\u012bkams piparm\u0113tru arom\u0101ts.<\/p>\n<p>Lieto\u0161ana: uzkl\u0101jiet nelielu zobu pastas daudzumu uz zobu birstes, t\u012briet zobus 2-3 min\u016btes ar ap\u013cveida kust\u012bb\u0101m vismaz divas reizes dien\u0101. <\/p>\n<p>Br\u012bdin\u0101jums: satur n\u0101trija fluor\u012bdu 0,12 %, kas apr\u0113\u0137in\u0101ti k\u0101 F. <\/p>\n<p>B\u0113rniem vecum\u0101 l\u012bdz se\u0161iem gadiem: lietot pastu zir\u0146a lielum\u0101 un t\u012br\u012bt zobus pieaugu\u0161\u0101 uzraudz\u012bb\u0101, lai samazin\u0101tu nor\u012b\u0161anas iesp\u0113ju. Ja lietojat citus fluoru saturo\u0161us l\u012bdzek\u013cus, konsult\u0113jieties ar zob\u0101rstu vai \u0101rstu.<\/p>\n<p>Uzglab\u0101t temperat\u016br\u0101 no +5 \u00b0\u0421 l\u012bdz +25 \u00b0\u0421.<\/p>\n","protected":false},"excerpt":{"rendered":"<p>Atsvaidzino\u0161a zobu pasta nodro\u0161ina kompleksu aizsardz\u012bbu mutes dobuma vesel\u012bbai. Akt\u012bv\u0101s sast\u0101vda\u013cas \u2014 hipertoniskais s\u0101ls, koenz\u012bms Q10 un fluor\u012bds \u2014 nov\u0113r\u0161 nepat\u012bkamo elpu, stiprina smaganas un aizsarg\u0101 zobus. Koenz\u012bms Q10 ir antioksidants, kas aizsarg\u0101 mutes dobumu un smaganas, savuk\u0101rt hipertoniskais s\u0101ls samazina bakt\u0113riju daudzumu. Fluors nov\u0113r\u0161 kariesu un uzlabo emaljas st\u0101vokli. Zobu pasta atsvaidzina elpu un [&#8230;]\n","protected":false},"featured_media":97832,"template":"","meta":[],"product_cat":[1308],"product_tag":[],"class_list":{"0":"post-58739","1":"product","2":"type-product","3":"status-publish","4":"has-post-thumbnail","6":"product_brand-replay_kr","7":"product_cat-dantu-pastos-ir-geliai","9":"first","10":"outofstock","11":"taxable","12":"shipping-taxable","13":"product-type-simple"},"_links":{"self":[{"href":"https:\/\/e.kosmolat.eu\/lv\/wp-json\/wp\/v2\/product\/58739","targetHints":{"allow":["GET"]}}],"collection":[{"href":"https:\/\/e.kosmolat.eu\/lv\/wp-json\/wp\/v2\/product"}],"about":[{"href":"https:\/\/e.kosmolat.eu\/lv\/wp-json\/wp\/v2\/types\/product"}],"wp:featuredmedia":[{"embeddable":true,"href":"https:\/\/e.kosmolat.eu\/lv\/wp-json\/wp\/v2\/media\/97832"}],"wp:attachment":[{"href":"https:\/\/e.kosmolat.eu\/lv\/wp-json\/wp\/v2\/media?parent=58739"}],"wp:term":[{"taxonomy":"product_cat","embeddable":true,"href":"https:\/\/e.kosmolat.eu\/lv\/wp-json\/wp\/v2\/product_cat?post=58739"},{"taxonomy":"product_tag","embeddable":true,"href":"https:\/\/e.kosmolat.eu\/lv\/wp-json\/wp\/v2\/product_tag?post=58739"}],"curies":[{"name":"wp","href":"https:\/\/api.w.org\/{rel}","templated":true}]}}