{"id":58723,"date":"2024-11-09T05:05:17","date_gmt":"2024-11-09T05:05:17","guid":{"rendered":"https:\/\/e.kosmolat.eu\/product\/hc-krems-balz-papeza-piesim-un-podagr-pedas-kaul-10-g-5\/"},"modified":"2026-04-01T12:52:06","modified_gmt":"2026-04-01T12:52:06","slug":"hc-krems-balz-papeza-piesim-un-podagr-pedas-kaul-10-g-5","status":"publish","type":"product","link":"https:\/\/e.kosmolat.eu\/lv\/product\/hc-krems-balz-papeza-piesim-un-podagr-pedas-kaul-10-g-5\/","title":{"rendered":"HC Kr\u0113ms-balz. pap\u0113\u017ea piesim un podagr. p\u0113das kaul., 10 g+\/-5%"},"content":{"rendered":"<p>Efekt\u012bvs l\u012bdzeklis uz dab\u012bgo \u0113terisko e\u013c\u013cu un augu ekstraktu pamata. Uzlabo p\u0113du st\u0101vokli, m\u012bkstina un nomierina \u0101du.<\/p>\n<p>Lieto\u0161ana: uzkl\u0101t uz problem\u0101tiskaj\u0101m p\u0113du viet\u0101m. Lai nodro\u0161in\u0101tu ilgsto\u0161u efektu, ieteicams uzvilkt ze\u0137es p\u0113c kr\u0113ma-balzama uzkl\u0101\u0161anas. Nav \u0101rstniecisks l\u012bdzeklis.<\/p>\n<p>Uzglab\u0101t saus\u0101 viet\u0101, temperat\u016br\u0101 no 0 \u00b0\u0421 l\u012bdz +25 \u00b0\u0421.<\/p>\n<p>Der\u012bguma termi\u0146\u0161: 3 gadi.<\/p>\n","protected":false},"excerpt":{"rendered":"<p>Efekt\u012bvs l\u012bdzeklis uz dab\u012bgo \u0113terisko e\u013c\u013cu un augu ekstraktu pamata. Uzlabo p\u0113du st\u0101vokli, m\u012bkstina un nomierina \u0101du. Lieto\u0161ana: uzkl\u0101t uz problem\u0101tiskaj\u0101m p\u0113du viet\u0101m. Lai nodro\u0161in\u0101tu ilgsto\u0161u efektu, ieteicams uzvilkt ze\u0137es p\u0113c kr\u0113ma-balzama uzkl\u0101\u0161anas. Nav \u0101rstniecisks l\u012bdzeklis. Uzglab\u0101t saus\u0101 viet\u0101, temperat\u016br\u0101 no 0 \u00b0\u0421 l\u012bdz +25 \u00b0\u0421. Der\u012bguma termi\u0146\u0161: 3 gadi.<\/p>\n","protected":false},"featured_media":100376,"template":"","meta":[],"product_cat":[1999],"product_tag":[],"class_list":{"0":"post-58723","1":"product","2":"type-product","3":"status-publish","4":"has-post-thumbnail","6":"product_brand-healer-cosmetics_ua","7":"product_cat-bez-kategorijas","9":"first","10":"instock","11":"taxable","12":"shipping-taxable","13":"product-type-simple"},"_links":{"self":[{"href":"https:\/\/e.kosmolat.eu\/lv\/wp-json\/wp\/v2\/product\/58723","targetHints":{"allow":["GET"]}}],"collection":[{"href":"https:\/\/e.kosmolat.eu\/lv\/wp-json\/wp\/v2\/product"}],"about":[{"href":"https:\/\/e.kosmolat.eu\/lv\/wp-json\/wp\/v2\/types\/product"}],"wp:featuredmedia":[{"embeddable":true,"href":"https:\/\/e.kosmolat.eu\/lv\/wp-json\/wp\/v2\/media\/100376"}],"wp:attachment":[{"href":"https:\/\/e.kosmolat.eu\/lv\/wp-json\/wp\/v2\/media?parent=58723"}],"wp:term":[{"taxonomy":"product_cat","embeddable":true,"href":"https:\/\/e.kosmolat.eu\/lv\/wp-json\/wp\/v2\/product_cat?post=58723"},{"taxonomy":"product_tag","embeddable":true,"href":"https:\/\/e.kosmolat.eu\/lv\/wp-json\/wp\/v2\/product_tag?post=58723"}],"curies":[{"name":"wp","href":"https:\/\/api.w.org\/{rel}","templated":true}]}}