{"id":58715,"date":"2024-11-09T05:05:00","date_gmt":"2024-11-09T05:05:00","guid":{"rendered":"https:\/\/e.kosmolat.eu\/product\/hc-krems-balz-kajam-antiperspirants-10-g-5\/"},"modified":"2026-04-10T06:47:16","modified_gmt":"2026-04-10T06:47:16","slug":"hc-krems-balz-kajam-antiperspirants-10-g-5","status":"publish","type":"product","link":"https:\/\/e.kosmolat.eu\/lv\/product\/hc-krems-balz-kajam-antiperspirants-10-g-5\/","title":{"rendered":"HC Kr\u0113ms-balz. k\u0101j\u0101m (antiperspirants), 10 g+\/-5%"},"content":{"rendered":"<p>Unik\u0101l\u0101 antiperspiranta formula \u013cauj to izmantot k\u0101 l\u012bdzekli ikdienas p\u0113du \u0101das kop\u0161anai, k\u0101 ar\u012b s\u0113n\u012b\u0161u profilaksei.<\/p>\n<p>Lieto\u0161ana: uzkl\u0101t nelielu kr\u0113ma-balzama daudzumu uz att\u012br\u012btas p\u0113du \u0101das. Lai sasniegtu lab\u0101ku efektu, ieteicams uzvilkt kokvilnas ze\u0137es. L\u012bdzek\u013ca iedarb\u012bba saglab\u0101jas 24 stundas. Nav \u0101rstniecisks l\u012bdzeklis.<\/p>\n<p>Uzglab\u0101t saus\u0101 viet\u0101, temperat\u016br\u0101 no 0 \u00b0\u0421 l\u012bdz +25 \u00b0\u0421.<\/p>\n<p>Der\u012bguma termi\u0146\u0161: 3 gadi.<\/p>\n","protected":false},"excerpt":{"rendered":"<p>Unik\u0101l\u0101 antiperspiranta formula \u013cauj to izmantot k\u0101 l\u012bdzekli ikdienas p\u0113du \u0101das kop\u0161anai, k\u0101 ar\u012b s\u0113n\u012b\u0161u profilaksei. Lieto\u0161ana: uzkl\u0101t nelielu kr\u0113ma-balzama daudzumu uz att\u012br\u012btas p\u0113du \u0101das. Lai sasniegtu lab\u0101ku efektu, ieteicams uzvilkt kokvilnas ze\u0137es. L\u012bdzek\u013ca iedarb\u012bba saglab\u0101jas 24 stundas. Nav \u0101rstniecisks l\u012bdzeklis. Uzglab\u0101t saus\u0101 viet\u0101, temperat\u016br\u0101 no 0 \u00b0\u0421 l\u012bdz +25 \u00b0\u0421. Der\u012bguma termi\u0146\u0161: 3 gadi.<\/p>\n","protected":false},"featured_media":106820,"template":"","meta":[],"product_cat":[1761],"product_tag":[],"class_list":{"0":"post-58715","1":"product","2":"type-product","3":"status-publish","4":"has-post-thumbnail","6":"product_brand-healer-cosmetics_ua","7":"product_cat-kaju-kopsanas-kosmetika","9":"first","10":"instock","11":"taxable","12":"shipping-taxable","13":"product-type-simple"},"_links":{"self":[{"href":"https:\/\/e.kosmolat.eu\/lv\/wp-json\/wp\/v2\/product\/58715","targetHints":{"allow":["GET"]}}],"collection":[{"href":"https:\/\/e.kosmolat.eu\/lv\/wp-json\/wp\/v2\/product"}],"about":[{"href":"https:\/\/e.kosmolat.eu\/lv\/wp-json\/wp\/v2\/types\/product"}],"wp:featuredmedia":[{"embeddable":true,"href":"https:\/\/e.kosmolat.eu\/lv\/wp-json\/wp\/v2\/media\/106820"}],"wp:attachment":[{"href":"https:\/\/e.kosmolat.eu\/lv\/wp-json\/wp\/v2\/media?parent=58715"}],"wp:term":[{"taxonomy":"product_cat","embeddable":true,"href":"https:\/\/e.kosmolat.eu\/lv\/wp-json\/wp\/v2\/product_cat?post=58715"},{"taxonomy":"product_tag","embeddable":true,"href":"https:\/\/e.kosmolat.eu\/lv\/wp-json\/wp\/v2\/product_tag?post=58715"}],"curies":[{"name":"wp","href":"https:\/\/api.w.org\/{rel}","templated":true}]}}