{"id":58707,"date":"2024-11-09T05:04:44","date_gmt":"2024-11-09T05:04:44","guid":{"rendered":"https:\/\/e.kosmolat.eu\/product\/hc-krems-balzams-stop-svisana-10-g-5\/"},"modified":"2026-03-29T05:43:43","modified_gmt":"2026-03-29T05:43:43","slug":"hc-krems-balzams-stop-svisana-10-g-5","status":"publish","type":"product","link":"https:\/\/e.kosmolat.eu\/lv\/product\/hc-krems-balzams-stop-svisana-10-g-5\/","title":{"rendered":"HC Kr\u0113ms-balzams Stop-Sv\u012b\u0161ana, 10 g+\/-5%"},"content":{"rendered":"<p>Unik\u0101l\u0101 kr\u0113ma-balzama formula \u013cauj to izmantot k\u0101 l\u012bdzekli ikdienas \u0101das kop\u0161anai. Akt\u012bv\u0101s sast\u0101vda\u013cas samazina sv\u012b\u0161anu un nodro\u0161ina dezodor\u0113jo\u0161u efektu.<\/p>\n<p>Lieto\u0161ana: uzkl\u0101jiet nelielu kr\u0113ma-balzama daudzumu uz t\u012bras \u0101das uz problem\u0101tiskaj\u0101m viet\u0101m un \u013caujiet tam ies\u016bkties. Nav \u0101rstniecisks l\u012bdzeklis.<\/p>\n<p>Uzglab\u0101t saus\u0101 viet\u0101, temperat\u016br\u0101 no 0 \u00b0\u0421 l\u012bdz +25 \u00b0\u0421.<\/p>\n<p>Der\u012bguma termi\u0146\u0161: 3 gadi.<\/p>\n","protected":false},"excerpt":{"rendered":"<p>Unik\u0101l\u0101 kr\u0113ma-balzama formula \u013cauj to izmantot k\u0101 l\u012bdzekli ikdienas \u0101das kop\u0161anai. Akt\u012bv\u0101s sast\u0101vda\u013cas samazina sv\u012b\u0161anu un nodro\u0161ina dezodor\u0113jo\u0161u efektu. Lieto\u0161ana: uzkl\u0101jiet nelielu kr\u0113ma-balzama daudzumu uz t\u012bras \u0101das uz problem\u0101tiskaj\u0101m viet\u0101m un \u013caujiet tam ies\u016bkties. Nav \u0101rstniecisks l\u012bdzeklis. Uzglab\u0101t saus\u0101 viet\u0101, temperat\u016br\u0101 no 0 \u00b0\u0421 l\u012bdz +25 \u00b0\u0421. Der\u012bguma termi\u0146\u0161: 3 gadi.<\/p>\n","protected":false},"featured_media":97672,"template":"","meta":[],"product_cat":[1999],"product_tag":[],"class_list":{"0":"post-58707","1":"product","2":"type-product","3":"status-publish","4":"has-post-thumbnail","6":"product_brand-healer-cosmetics_ua","7":"product_cat-bez-kategorijas","9":"first","10":"outofstock","11":"taxable","12":"shipping-taxable","13":"product-type-simple"},"_links":{"self":[{"href":"https:\/\/e.kosmolat.eu\/lv\/wp-json\/wp\/v2\/product\/58707","targetHints":{"allow":["GET"]}}],"collection":[{"href":"https:\/\/e.kosmolat.eu\/lv\/wp-json\/wp\/v2\/product"}],"about":[{"href":"https:\/\/e.kosmolat.eu\/lv\/wp-json\/wp\/v2\/types\/product"}],"wp:featuredmedia":[{"embeddable":true,"href":"https:\/\/e.kosmolat.eu\/lv\/wp-json\/wp\/v2\/media\/97672"}],"wp:attachment":[{"href":"https:\/\/e.kosmolat.eu\/lv\/wp-json\/wp\/v2\/media?parent=58707"}],"wp:term":[{"taxonomy":"product_cat","embeddable":true,"href":"https:\/\/e.kosmolat.eu\/lv\/wp-json\/wp\/v2\/product_cat?post=58707"},{"taxonomy":"product_tag","embeddable":true,"href":"https:\/\/e.kosmolat.eu\/lv\/wp-json\/wp\/v2\/product_tag?post=58707"}],"curies":[{"name":"wp","href":"https:\/\/api.w.org\/{rel}","templated":true}]}}