{"id":58699,"date":"2024-11-09T05:04:26","date_gmt":"2024-11-09T05:04:26","guid":{"rendered":"https:\/\/e.kosmolat.eu\/product\/hc-krems-balzams-pret-izsit-un-pinnem-10-ml\/"},"modified":"2026-04-23T07:14:39","modified_gmt":"2026-04-23T07:14:39","slug":"hc-krems-balzams-pret-izsit-un-pinnem-10-ml","status":"publish","type":"product","link":"https:\/\/e.kosmolat.eu\/lv\/product\/hc-krems-balzams-pret-izsit-un-pinnem-10-ml\/","title":{"rendered":"HC Kr\u0113ms-balzams pret izsit. un pinn\u0113m, 10 ml"},"content":{"rendered":"<p>Lieto\u0161ana: uzkl\u0101t uz iepriek\u0161 att\u012br\u012btas \u0101das viet\u0101m, kas ir pak\u013cautas izsitumiem.<\/p>\n<p>Uzglab\u0101t temperat\u016br\u0101 no +5 \u00b0\u0421 l\u012bdz +25 \u00b0\u0421.<\/p>\n","protected":false},"excerpt":{"rendered":"<p>Lieto\u0161ana: uzkl\u0101t uz iepriek\u0161 att\u012br\u012btas \u0101das viet\u0101m, kas ir pak\u013cautas izsitumiem. Uzglab\u0101t temperat\u016br\u0101 no +5 \u00b0\u0421 l\u012bdz +25 \u00b0\u0421.<\/p>\n","protected":false},"featured_media":100452,"template":"","meta":[],"product_cat":[1322],"product_tag":[],"class_list":{"0":"post-58699","1":"product","2":"type-product","3":"status-publish","4":"has-post-thumbnail","6":"product_brand-healer-cosmetics_ua","7":"product_cat-veido-kremai","9":"first","10":"instock","11":"taxable","12":"shipping-taxable","13":"product-type-simple"},"_links":{"self":[{"href":"https:\/\/e.kosmolat.eu\/lv\/wp-json\/wp\/v2\/product\/58699","targetHints":{"allow":["GET"]}}],"collection":[{"href":"https:\/\/e.kosmolat.eu\/lv\/wp-json\/wp\/v2\/product"}],"about":[{"href":"https:\/\/e.kosmolat.eu\/lv\/wp-json\/wp\/v2\/types\/product"}],"wp:featuredmedia":[{"embeddable":true,"href":"https:\/\/e.kosmolat.eu\/lv\/wp-json\/wp\/v2\/media\/100452"}],"wp:attachment":[{"href":"https:\/\/e.kosmolat.eu\/lv\/wp-json\/wp\/v2\/media?parent=58699"}],"wp:term":[{"taxonomy":"product_cat","embeddable":true,"href":"https:\/\/e.kosmolat.eu\/lv\/wp-json\/wp\/v2\/product_cat?post=58699"},{"taxonomy":"product_tag","embeddable":true,"href":"https:\/\/e.kosmolat.eu\/lv\/wp-json\/wp\/v2\/product_tag?post=58699"}],"curies":[{"name":"wp","href":"https:\/\/api.w.org\/{rel}","templated":true}]}}