{"id":58691,"date":"2024-11-09T05:04:09","date_gmt":"2024-11-09T05:04:09","guid":{"rendered":"https:\/\/e.kosmolat.eu\/product\/hc-kosmetiskais-krems-vazelins-lupam-zemenu-10-ml\/"},"modified":"2026-04-22T11:01:22","modified_gmt":"2026-04-22T11:01:22","slug":"hc-kosmetiskais-krems-vazelins-lupam-zemenu-10-ml","status":"publish","type":"product","link":"https:\/\/e.kosmolat.eu\/lv\/product\/hc-kosmetiskais-krems-vazelins-lupam-zemenu-10-ml\/","title":{"rendered":"HC Kosm\u0113tiskais kr\u0113ms-vazel\u012bns l\u016bp\u0101m Zeme\u0146u, 10 ml"},"content":{"rendered":"<p>Neaizvietojams l\u012bdzeklis jut\u012bgas l\u016bpu \u0101das kop\u0161anai. M\u012bkstina l\u016bpas un veido aizsargbarjeru pret apk\u0101rt\u0113j\u0101s vides ietekmi.<\/p>\n","protected":false},"excerpt":{"rendered":"<p>Neaizvietojams l\u012bdzeklis jut\u012bgas l\u016bpu \u0101das kop\u0161anai. M\u012bkstina l\u016bpas un veido aizsargbarjeru pret apk\u0101rt\u0113j\u0101s vides ietekmi.<\/p>\n","protected":false},"featured_media":100889,"template":"","meta":[],"product_cat":[1386],"product_tag":[],"class_list":{"0":"post-58691","1":"product","2":"type-product","3":"status-publish","4":"has-post-thumbnail","6":"product_brand-healer-cosmetics_ua","7":"product_cat-lupu-balzamas","9":"first","10":"instock","11":"taxable","12":"shipping-taxable","13":"product-type-simple"},"_links":{"self":[{"href":"https:\/\/e.kosmolat.eu\/lv\/wp-json\/wp\/v2\/product\/58691","targetHints":{"allow":["GET"]}}],"collection":[{"href":"https:\/\/e.kosmolat.eu\/lv\/wp-json\/wp\/v2\/product"}],"about":[{"href":"https:\/\/e.kosmolat.eu\/lv\/wp-json\/wp\/v2\/types\/product"}],"wp:featuredmedia":[{"embeddable":true,"href":"https:\/\/e.kosmolat.eu\/lv\/wp-json\/wp\/v2\/media\/100889"}],"wp:attachment":[{"href":"https:\/\/e.kosmolat.eu\/lv\/wp-json\/wp\/v2\/media?parent=58691"}],"wp:term":[{"taxonomy":"product_cat","embeddable":true,"href":"https:\/\/e.kosmolat.eu\/lv\/wp-json\/wp\/v2\/product_cat?post=58691"},{"taxonomy":"product_tag","embeddable":true,"href":"https:\/\/e.kosmolat.eu\/lv\/wp-json\/wp\/v2\/product_tag?post=58691"}],"curies":[{"name":"wp","href":"https:\/\/api.w.org\/{rel}","templated":true}]}}