{"id":58651,"date":"2024-11-09T05:02:43","date_gmt":"2024-11-09T05:02:43","guid":{"rendered":"https:\/\/e.kosmolat.eu\/product\/dentogin-zobu-pulveris-ipasais-piparm-apels-75-g\/"},"modified":"2026-04-09T07:48:12","modified_gmt":"2026-04-09T07:48:12","slug":"dentogin-zobu-pulveris-ipasais-piparm-apels-75-g","status":"publish","type":"product","link":"https:\/\/e.kosmolat.eu\/lv\/product\/dentogin-zobu-pulveris-ipasais-piparm-apels-75-g\/","title":{"rendered":"DENTOGIN Zobu pulveris \u012apa\u0161ais Piparm. + Apels., 75 g"},"content":{"rendered":"<p>No\u0146em zobu aplikumu, atsvaidzina elpu un veicina emaljas balin\u0101\u0161anu. Lieto\u0161ana: uzkl\u0101t pulveri uz ar \u016bdeni samitrin\u0101tas zobu birstes, izt\u012br\u012bt zobu emalju un izskalot muti ar \u016bdeni. Nenor\u012bt!  Kontrindik\u0101cijas: individu\u0101la produkta sast\u0101vda\u013cu nepanesam\u012bba. <\/p>\n<p>Uzglab\u0101t temperat\u016br\u0101 no +5 \u00b0C l\u012bdz +25 \u00b0C, sarg\u0101jot no tie\u0161iem saules stariem. Uzglab\u0101t b\u0113rniem nepieejam\u0101 viet\u0101. <\/p>\n<p>Der\u012bguma termi\u0146\u0161: 24 m\u0113ne\u0161i no izgatavo\u0161anas datuma.<\/p>\n","protected":false},"excerpt":{"rendered":"<p>No\u0146em zobu aplikumu, atsvaidzina elpu un veicina emaljas balin\u0101\u0161anu. Lieto\u0161ana: uzkl\u0101t pulveri uz ar \u016bdeni samitrin\u0101tas zobu birstes, izt\u012br\u012bt zobu emalju un izskalot muti ar \u016bdeni. Nenor\u012bt! Kontrindik\u0101cijas: individu\u0101la produkta sast\u0101vda\u013cu nepanesam\u012bba. Uzglab\u0101t temperat\u016br\u0101 no +5 \u00b0C l\u012bdz +25 \u00b0C, sarg\u0101jot no tie\u0161iem saules stariem. Uzglab\u0101t b\u0113rniem nepieejam\u0101 viet\u0101. Der\u012bguma termi\u0146\u0161: 24 m\u0113ne\u0161i no izgatavo\u0161anas [&#8230;]\n","protected":false},"featured_media":99686,"template":"","meta":[],"product_cat":[1775],"product_tag":[],"class_list":{"0":"post-58651","1":"product","2":"type-product","3":"status-publish","4":"has-post-thumbnail","6":"product_brand-naturpro_ua","7":"product_cat-zobu-pulveri","9":"first","10":"instock","11":"taxable","12":"shipping-taxable","13":"product-type-simple"},"_links":{"self":[{"href":"https:\/\/e.kosmolat.eu\/lv\/wp-json\/wp\/v2\/product\/58651","targetHints":{"allow":["GET"]}}],"collection":[{"href":"https:\/\/e.kosmolat.eu\/lv\/wp-json\/wp\/v2\/product"}],"about":[{"href":"https:\/\/e.kosmolat.eu\/lv\/wp-json\/wp\/v2\/types\/product"}],"wp:featuredmedia":[{"embeddable":true,"href":"https:\/\/e.kosmolat.eu\/lv\/wp-json\/wp\/v2\/media\/99686"}],"wp:attachment":[{"href":"https:\/\/e.kosmolat.eu\/lv\/wp-json\/wp\/v2\/media?parent=58651"}],"wp:term":[{"taxonomy":"product_cat","embeddable":true,"href":"https:\/\/e.kosmolat.eu\/lv\/wp-json\/wp\/v2\/product_cat?post=58651"},{"taxonomy":"product_tag","embeddable":true,"href":"https:\/\/e.kosmolat.eu\/lv\/wp-json\/wp\/v2\/product_tag?post=58651"}],"curies":[{"name":"wp","href":"https:\/\/api.w.org\/{rel}","templated":true}]}}