{"id":58643,"date":"2024-11-09T05:02:29","date_gmt":"2024-11-09T05:02:29","guid":{"rendered":"https:\/\/e.kosmolat.eu\/product\/shik-elixir-mikst-kaju-kr-balz-pret-tulznam-un-plaisam-75-ml\/"},"modified":"2026-04-17T09:43:19","modified_gmt":"2026-04-17T09:43:19","slug":"shik-elixir-mikst-kaju-kr-balz-pret-tulznam-un-plaisam-75-ml","status":"publish","type":"product","link":"https:\/\/e.kosmolat.eu\/lv\/product\/shik-elixir-mikst-kaju-kr-balz-pret-tulznam-un-plaisam-75-ml\/","title":{"rendered":"SHIK Elixir M\u012bkst. k\u0101ju kr.-balz. pret tulzn\u0101m un plais\u0101m, 75 ml"},"content":{"rendered":"<p>K\u0101ju kr\u0113ms-balzams pal\u012bdz risin\u0101t mitruma zuduma probl\u0113mu p\u0113du \u0101d\u0101, aizsarg\u0101 pret sausumu, plais\u0101m, tulzn\u0101m un var\u017eac\u012bm. Kr\u0113ma akt\u012bv\u0101s sast\u0101vda\u013cas \u2014 pantenols un bisabolols \u2014 nomierina, m\u012bkstina un aizsarg\u0101 \u0101du. Kr\u0113ms satur kompleksu ar ur\u012bnvielu, trehalozi un glicer\u012bnu, kas nodro\u0161ina intens\u012bvu mitrin\u0101\u0161anu. \u0160\u012b sviests pa\u0101trina \u0101das atjauno\u0161an\u0101s procesus, nov\u0113r\u0161ot sausumu un lob\u012b\u0161anos. Barojo\u0161s kr\u0113ms ar vieglu, pat\u012bkamu konsistenci nodro\u0161ina t\u016bl\u012bt\u0113ju efektu. Lieliski piem\u0113rots sausai k\u0101ju \u0101dai.<\/p>\n<p>Lieto\u0161ana: ar viegl\u0101m mas\u0113jo\u0161\u0101m kust\u012bb\u0101m uzkl\u0101jiet nelielu kr\u0113ma daudzumu uz t\u012bras, sausas k\u0101ju \u0101das.  <\/p>\n<p>Piesardz\u012bbas pas\u0101kumi: tikai \u0101r\u012bgai lieto\u0161anai. Ja nok\u013c\u016bst ac\u012bs, r\u016bp\u012bgi izskalojiet t\u0101s ar lielu daudzumu teko\u0161a \u016bdens. <\/p>\n<p>Der\u012bguma termi\u0146\u0161: 36 m\u0113ne\u0161i. <\/p>\n<p>Uzglab\u0101t temperat\u016br\u0101 no +5\u00b0C l\u012bdz +25\u00b0C, sarg\u0101jot no tie\u0161iem saules stariem.<\/p>\n","protected":false},"excerpt":{"rendered":"<p>K\u0101ju kr\u0113ms-balzams pal\u012bdz risin\u0101t mitruma zuduma probl\u0113mu p\u0113du \u0101d\u0101, aizsarg\u0101 pret sausumu, plais\u0101m, tulzn\u0101m un var\u017eac\u012bm. Kr\u0113ma akt\u012bv\u0101s sast\u0101vda\u013cas \u2014 pantenols un bisabolols \u2014 nomierina, m\u012bkstina un aizsarg\u0101 \u0101du. Kr\u0113ms satur kompleksu ar ur\u012bnvielu, trehalozi un glicer\u012bnu, kas nodro\u0161ina intens\u012bvu mitrin\u0101\u0161anu. \u0160\u012b sviests pa\u0101trina \u0101das atjauno\u0161an\u0101s procesus, nov\u0113r\u0161ot sausumu un lob\u012b\u0161anos. Barojo\u0161s kr\u0113ms ar vieglu, [&#8230;]\n","protected":false},"featured_media":106960,"template":"","meta":[],"product_cat":[2181],"product_tag":[],"class_list":{"0":"post-58643","1":"product","2":"type-product","3":"status-publish","4":"has-post-thumbnail","6":"product_brand-slobozanskij-milovar_ua","7":"product_cat-bez-kategorijas-lt","9":"first","10":"instock","11":"taxable","12":"shipping-taxable","13":"product-type-simple"},"_links":{"self":[{"href":"https:\/\/e.kosmolat.eu\/lv\/wp-json\/wp\/v2\/product\/58643","targetHints":{"allow":["GET"]}}],"collection":[{"href":"https:\/\/e.kosmolat.eu\/lv\/wp-json\/wp\/v2\/product"}],"about":[{"href":"https:\/\/e.kosmolat.eu\/lv\/wp-json\/wp\/v2\/types\/product"}],"wp:featuredmedia":[{"embeddable":true,"href":"https:\/\/e.kosmolat.eu\/lv\/wp-json\/wp\/v2\/media\/106960"}],"wp:attachment":[{"href":"https:\/\/e.kosmolat.eu\/lv\/wp-json\/wp\/v2\/media?parent=58643"}],"wp:term":[{"taxonomy":"product_cat","embeddable":true,"href":"https:\/\/e.kosmolat.eu\/lv\/wp-json\/wp\/v2\/product_cat?post=58643"},{"taxonomy":"product_tag","embeddable":true,"href":"https:\/\/e.kosmolat.eu\/lv\/wp-json\/wp\/v2\/product_tag?post=58643"}],"curies":[{"name":"wp","href":"https:\/\/api.w.org\/{rel}","templated":true}]}}