{"id":58635,"date":"2024-11-09T05:02:12","date_gmt":"2024-11-09T05:02:12","guid":{"rendered":"https:\/\/e.kosmolat.eu\/product\/doris-hyaluronic-acid-auduma-sejas-maska-25-ml\/"},"modified":"2025-08-14T13:15:13","modified_gmt":"2025-08-14T13:15:13","slug":"i_doris-hyaluronic-acid-auduma-sejas-maska-25-ml","status":"publish","type":"product","link":"https:\/\/e.kosmolat.eu\/lv\/product\/i_doris-hyaluronic-acid-auduma-sejas-maska-25-ml\/","title":{"rendered":"I_DORIS Hyaluronic Acid Auduma sejas maska, 25 ml"},"content":{"rendered":"<p>Auduma sejas maska ar hialuronsk\u0101bi nodro\u0161ina epidermas \u0161\u016bnu mitrin\u0101\u0161anu un aktiviz\u0113 to aizsargfunkcijas, izl\u012bdzina mikroreljefu un nov\u0113r\u0161 ar vecumu saist\u012btas izmai\u0146as. \u0100da k\u013c\u016bst samtaina un elast\u012bga.<\/p>\n<p>Lieto\u0161ana: not\u012briet un nosusiniet sejas \u0101du. Iz\u0146emiet masku no iepakojuma un uzkl\u0101jiet uz sejas \u0101das. Paturiet masku 15-20 min\u016btes, p\u0113c tam uzman\u012bgi no\u0146emiet. Ar maig\u0101m kust\u012bb\u0101m iemas\u0113jiet produkta paliekas \u0101d\u0101. Maska paredz\u0113ta vienai lieto\u0161anas reizei.<\/p>\n<p>Piesardz\u012bbas pas\u0101kumi: Ja rodas izsitumi, piet\u016bkums, nieze vai kairin\u0101jums, p\u0101rtrauciet maskas lieto\u0161anu un konsult\u0113jieties ar dermatologu. Ja iek\u013c\u016bst ac\u012bs, r\u016bp\u012bgi izskalojiet ar \u016bdeni.<\/p>\n<p>Uzglab\u0101t b\u0113rniem nepieejam\u0101 viet\u0101, temperat\u016br\u0101 no +5 \u00b0\u0421 l\u012bdz +25 \u00b0\u0421 sarg\u0101jot no tie\u0161iem saules stariem, siltuma avotiem.<\/p>\n","protected":false},"excerpt":{"rendered":"<p>Auduma sejas maska ar hialuronsk\u0101bi nodro\u0161ina epidermas \u0161\u016bnu mitrin\u0101\u0161anu un aktiviz\u0113 to aizsargfunkcijas, izl\u012bdzina mikroreljefu un nov\u0113r\u0161 ar vecumu saist\u012btas izmai\u0146as. \u0100da k\u013c\u016bst samtaina un elast\u012bga. Lieto\u0161ana: not\u012briet un nosusiniet sejas \u0101du. Iz\u0146emiet masku no iepakojuma un uzkl\u0101jiet uz sejas \u0101das. Paturiet masku 15-20 min\u016btes, p\u0113c tam uzman\u012bgi no\u0146emiet. Ar maig\u0101m kust\u012bb\u0101m iemas\u0113jiet produkta paliekas [&#8230;]\n","protected":false},"featured_media":58639,"template":"","meta":[],"product_cat":[1370],"product_tag":[],"class_list":{"0":"post-58635","1":"product","2":"type-product","3":"status-publish","4":"has-post-thumbnail","6":"product_brand-replay_kr","7":"product_cat-1370","9":"first","10":"outofstock","11":"taxable","12":"shipping-taxable","13":"product-type-simple"},"_links":{"self":[{"href":"https:\/\/e.kosmolat.eu\/lv\/wp-json\/wp\/v2\/product\/58635","targetHints":{"allow":["GET"]}}],"collection":[{"href":"https:\/\/e.kosmolat.eu\/lv\/wp-json\/wp\/v2\/product"}],"about":[{"href":"https:\/\/e.kosmolat.eu\/lv\/wp-json\/wp\/v2\/types\/product"}],"wp:featuredmedia":[{"embeddable":true,"href":"https:\/\/e.kosmolat.eu\/lv\/wp-json\/wp\/v2\/media\/58639"}],"wp:attachment":[{"href":"https:\/\/e.kosmolat.eu\/lv\/wp-json\/wp\/v2\/media?parent=58635"}],"wp:term":[{"taxonomy":"product_cat","embeddable":true,"href":"https:\/\/e.kosmolat.eu\/lv\/wp-json\/wp\/v2\/product_cat?post=58635"},{"taxonomy":"product_tag","embeddable":true,"href":"https:\/\/e.kosmolat.eu\/lv\/wp-json\/wp\/v2\/product_tag?post=58635"}],"curies":[{"name":"wp","href":"https:\/\/api.w.org\/{rel}","templated":true}]}}