{"id":58623,"date":"2024-11-07T05:02:27","date_gmt":"2024-11-07T05:02:27","guid":{"rendered":"https:\/\/e.kosmolat.eu\/product\/%d0%bas%d0%b5%d0%bc-iaeu%d0%b7a%d0%bc-%d0%be%d1%82-%d1%82sg%d1%89c%d0%bd-ae%d1%8f-%d1%81%d1%82%d0%be%d0%bf\/"},"modified":"2026-04-01T12:27:55","modified_gmt":"2026-04-01T12:27:55","slug":"hc-kr-balz-pret-pedu-plaisam-ar-japanas-soforas-ekstraktu-10-g-5","status":"publish","type":"product","link":"https:\/\/e.kosmolat.eu\/lv\/product\/hc-kr-balz-pret-pedu-plaisam-ar-japanas-soforas-ekstraktu-10-g-5\/","title":{"rendered":"HC Kr.-balz. pret p\u0113du plais\u0101m ar Jap\u0101nas soforas ekstraktu, 10 g+\/-5%"},"content":{"rendered":"<p>Kr\u0113ms-balzams, kas izgatavots no dab\u012bg\u0101m sast\u0101vda\u013c\u0101m, pal\u012bdz m\u012bkstin\u0101t saciet\u0113ju\u0161\u0101s \u0101das vietas, nov\u0113rst mikroplaisu veido\u0161anos, k\u0101 ar\u012b normaliz\u0113t epidermas elast\u012bbu un tvirtumu.<\/p>\n<p>Satur A vitam\u012bnu. L\u016bgums pirms lieto\u0161anas p\u0101rdom\u0101t savu dienas devu.<\/p>\n<p>Lieto\u0161ana: uzkl\u0101t kr\u0113mu-balzamu uz t\u012br\u0101m k\u0101j\u0101m un iemas\u0113t to p\u0113du viet\u0101s ar saciet\u0113ju\u0161u vai saplais\u0101ju\u0161u \u0101du. Nav \u0101rstniecisks l\u012bdzeklis.<\/p>\n<p>Uzglab\u0101t saus\u0101 viet\u0101, temperat\u016br\u0101 no 0 \u00b0\u0421 l\u012bdz +25 \u00b0\u0421.<\/p>\n<p>Der\u012bguma termi\u0146\u0161: 3 gadi.<\/p>\n","protected":false},"excerpt":{"rendered":"<p>Kr\u0113ms-balzams, kas izgatavots no dab\u012bg\u0101m sast\u0101vda\u013c\u0101m, pal\u012bdz m\u012bkstin\u0101t saciet\u0113ju\u0161\u0101s \u0101das vietas, nov\u0113rst mikroplaisu veido\u0161anos, k\u0101 ar\u012b normaliz\u0113t epidermas elast\u012bbu un tvirtumu. Satur A vitam\u012bnu. L\u016bgums pirms lieto\u0161anas p\u0101rdom\u0101t savu dienas devu. Lieto\u0161ana: uzkl\u0101t kr\u0113mu-balzamu uz t\u012br\u0101m k\u0101j\u0101m un iemas\u0113t to p\u0113du viet\u0101s ar saciet\u0113ju\u0161u vai saplais\u0101ju\u0161u \u0101du. Nav \u0101rstniecisks l\u012bdzeklis. Uzglab\u0101t saus\u0101 viet\u0101, temperat\u016br\u0101 no [&#8230;]\n","protected":false},"featured_media":102190,"template":"","meta":[],"product_cat":[1761],"product_tag":[],"class_list":{"0":"post-58623","1":"product","2":"type-product","3":"status-publish","4":"has-post-thumbnail","6":"product_brand-healer-cosmetics_ua","7":"product_cat-kaju-kopsanas-kosmetika","9":"first","10":"instock","11":"taxable","12":"shipping-taxable","13":"product-type-simple"},"_links":{"self":[{"href":"https:\/\/e.kosmolat.eu\/lv\/wp-json\/wp\/v2\/product\/58623","targetHints":{"allow":["GET"]}}],"collection":[{"href":"https:\/\/e.kosmolat.eu\/lv\/wp-json\/wp\/v2\/product"}],"about":[{"href":"https:\/\/e.kosmolat.eu\/lv\/wp-json\/wp\/v2\/types\/product"}],"wp:featuredmedia":[{"embeddable":true,"href":"https:\/\/e.kosmolat.eu\/lv\/wp-json\/wp\/v2\/media\/102190"}],"wp:attachment":[{"href":"https:\/\/e.kosmolat.eu\/lv\/wp-json\/wp\/v2\/media?parent=58623"}],"wp:term":[{"taxonomy":"product_cat","embeddable":true,"href":"https:\/\/e.kosmolat.eu\/lv\/wp-json\/wp\/v2\/product_cat?post=58623"},{"taxonomy":"product_tag","embeddable":true,"href":"https:\/\/e.kosmolat.eu\/lv\/wp-json\/wp\/v2\/product_tag?post=58623"}],"curies":[{"name":"wp","href":"https:\/\/api.w.org\/{rel}","templated":true}]}}