{"id":58547,"date":"2024-11-04T10:20:30","date_gmt":"2024-11-04T10:20:30","guid":{"rendered":"https:\/\/e.kosmolat.eu\/?post_type=product&#038;p=58547"},"modified":"2026-01-23T10:51:05","modified_gmt":"2026-01-23T10:51:05","slug":"verpia-collagen-auduma-sejas-maska-ar-kolagena-ekstr-20-ml-x-1","status":"publish","type":"product","link":"https:\/\/e.kosmolat.eu\/lv\/product\/verpia-collagen-auduma-sejas-maska-ar-kolagena-ekstr-20-ml-x-1\/","title":{"rendered":"VERPIA Collagen Auduma sejas maska ar kolag\u0113na ekstr., 20 ml x 1"},"content":{"rendered":"<p>Aizsarg\u0101 un nomierina jut\u012bgu \u0101du, palielina mitruma l\u012bmeni saus\u0101 \u0101d\u0101, mazinot lob\u012b\u0161anos un padarot to mitrin\u0101tu un t\u012bru.<\/p>\n<p>Lieto\u0161ana: att\u012briet un nosusiniet sejas \u0101du. Iz\u0146emiet masku no iepakojuma un uzkl\u0101jiet uz sejas \u0101das, izvairoties no zonas ap ac\u012bm un l\u016bp\u0101m. Paturiet masku 20-30 min\u016btes, p\u0113c tam uzman\u012bgi no\u0146emiet to. Ar maig\u0101m kust\u012bb\u0101m iemas\u0113jiet atliku\u0161o esenci \u0101d\u0101. Maska paredz\u0113ta vienai lieto\u0161anas reizei.<\/p>\n<p>Uzglab\u0101t b\u0113rniem nepieejam\u0101 viet\u0101, temperat\u016br\u0101 no +5 \u00b0\u0421 l\u012bdz +25 \u00b0\u0421 sarg\u0101jot no tie\u0161iem saules stariem un siltuma avotiem.<\/p>\n","protected":false},"excerpt":{"rendered":"<p>Aizsarg\u0101 un nomierina jut\u012bgu \u0101du, palielina mitruma l\u012bmeni saus\u0101 \u0101d\u0101, mazinot lob\u012b\u0161anos un padarot to mitrin\u0101tu un t\u012bru. Lieto\u0161ana: att\u012briet un nosusiniet sejas \u0101du. Iz\u0146emiet masku no iepakojuma un uzkl\u0101jiet uz sejas \u0101das, izvairoties no zonas ap ac\u012bm un l\u016bp\u0101m. Paturiet masku 20-30 min\u016btes, p\u0113c tam uzman\u012bgi no\u0146emiet to. Ar maig\u0101m kust\u012bb\u0101m iemas\u0113jiet atliku\u0161o esenci [&#8230;]\n","protected":false},"featured_media":97880,"template":"","meta":[],"product_cat":[1999],"product_tag":[],"class_list":{"0":"post-58547","1":"product","2":"type-product","3":"status-publish","4":"has-post-thumbnail","6":"product_brand-replay_kr","7":"product_cat-bez-kategorijas","9":"first","10":"outofstock","11":"taxable","12":"shipping-taxable","13":"product-type-simple"},"_links":{"self":[{"href":"https:\/\/e.kosmolat.eu\/lv\/wp-json\/wp\/v2\/product\/58547","targetHints":{"allow":["GET"]}}],"collection":[{"href":"https:\/\/e.kosmolat.eu\/lv\/wp-json\/wp\/v2\/product"}],"about":[{"href":"https:\/\/e.kosmolat.eu\/lv\/wp-json\/wp\/v2\/types\/product"}],"wp:featuredmedia":[{"embeddable":true,"href":"https:\/\/e.kosmolat.eu\/lv\/wp-json\/wp\/v2\/media\/97880"}],"wp:attachment":[{"href":"https:\/\/e.kosmolat.eu\/lv\/wp-json\/wp\/v2\/media?parent=58547"}],"wp:term":[{"taxonomy":"product_cat","embeddable":true,"href":"https:\/\/e.kosmolat.eu\/lv\/wp-json\/wp\/v2\/product_cat?post=58547"},{"taxonomy":"product_tag","embeddable":true,"href":"https:\/\/e.kosmolat.eu\/lv\/wp-json\/wp\/v2\/product_tag?post=58547"}],"curies":[{"name":"wp","href":"https:\/\/api.w.org\/{rel}","templated":true}]}}