{"id":58491,"date":"2024-11-01T07:35:05","date_gmt":"2024-11-01T07:35:05","guid":{"rendered":"https:\/\/e.kosmolat.eu\/product\/za-kaju-krems-pret-varzacim-un-pedu-sacietejumiem-75-ml\/"},"modified":"2026-05-08T21:42:05","modified_gmt":"2026-05-08T21:42:05","slug":"i_gp-krems-raupjai-pedu-adas-kopsanai-75-ml","status":"publish","type":"product","link":"https:\/\/e.kosmolat.eu\/lv\/product\/i_gp-krems-raupjai-pedu-adas-kopsanai-75-ml\/","title":{"rendered":"I_GP Kr\u0113ms raupjai p\u0113du \u0101das kop\u0161anai, 75 ml"},"content":{"rendered":"<p>Satur alfa-hidroksi sk\u0101bes, ciedru e\u013c\u013cu un 10% ur\u012bnvielu.<\/p>\n<p>Lieto\u0161ana: uzkl\u0101t kr\u0113mu uz t\u012br\u0101m, saus\u0101m p\u0113d\u0101m, maigi iemas\u0113t.<\/p>\n<p>Piesardz\u012bbas pas\u0101kumi: paaugstin\u0101ta individu\u0101l\u0101 jut\u012bba pret atsevi\u0161\u0137\u0101m sast\u0101vda\u013c\u0101m. <\/p>\n<p>Uzglab\u0101\u0161anas temperat\u016bra: no +5\u00b0C l\u012bdz +25\u00b0C.<\/p>\n<p>Der\u012bguma termi\u0146\u0161: 30 m\u0113ne\u0161i no izgatavo\u0161anas datuma.<\/p>\n","protected":false},"excerpt":{"rendered":"<p>Satur alfa-hidroksi sk\u0101bes, ciedru e\u013c\u013cu un 10% ur\u012bnvielu. Lieto\u0161ana: uzkl\u0101t kr\u0113mu uz t\u012br\u0101m, saus\u0101m p\u0113d\u0101m, maigi iemas\u0113t. Piesardz\u012bbas pas\u0101kumi: paaugstin\u0101ta individu\u0101l\u0101 jut\u012bba pret atsevi\u0161\u0137\u0101m sast\u0101vda\u013c\u0101m. Uzglab\u0101\u0161anas temperat\u016bra: no +5\u00b0C l\u012bdz +25\u00b0C. Der\u012bguma termi\u0146\u0161: 30 m\u0113ne\u0161i no izgatavo\u0161anas datuma.<\/p>\n","protected":false},"featured_media":79598,"template":"","meta":[],"product_cat":[1762],"product_tag":[],"class_list":{"0":"post-58491","1":"product","2":"type-product","3":"status-publish","4":"has-post-thumbnail","6":"product_brand-elfa_ua","7":"product_cat-1762","9":"first","10":"instock","11":"taxable","12":"shipping-taxable","13":"product-type-simple"},"_links":{"self":[{"href":"https:\/\/e.kosmolat.eu\/lv\/wp-json\/wp\/v2\/product\/58491","targetHints":{"allow":["GET"]}}],"collection":[{"href":"https:\/\/e.kosmolat.eu\/lv\/wp-json\/wp\/v2\/product"}],"about":[{"href":"https:\/\/e.kosmolat.eu\/lv\/wp-json\/wp\/v2\/types\/product"}],"wp:featuredmedia":[{"embeddable":true,"href":"https:\/\/e.kosmolat.eu\/lv\/wp-json\/wp\/v2\/media\/79598"}],"wp:attachment":[{"href":"https:\/\/e.kosmolat.eu\/lv\/wp-json\/wp\/v2\/media?parent=58491"}],"wp:term":[{"taxonomy":"product_cat","embeddable":true,"href":"https:\/\/e.kosmolat.eu\/lv\/wp-json\/wp\/v2\/product_cat?post=58491"},{"taxonomy":"product_tag","embeddable":true,"href":"https:\/\/e.kosmolat.eu\/lv\/wp-json\/wp\/v2\/product_tag?post=58491"}],"curies":[{"name":"wp","href":"https:\/\/api.w.org\/{rel}","templated":true}]}}