{"id":58479,"date":"2024-10-31T05:01:04","date_gmt":"2024-10-31T05:01:04","guid":{"rendered":"https:\/\/e.kosmolat.eu\/product\/bespoke-parfim-kerm-sprejs-siev-bergamote-muskusroze-140-ml\/"},"modified":"2026-03-02T14:06:13","modified_gmt":"2026-03-02T14:06:13","slug":"tester-parfim-kerm-sprejs-siev-bergamote-muskusroze-140-ml","status":"publish","type":"product","link":"https:\/\/e.kosmolat.eu\/lv\/product\/tester-parfim-kerm-sprejs-siev-bergamote-muskusroze-140-ml\/","title":{"rendered":"Tester Parfim. \u0137erm. sprejs siev. Bergamote &#038; Muskusroze, 140 ml"},"content":{"rendered":"<p>Lieto\u0161ana: Tikai \u0101r\u012bgai lieto\u0161anai. Izsmidzin\u0101t 15 cm att\u0101lum\u0101 no \u0137erme\u0146a. Izvair\u012bties no saskares ar ac\u012bm. Uzglab\u0101t b\u0113rniem nepieejam\u0101 viet\u0101. Nelietot uz iekaisu\u0161as vai boj\u0101tas \u0101das.<\/p>\n","protected":false},"excerpt":{"rendered":"<p>Lieto\u0161ana: Tikai \u0101r\u012bgai lieto\u0161anai. Izsmidzin\u0101t 15 cm att\u0101lum\u0101 no \u0137erme\u0146a. Izvair\u012bties no saskares ar ac\u012bm. Uzglab\u0101t b\u0113rniem nepieejam\u0101 viet\u0101. Nelietot uz iekaisu\u0161as vai boj\u0101tas \u0101das.<\/p>\n","protected":false},"featured_media":103167,"template":"","meta":[],"product_cat":[1378],"product_tag":[],"class_list":{"0":"post-58479","1":"product","2":"type-product","3":"status-publish","4":"has-post-thumbnail","6":"product_brand-incos_gb","7":"product_cat-purskikliai-kunui","9":"first","10":"instock","11":"taxable","12":"shipping-taxable","13":"product-type-simple"},"_links":{"self":[{"href":"https:\/\/e.kosmolat.eu\/lv\/wp-json\/wp\/v2\/product\/58479","targetHints":{"allow":["GET"]}}],"collection":[{"href":"https:\/\/e.kosmolat.eu\/lv\/wp-json\/wp\/v2\/product"}],"about":[{"href":"https:\/\/e.kosmolat.eu\/lv\/wp-json\/wp\/v2\/types\/product"}],"wp:featuredmedia":[{"embeddable":true,"href":"https:\/\/e.kosmolat.eu\/lv\/wp-json\/wp\/v2\/media\/103167"}],"wp:attachment":[{"href":"https:\/\/e.kosmolat.eu\/lv\/wp-json\/wp\/v2\/media?parent=58479"}],"wp:term":[{"taxonomy":"product_cat","embeddable":true,"href":"https:\/\/e.kosmolat.eu\/lv\/wp-json\/wp\/v2\/product_cat?post=58479"},{"taxonomy":"product_tag","embeddable":true,"href":"https:\/\/e.kosmolat.eu\/lv\/wp-json\/wp\/v2\/product_tag?post=58479"}],"curies":[{"name":"wp","href":"https:\/\/api.w.org\/{rel}","templated":true}]}}