{"id":58441,"date":"2024-10-29T05:02:29","date_gmt":"2024-10-29T05:02:29","guid":{"rendered":"https:\/\/e.kosmolat.eu\/product\/bespoke-woman-spiced-pear-and-warm-amber-parfimerijas-udens-sievietem-100ml\/"},"modified":"2026-04-08T13:33:09","modified_gmt":"2026-04-08T13:33:09","slug":"bespoke-woman-spiced-pear-and-warm-amber-parfimerijas-udens-sievietem-100ml","status":"publish","type":"product","link":"https:\/\/e.kosmolat.eu\/lv\/product\/bespoke-woman-spiced-pear-and-warm-amber-parfimerijas-udens-sievietem-100ml\/","title":{"rendered":"BESPOKE WOMAN Spiced Pear and Warm Amber Parfim\u0113rijas \u016bdens sieviet\u0113m, 100ml"},"content":{"rendered":"<p>BESPOKE LONDON WOMAN Spiced Pear &amp; Warm Amber Parfim\u0113rijas \u016bdens sieviet\u0113m<\/p>\n<p>UZMAN\u012aBU: Uzliesmojo\u0161s l\u012bdz no\u017e\u016bst. Nelietot uguns, liesmas vai karstuma tuvum\u0101.<\/p>\n<p>VIEGLI UZLIESMOJO&Scaron;S, UGUNSNEDRO&Scaron;S<br \/>\n75 % -vol.<br \/>\n&nbsp;<\/p>\n","protected":false},"excerpt":{"rendered":"<p>BESPOKE LONDON WOMAN Spiced Pear &amp; Warm Amber Parfim\u0113rijas \u016bdens sieviet\u0113m UZMAN\u012aBU: Uzliesmojo\u0161s l\u012bdz no\u017e\u016bst. Nelietot uguns, liesmas vai karstuma tuvum\u0101. VIEGLI UZLIESMOJO&Scaron;S, UGUNSNEDRO&Scaron;S 75 % -vol. &nbsp;<\/p>\n","protected":false},"featured_media":102817,"template":"","meta":[],"product_cat":[2181],"product_tag":[],"class_list":{"0":"post-58441","1":"product","2":"type-product","3":"status-publish","4":"has-post-thumbnail","6":"product_brand-incos_gb","7":"product_cat-bez-kategorijas-lt","9":"first","10":"instock","11":"taxable","12":"shipping-taxable","13":"product-type-simple"},"_links":{"self":[{"href":"https:\/\/e.kosmolat.eu\/lv\/wp-json\/wp\/v2\/product\/58441","targetHints":{"allow":["GET"]}}],"collection":[{"href":"https:\/\/e.kosmolat.eu\/lv\/wp-json\/wp\/v2\/product"}],"about":[{"href":"https:\/\/e.kosmolat.eu\/lv\/wp-json\/wp\/v2\/types\/product"}],"wp:featuredmedia":[{"embeddable":true,"href":"https:\/\/e.kosmolat.eu\/lv\/wp-json\/wp\/v2\/media\/102817"}],"wp:attachment":[{"href":"https:\/\/e.kosmolat.eu\/lv\/wp-json\/wp\/v2\/media?parent=58441"}],"wp:term":[{"taxonomy":"product_cat","embeddable":true,"href":"https:\/\/e.kosmolat.eu\/lv\/wp-json\/wp\/v2\/product_cat?post=58441"},{"taxonomy":"product_tag","embeddable":true,"href":"https:\/\/e.kosmolat.eu\/lv\/wp-json\/wp\/v2\/product_tag?post=58441"}],"curies":[{"name":"wp","href":"https:\/\/api.w.org\/{rel}","templated":true}]}}