{"id":58417,"date":"2024-10-26T04:01:08","date_gmt":"2024-10-26T04:01:08","guid":{"rendered":"https:\/\/e.kosmolat.eu\/product\/dr-house-skidra-roku-mazgas-pasta-alveja-450-g\/"},"modified":"2026-04-09T13:32:05","modified_gmt":"2026-04-09T13:32:05","slug":"i_dr-house-skidra-roku-mazgas-pasta-alveja-450-g","status":"publish","type":"product","link":"https:\/\/e.kosmolat.eu\/lv\/product\/i_dr-house-skidra-roku-mazgas-pasta-alveja-450-g\/","title":{"rendered":"I_Dr. House \u0160\u0137idr\u0101 roku mazg\u0101\u0161. pasta Alveja, 450 g"},"content":{"rendered":"<p>\u0160\u0137idr\u0101 roku mazg\u0101\u0161anas pasta, pateicoties maig\u0101m abraz\u012bv\u0101m da\u013ci\u0146\u0101m, no\u0146em net\u012brumus no \u0101das (e\u013c\u013ca, tauki, sodr\u0113ji utt.). Satur komponentus, kas saudz\u012bgi iedarbojas uz \u0101du, atst\u0101jot to maigu, t\u012bru un svaigu.<\/p>\n<p>Lieto\u0161ana: Uzkl\u0101jiet nelielu produkta daudzumu uz plaukst\u0101m, saputojiet un noskalojiet. P\u0113c lieto\u0161anas izmantojiet piem\u0113rotu atjaunojo\u0161u roku kr\u0113mu. Uzglab\u0101t b\u0113rniem nepieejam\u0101 viet\u0101.<\/p>\n","protected":false},"excerpt":{"rendered":"<p>\u0160\u0137idr\u0101 roku mazg\u0101\u0161anas pasta, pateicoties maig\u0101m abraz\u012bv\u0101m da\u013ci\u0146\u0101m, no\u0146em net\u012brumus no \u0101das (e\u013c\u013ca, tauki, sodr\u0113ji utt.). Satur komponentus, kas saudz\u012bgi iedarbojas uz \u0101du, atst\u0101jot to maigu, t\u012bru un svaigu. Lieto\u0161ana: Uzkl\u0101jiet nelielu produkta daudzumu uz plaukst\u0101m, saputojiet un noskalojiet. P\u0113c lieto\u0161anas izmantojiet piem\u0113rotu atjaunojo\u0161u roku kr\u0113mu. Uzglab\u0101t b\u0113rniem nepieejam\u0101 viet\u0101.<\/p>\n","protected":false},"featured_media":98024,"template":"","meta":[],"product_cat":[1999],"product_tag":[],"class_list":{"0":"post-58417","1":"product","2":"type-product","3":"status-publish","4":"has-post-thumbnail","6":"product_brand-vento_cz","7":"product_cat-bez-kategorijas","9":"first","10":"instock","11":"taxable","12":"shipping-taxable","13":"product-type-simple"},"_links":{"self":[{"href":"https:\/\/e.kosmolat.eu\/lv\/wp-json\/wp\/v2\/product\/58417","targetHints":{"allow":["GET"]}}],"collection":[{"href":"https:\/\/e.kosmolat.eu\/lv\/wp-json\/wp\/v2\/product"}],"about":[{"href":"https:\/\/e.kosmolat.eu\/lv\/wp-json\/wp\/v2\/types\/product"}],"wp:featuredmedia":[{"embeddable":true,"href":"https:\/\/e.kosmolat.eu\/lv\/wp-json\/wp\/v2\/media\/98024"}],"wp:attachment":[{"href":"https:\/\/e.kosmolat.eu\/lv\/wp-json\/wp\/v2\/media?parent=58417"}],"wp:term":[{"taxonomy":"product_cat","embeddable":true,"href":"https:\/\/e.kosmolat.eu\/lv\/wp-json\/wp\/v2\/product_cat?post=58417"},{"taxonomy":"product_tag","embeddable":true,"href":"https:\/\/e.kosmolat.eu\/lv\/wp-json\/wp\/v2\/product_tag?post=58417"}],"curies":[{"name":"wp","href":"https:\/\/api.w.org\/{rel}","templated":true}]}}