{"id":58400,"date":"2024-10-25T07:53:53","date_gmt":"2024-10-25T07:53:53","guid":{"rendered":"https:\/\/e.kosmolat.eu\/product\/i_me-too-2in1-dusas-zel-un-samp-berniem-princess-500-ml\/"},"modified":"2025-09-20T01:22:05","modified_gmt":"2025-09-20T01:22:05","slug":"i_me-too-2in1-dusas-zel-un-samp-berniem-princess-500-ml","status":"publish","type":"product","link":"https:\/\/e.kosmolat.eu\/lv\/product\/i_me-too-2in1-dusas-zel-un-samp-berniem-princess-500-ml\/","title":{"rendered":"I_ME TOO 2in1 Du\u0161as \u017eel.un \u0161amp.b\u0113rniem Princess, 500 ml"},"content":{"rendered":"<p>B\u0113rna \u0101das ikdienas kop&scaron;anai. Satur sast\u0101vda\u013cas, kas maigi att\u012bra un atsvaidzina \u0101du.<\/p>\n","protected":false},"excerpt":{"rendered":"<p>B\u0113rna \u0101das ikdienas kop&scaron;anai. Satur sast\u0101vda\u013cas, kas maigi att\u012bra un atsvaidzina \u0101du.<\/p>\n","protected":false},"featured_media":88906,"template":"","meta":[],"product_cat":[1797],"product_tag":[],"class_list":{"0":"post-58400","1":"product","2":"type-product","3":"status-publish","4":"has-post-thumbnail","6":"product_brand-vento_cz","7":"product_cat-dusas-zelejas-ziepes-putas","9":"first","10":"outofstock","11":"taxable","12":"shipping-taxable","13":"product-type-simple"},"_links":{"self":[{"href":"https:\/\/e.kosmolat.eu\/lv\/wp-json\/wp\/v2\/product\/58400","targetHints":{"allow":["GET"]}}],"collection":[{"href":"https:\/\/e.kosmolat.eu\/lv\/wp-json\/wp\/v2\/product"}],"about":[{"href":"https:\/\/e.kosmolat.eu\/lv\/wp-json\/wp\/v2\/types\/product"}],"wp:featuredmedia":[{"embeddable":true,"href":"https:\/\/e.kosmolat.eu\/lv\/wp-json\/wp\/v2\/media\/88906"}],"wp:attachment":[{"href":"https:\/\/e.kosmolat.eu\/lv\/wp-json\/wp\/v2\/media?parent=58400"}],"wp:term":[{"taxonomy":"product_cat","embeddable":true,"href":"https:\/\/e.kosmolat.eu\/lv\/wp-json\/wp\/v2\/product_cat?post=58400"},{"taxonomy":"product_tag","embeddable":true,"href":"https:\/\/e.kosmolat.eu\/lv\/wp-json\/wp\/v2\/product_tag?post=58400"}],"curies":[{"name":"wp","href":"https:\/\/api.w.org\/{rel}","templated":true}]}}