{"id":58340,"date":"2024-10-25T07:51:02","date_gmt":"2024-10-25T07:51:02","guid":{"rendered":"https:\/\/e.kosmolat.eu\/product\/lollis-blush-palette-02-vaigu-sart-palete-4-krasas-28-g\/"},"modified":"2026-04-10T06:41:50","modified_gmt":"2026-04-10T06:41:50","slug":"lollis-blush-palette-02-vaigu-sart-palete-4-krasas-28-g","status":"publish","type":"product","link":"https:\/\/e.kosmolat.eu\/lv\/product\/lollis-blush-palette-02-vaigu-sart-palete-4-krasas-28-g\/","title":{"rendered":"LOLLIS Blush Palette 02 Vaigu s\u0101rt. palete, 4 kr\u0101sas, 28 g"},"content":{"rendered":"<p>Uzglab\u0101t b\u0113rniem l\u012bdz 3 gadu vecumam nepieejam\u0101 viet\u0101. Tikai \u0101r\u012bgai lieto\u0161anai. Uzglab\u0101t istabas temperat\u016br\u0101.<\/p>\n","protected":false},"excerpt":{"rendered":"<p>Uzglab\u0101t b\u0113rniem l\u012bdz 3 gadu vecumam nepieejam\u0101 viet\u0101. Tikai \u0101r\u012bgai lieto\u0161anai. Uzglab\u0101t istabas temperat\u016br\u0101.<\/p>\n","protected":false},"featured_media":100941,"template":"","meta":[],"product_cat":[1497],"product_tag":[],"class_list":{"0":"post-58340","1":"product","2":"type-product","3":"status-publish","4":"has-post-thumbnail","6":"product_brand-lollis_tr-merker","7":"product_cat-skaistalai","9":"first","10":"instock","11":"taxable","12":"shipping-taxable","13":"product-type-simple"},"_links":{"self":[{"href":"https:\/\/e.kosmolat.eu\/lv\/wp-json\/wp\/v2\/product\/58340","targetHints":{"allow":["GET"]}}],"collection":[{"href":"https:\/\/e.kosmolat.eu\/lv\/wp-json\/wp\/v2\/product"}],"about":[{"href":"https:\/\/e.kosmolat.eu\/lv\/wp-json\/wp\/v2\/types\/product"}],"wp:featuredmedia":[{"embeddable":true,"href":"https:\/\/e.kosmolat.eu\/lv\/wp-json\/wp\/v2\/media\/100941"}],"wp:attachment":[{"href":"https:\/\/e.kosmolat.eu\/lv\/wp-json\/wp\/v2\/media?parent=58340"}],"wp:term":[{"taxonomy":"product_cat","embeddable":true,"href":"https:\/\/e.kosmolat.eu\/lv\/wp-json\/wp\/v2\/product_cat?post=58340"},{"taxonomy":"product_tag","embeddable":true,"href":"https:\/\/e.kosmolat.eu\/lv\/wp-json\/wp\/v2\/product_tag?post=58340"}],"curies":[{"name":"wp","href":"https:\/\/api.w.org\/{rel}","templated":true}]}}