{"id":58236,"date":"2024-10-23T04:00:49","date_gmt":"2024-10-23T04:00:49","guid":{"rendered":"https:\/\/e.kosmolat.eu\/product\/lollis-collagencurling-ultra-black-volume-skr-tusa-10-ml\/"},"modified":"2026-04-14T05:49:32","modified_gmt":"2026-04-14T05:49:32","slug":"lollis-collagencurling-ultra-black-volume-skr-tusa-10-ml","status":"publish","type":"product","link":"https:\/\/e.kosmolat.eu\/lv\/product\/lollis-collagencurling-ultra-black-volume-skr-tusa-10-ml\/","title":{"rendered":"LOLLIS Collagen&#038;Curling Ultra Black Volume Skr. tu\u0161a, 10 ml"},"content":{"rendered":"<p>Uzglab\u0101t b\u0113rniem l\u012bdz 3 gadu vecumam nepieejam\u0101 viet\u0101. Tikai \u0101r\u012bgai lieto\u0161anai. Uzglab\u0101t istabas temperat\u016br\u0101.<\/p>\n","protected":false},"excerpt":{"rendered":"<p>Uzglab\u0101t b\u0113rniem l\u012bdz 3 gadu vecumam nepieejam\u0101 viet\u0101. Tikai \u0101r\u012bgai lieto\u0161anai. Uzglab\u0101t istabas temperat\u016br\u0101.<\/p>\n","protected":false},"featured_media":100700,"template":"","meta":[],"product_cat":[1382],"product_tag":[],"class_list":{"0":"post-58236","1":"product","2":"type-product","3":"status-publish","4":"has-post-thumbnail","6":"product_brand-lollis_tr-merker","7":"product_cat-tusai","9":"first","10":"instock","11":"taxable","12":"shipping-taxable","13":"product-type-simple"},"_links":{"self":[{"href":"https:\/\/e.kosmolat.eu\/lv\/wp-json\/wp\/v2\/product\/58236","targetHints":{"allow":["GET"]}}],"collection":[{"href":"https:\/\/e.kosmolat.eu\/lv\/wp-json\/wp\/v2\/product"}],"about":[{"href":"https:\/\/e.kosmolat.eu\/lv\/wp-json\/wp\/v2\/types\/product"}],"wp:featuredmedia":[{"embeddable":true,"href":"https:\/\/e.kosmolat.eu\/lv\/wp-json\/wp\/v2\/media\/100700"}],"wp:attachment":[{"href":"https:\/\/e.kosmolat.eu\/lv\/wp-json\/wp\/v2\/media?parent=58236"}],"wp:term":[{"taxonomy":"product_cat","embeddable":true,"href":"https:\/\/e.kosmolat.eu\/lv\/wp-json\/wp\/v2\/product_cat?post=58236"},{"taxonomy":"product_tag","embeddable":true,"href":"https:\/\/e.kosmolat.eu\/lv\/wp-json\/wp\/v2\/product_tag?post=58236"}],"curies":[{"name":"wp","href":"https:\/\/api.w.org\/{rel}","templated":true}]}}