{"id":58228,"date":"2024-10-22T04:08:27","date_gmt":"2024-10-22T04:08:27","guid":{"rendered":"https:\/\/e.kosmolat.eu\/product\/lollis-derma-foundation-002-tonalais-kr-35-ml\/"},"modified":"2026-04-22T13:54:04","modified_gmt":"2026-04-22T13:54:04","slug":"lollis-derma-foundation-002-tonalais-kr-35-ml","status":"publish","type":"product","link":"https:\/\/e.kosmolat.eu\/lv\/product\/lollis-derma-foundation-002-tonalais-kr-35-ml\/","title":{"rendered":"LOLLIS Derma Foundation 002 Ton\u0101lais kr., 35 ml"},"content":{"rendered":"<p>1. Efekt\u012bvi mask\u0113 \u0101das nepiln\u012bbas, pateicoties formulai ar bl\u012bvu p\u0101rkl\u0101jumu.<br \/>\n2. Nodro\u0161ina z\u012bdainu saj\u016btu.<br \/>\n3. Ide\u0101li piel\u0101gojas \u0101das tonim.<br \/>\n4. Viegl\u0101 tekst\u016bra nodro\u0161ina \u0113rtu uzkl\u0101\u0161anu.<\/p>\n<p>Uzglab\u0101t b\u0113rniem l\u012bdz 3 gadu vecumam nepieejam\u0101 viet\u0101. Tikai \u0101r\u012bgai lieto\u0161anai. Uzglab\u0101t istabas temperat\u016br\u0101.<\/p>\n","protected":false},"excerpt":{"rendered":"<p>1. Efekt\u012bvi mask\u0113 \u0101das nepiln\u012bbas, pateicoties formulai ar bl\u012bvu p\u0101rkl\u0101jumu. 2. Nodro\u0161ina z\u012bdainu saj\u016btu. 3. Ide\u0101li piel\u0101gojas \u0101das tonim. 4. Viegl\u0101 tekst\u016bra nodro\u0161ina \u0113rtu uzkl\u0101\u0161anu. Uzglab\u0101t b\u0113rniem l\u012bdz 3 gadu vecumam nepieejam\u0101 viet\u0101. Tikai \u0101r\u012bgai lieto\u0161anai. Uzglab\u0101t istabas temperat\u016br\u0101.<\/p>\n","protected":false},"featured_media":99514,"template":"","meta":[],"product_cat":[1999],"product_tag":[],"class_list":{"0":"post-58228","1":"product","2":"type-product","3":"status-publish","4":"has-post-thumbnail","6":"product_brand-lollis_tr-merker","7":"product_cat-bez-kategorijas","9":"first","10":"instock","11":"taxable","12":"shipping-taxable","13":"product-type-simple"},"_links":{"self":[{"href":"https:\/\/e.kosmolat.eu\/lv\/wp-json\/wp\/v2\/product\/58228","targetHints":{"allow":["GET"]}}],"collection":[{"href":"https:\/\/e.kosmolat.eu\/lv\/wp-json\/wp\/v2\/product"}],"about":[{"href":"https:\/\/e.kosmolat.eu\/lv\/wp-json\/wp\/v2\/types\/product"}],"wp:featuredmedia":[{"embeddable":true,"href":"https:\/\/e.kosmolat.eu\/lv\/wp-json\/wp\/v2\/media\/99514"}],"wp:attachment":[{"href":"https:\/\/e.kosmolat.eu\/lv\/wp-json\/wp\/v2\/media?parent=58228"}],"wp:term":[{"taxonomy":"product_cat","embeddable":true,"href":"https:\/\/e.kosmolat.eu\/lv\/wp-json\/wp\/v2\/product_cat?post=58228"},{"taxonomy":"product_tag","embeddable":true,"href":"https:\/\/e.kosmolat.eu\/lv\/wp-json\/wp\/v2\/product_tag?post=58228"}],"curies":[{"name":"wp","href":"https:\/\/api.w.org\/{rel}","templated":true}]}}