{"id":58148,"date":"2024-10-22T04:05:05","date_gmt":"2024-10-22T04:05:05","guid":{"rendered":"https:\/\/e.kosmolat.eu\/product\/lollis-bb-krems-tonis-medium-35-ml\/"},"modified":"2026-04-22T07:28:45","modified_gmt":"2026-04-22T07:28:45","slug":"lollis-bb-krems-tonis-medium-35-ml","status":"publish","type":"product","link":"https:\/\/e.kosmolat.eu\/lv\/product\/lollis-bb-krems-tonis-medium-35-ml\/","title":{"rendered":"LOLLIS BB Kr\u0113ms, tonis Medium, 35 ml"},"content":{"rendered":"<p>1. Saglab\u0101 \u0101das dabisko mitrumu.<br \/>\n2. Pal\u012bdz \u0101dai izskat\u012bties starojo\u0161ai.<br \/>\n3. Piel\u0101gojas \u0101das tonim.<br \/>\n4. Pie\u0161\u0137ir svaigu izskatu.<\/p>\n<p>Uzglab\u0101t b\u0113rniem l\u012bdz 3 gadu vecumam nepieejam\u0101 viet\u0101. Tikai \u0101r\u012bgai lieto\u0161anai. Uzglab\u0101t istabas temperat\u016br\u0101.<\/p>\n","protected":false},"excerpt":{"rendered":"<p>1. Saglab\u0101 \u0101das dabisko mitrumu. 2. Pal\u012bdz \u0101dai izskat\u012bties starojo\u0161ai. 3. Piel\u0101gojas \u0101das tonim. 4. Pie\u0161\u0137ir svaigu izskatu. Uzglab\u0101t b\u0113rniem l\u012bdz 3 gadu vecumam nepieejam\u0101 viet\u0101. Tikai \u0101r\u012bgai lieto\u0161anai. Uzglab\u0101t istabas temperat\u016br\u0101.<\/p>\n","protected":false},"featured_media":99132,"template":"","meta":[],"product_cat":[2181],"product_tag":[],"class_list":{"0":"post-58148","1":"product","2":"type-product","3":"status-publish","4":"has-post-thumbnail","6":"product_brand-lollis_tr-merker","7":"product_cat-bez-kategorijas-lt","9":"first","10":"instock","11":"taxable","12":"shipping-taxable","13":"product-type-simple"},"_links":{"self":[{"href":"https:\/\/e.kosmolat.eu\/lv\/wp-json\/wp\/v2\/product\/58148","targetHints":{"allow":["GET"]}}],"collection":[{"href":"https:\/\/e.kosmolat.eu\/lv\/wp-json\/wp\/v2\/product"}],"about":[{"href":"https:\/\/e.kosmolat.eu\/lv\/wp-json\/wp\/v2\/types\/product"}],"wp:featuredmedia":[{"embeddable":true,"href":"https:\/\/e.kosmolat.eu\/lv\/wp-json\/wp\/v2\/media\/99132"}],"wp:attachment":[{"href":"https:\/\/e.kosmolat.eu\/lv\/wp-json\/wp\/v2\/media?parent=58148"}],"wp:term":[{"taxonomy":"product_cat","embeddable":true,"href":"https:\/\/e.kosmolat.eu\/lv\/wp-json\/wp\/v2\/product_cat?post=58148"},{"taxonomy":"product_tag","embeddable":true,"href":"https:\/\/e.kosmolat.eu\/lv\/wp-json\/wp\/v2\/product_tag?post=58148"}],"curies":[{"name":"wp","href":"https:\/\/api.w.org\/{rel}","templated":true}]}}