{"id":58108,"date":"2024-10-22T04:03:37","date_gmt":"2024-10-22T04:03:37","guid":{"rendered":"https:\/\/e.kosmolat.eu\/product\/lollis-porc-high-coverage-foundation-y-03-tonal-kr-40-ml\/"},"modified":"2026-03-10T14:47:32","modified_gmt":"2026-03-10T14:47:32","slug":"lollis-y-03-high-coverage-foundation-tonal-kr-40-ml","status":"publish","type":"product","link":"https:\/\/e.kosmolat.eu\/lv\/product\/lollis-y-03-high-coverage-foundation-tonal-kr-40-ml\/","title":{"rendered":"LOLLIS Y-03  High Coverage Foundation  Ton\u0101l. kr., 40 ml"},"content":{"rendered":"<p>Uzglab\u0101t b\u0113rniem l\u012bdz 3 gadu vecumam nepieejam\u0101 viet\u0101. Tikai \u0101r\u012bgai lieto\u0161anai. Uzglab\u0101t istabas temperat\u016br\u0101.<\/p>\n","protected":false},"excerpt":{"rendered":"<p>Uzglab\u0101t b\u0113rniem l\u012bdz 3 gadu vecumam nepieejam\u0101 viet\u0101. Tikai \u0101r\u012bgai lieto\u0161anai. Uzglab\u0101t istabas temperat\u016br\u0101.<\/p>\n","protected":false},"featured_media":101126,"template":"","meta":[],"product_cat":[1999],"product_tag":[],"class_list":{"0":"post-58108","1":"product","2":"type-product","3":"status-publish","4":"has-post-thumbnail","6":"product_brand-lollis_tr-merker","7":"product_cat-bez-kategorijas","9":"first","10":"instock","11":"taxable","12":"shipping-taxable","13":"product-type-simple"},"_links":{"self":[{"href":"https:\/\/e.kosmolat.eu\/lv\/wp-json\/wp\/v2\/product\/58108","targetHints":{"allow":["GET"]}}],"collection":[{"href":"https:\/\/e.kosmolat.eu\/lv\/wp-json\/wp\/v2\/product"}],"about":[{"href":"https:\/\/e.kosmolat.eu\/lv\/wp-json\/wp\/v2\/types\/product"}],"wp:featuredmedia":[{"embeddable":true,"href":"https:\/\/e.kosmolat.eu\/lv\/wp-json\/wp\/v2\/media\/101126"}],"wp:attachment":[{"href":"https:\/\/e.kosmolat.eu\/lv\/wp-json\/wp\/v2\/media?parent=58108"}],"wp:term":[{"taxonomy":"product_cat","embeddable":true,"href":"https:\/\/e.kosmolat.eu\/lv\/wp-json\/wp\/v2\/product_cat?post=58108"},{"taxonomy":"product_tag","embeddable":true,"href":"https:\/\/e.kosmolat.eu\/lv\/wp-json\/wp\/v2\/product_tag?post=58108"}],"curies":[{"name":"wp","href":"https:\/\/api.w.org\/{rel}","templated":true}]}}