{"id":58071,"date":"2024-10-21T08:36:26","date_gmt":"2024-10-21T08:36:26","guid":{"rendered":"https:\/\/e.kosmolat.eu\/?post_type=product&#038;p=58071"},"modified":"2025-09-11T13:22:32","modified_gmt":"2025-09-11T13:22:32","slug":"modum-klasika-biezas-pirts-ziepes-darvas-500-g","status":"publish","type":"product","link":"https:\/\/e.kosmolat.eu\/lv\/product\/modum-klasika-biezas-pirts-ziepes-darvas-500-g\/","title":{"rendered":"Modum Klasika Biez\u0101s pirts ziepes Darvas, 500 g"},"content":{"rendered":"<p>B\u0113rza darva lieliski pal\u012bdz uzlabot problem\u0101tisk\u0101s \u0101das st\u0101vokli. Augu ekstrakti (b\u0113rza lapas, asinsz\u0101le, kumel\u012bte, ozola miza) satur fitonc\u012bdus, \u0113terisk\u0101s e\u013c\u013cas un miecvielas. Vitam\u012bni un miner\u0101lvielas pastiprina ziepju att\u012bro\u0161o un aizsarg\u0101jo\u0161o efektu. L\u012bdzeklis lieliski piem\u0113rots matu mazg\u0101\u0161anai, pal\u012bdz stiprin\u0101t matu saknes, normaliz\u0113 tauku dziedzeru darb\u012bbu un pa\u0101trina matu aug\u0161anu. Piem\u0113rots visiem \u0101das tipiem, it \u012bpa\u0161i sausai un problem\u0101tiskai \u0101dai.<\/p>\n<p>Lieto\u0161ana: uzkl\u0101t nepiecie\u0161amo ziepju daudzumu uz mitra \u0137erme\u0146a un\/vai matiem, iemas\u0113t un r\u016bp\u012bgi izskalot.<\/p>\n<p>Uzglab\u0101t temperat\u016br\u0101 no +5 \u00b0C l\u012bdz +25 \u00b0C.<\/p>\n","protected":false},"excerpt":{"rendered":"<p>B\u0113rza darva lieliski pal\u012bdz uzlabot problem\u0101tisk\u0101s \u0101das st\u0101vokli. Augu ekstrakti (b\u0113rza lapas, asinsz\u0101le, kumel\u012bte, ozola miza) satur fitonc\u012bdus, \u0113terisk\u0101s e\u013c\u013cas un miecvielas. Vitam\u012bni un miner\u0101lvielas pastiprina ziepju att\u012bro\u0161o un aizsarg\u0101jo\u0161o efektu. L\u012bdzeklis lieliski piem\u0113rots matu mazg\u0101\u0161anai, pal\u012bdz stiprin\u0101t matu saknes, normaliz\u0113 tauku dziedzeru darb\u012bbu un pa\u0101trina matu aug\u0161anu. Piem\u0113rots visiem \u0101das tipiem, it \u012bpa\u0161i sausai [&#8230;]\n","protected":false},"featured_media":0,"template":"","meta":[],"product_cat":[1999],"product_tag":[],"class_list":{"0":"post-58071","1":"product","2":"type-product","3":"status-publish","5":"product_brand-modum_by","6":"product_cat-bez-kategorijas","8":"first","9":"instock","10":"taxable","11":"shipping-taxable","12":"product-type-simple"},"_links":{"self":[{"href":"https:\/\/e.kosmolat.eu\/lv\/wp-json\/wp\/v2\/product\/58071","targetHints":{"allow":["GET"]}}],"collection":[{"href":"https:\/\/e.kosmolat.eu\/lv\/wp-json\/wp\/v2\/product"}],"about":[{"href":"https:\/\/e.kosmolat.eu\/lv\/wp-json\/wp\/v2\/types\/product"}],"wp:attachment":[{"href":"https:\/\/e.kosmolat.eu\/lv\/wp-json\/wp\/v2\/media?parent=58071"}],"wp:term":[{"taxonomy":"product_cat","embeddable":true,"href":"https:\/\/e.kosmolat.eu\/lv\/wp-json\/wp\/v2\/product_cat?post=58071"},{"taxonomy":"product_tag","embeddable":true,"href":"https:\/\/e.kosmolat.eu\/lv\/wp-json\/wp\/v2\/product_tag?post=58071"}],"curies":[{"name":"wp","href":"https:\/\/api.w.org\/{rel}","templated":true}]}}