{"id":58039,"date":"2024-10-19T04:08:07","date_gmt":"2024-10-19T04:08:07","guid":{"rendered":"https:\/\/e.kosmolat.eu\/product\/cl-natura-lidz-matu-kopsanai-skaistums-un-speks-160-ml\/"},"modified":"2025-09-19T16:17:40","modified_gmt":"2025-09-19T16:17:40","slug":"cl-natura-lidz-matu-kopsanai-skaistums-un-speks-160-ml","status":"publish","type":"product","link":"https:\/\/e.kosmolat.eu\/lv\/product\/cl-natura-lidz-matu-kopsanai-skaistums-un-speks-160-ml\/","title":{"rendered":"CL NATURA L\u012bdz. matu kop\u0161anai &#8220;Skaistums un sp\u0113ks&#8221;, 160 ml"},"content":{"rendered":"<p>Stiprina matus vis\u0101 to garum\u0101, aizsarg\u0101 to galus no s\u0137el\u0161an\u0101s. Padara matus viegli \u0137emm\u0113jamus un sp\u012bd\u012bgus.<\/p>\n<h4>Lieto\u0161ana: <\/h4>\n<p>1. veids &#8211; uz mitriem matiem, uzkl\u0101t l\u012bdzekli no matu sakn\u0113m l\u012bdz gali\u0146iem, iz\u017e\u0101v\u0113t matus k\u0101 parasti.\n<\/p>\n<p>\n2. veids &#8211; uz sausiem matiem, apslac\u012bt matus ar l\u012bdzekli 2-3 reizes, sa\u0137emm\u0113t p\u0113c nepiecie\u0161am\u012bbas.<\/p>\n","protected":false},"excerpt":{"rendered":"<p>Stiprina matus vis\u0101 to garum\u0101, aizsarg\u0101 to galus no s\u0137el\u0161an\u0101s. Padara matus viegli \u0137emm\u0113jamus un sp\u012bd\u012bgus. Lieto\u0161ana: 1. veids &#8211; uz mitriem matiem, uzkl\u0101t l\u012bdzekli no matu sakn\u0113m l\u012bdz gali\u0146iem, iz\u017e\u0101v\u0113t matus k\u0101 parasti. 2. veids &#8211; uz sausiem matiem, apslac\u012bt matus ar l\u012bdzekli 2-3 reizes, sa\u0137emm\u0113t p\u0113c nepiecie\u0161am\u012bbas.<\/p>\n","protected":false},"featured_media":79526,"template":"","meta":[],"product_cat":[1343],"product_tag":[],"class_list":{"0":"post-58039","1":"product","2":"type-product","3":"status-publish","4":"has-post-thumbnail","6":"product_brand-unilever-rus","7":"product_cat-citi-matu-kopsanas-produkti","9":"first","10":"outofstock","11":"taxable","12":"shipping-taxable","13":"product-type-simple"},"_links":{"self":[{"href":"https:\/\/e.kosmolat.eu\/lv\/wp-json\/wp\/v2\/product\/58039","targetHints":{"allow":["GET"]}}],"collection":[{"href":"https:\/\/e.kosmolat.eu\/lv\/wp-json\/wp\/v2\/product"}],"about":[{"href":"https:\/\/e.kosmolat.eu\/lv\/wp-json\/wp\/v2\/types\/product"}],"wp:featuredmedia":[{"embeddable":true,"href":"https:\/\/e.kosmolat.eu\/lv\/wp-json\/wp\/v2\/media\/79526"}],"wp:attachment":[{"href":"https:\/\/e.kosmolat.eu\/lv\/wp-json\/wp\/v2\/media?parent=58039"}],"wp:term":[{"taxonomy":"product_cat","embeddable":true,"href":"https:\/\/e.kosmolat.eu\/lv\/wp-json\/wp\/v2\/product_cat?post=58039"},{"taxonomy":"product_tag","embeddable":true,"href":"https:\/\/e.kosmolat.eu\/lv\/wp-json\/wp\/v2\/product_tag?post=58039"}],"curies":[{"name":"wp","href":"https:\/\/api.w.org\/{rel}","templated":true}]}}