{"id":57879,"date":"2024-10-19T04:00:43","date_gmt":"2024-10-19T04:00:43","guid":{"rendered":"https:\/\/e.kosmolat.eu\/product\/lollis-lipcheek-tint-01-lupu-un-vaigu-tinte-6-ml\/"},"modified":"2026-04-10T06:37:31","modified_gmt":"2026-04-10T06:37:31","slug":"lollis-lipcheek-tint-01-lupu-un-vaigu-tinte-6-ml","status":"publish","type":"product","link":"https:\/\/e.kosmolat.eu\/lv\/product\/lollis-lipcheek-tint-01-lupu-un-vaigu-tinte-6-ml\/","title":{"rendered":"LOLLIS Lip&#038;Cheek Tint 01 L\u016bpu un vaigu tinte, 6 ml"},"content":{"rendered":"<p>Uzglab\u0101t b\u0113rniem l\u012bdz 3 gadu vecumam nepieejam\u0101 viet\u0101. Tikai \u0101r\u012bgai lieto\u0161anai. Uzglab\u0101t istabas temperat\u016br\u0101, sarg\u0101jot no tie\u0161iem saules stariem.<\/p>\n","protected":false},"excerpt":{"rendered":"<p>Uzglab\u0101t b\u0113rniem l\u012bdz 3 gadu vecumam nepieejam\u0101 viet\u0101. Tikai \u0101r\u012bgai lieto\u0161anai. Uzglab\u0101t istabas temperat\u016br\u0101, sarg\u0101jot no tie\u0161iem saules stariem.<\/p>\n","protected":false},"featured_media":103219,"template":"","meta":[],"product_cat":[1271],"product_tag":[],"class_list":{"0":"post-57879","1":"product","2":"type-product","3":"status-publish","4":"has-post-thumbnail","6":"product_brand-lollis_tr-merker","7":"product_cat-lupu-spidumi","9":"first","10":"instock","11":"taxable","12":"shipping-taxable","13":"product-type-simple"},"_links":{"self":[{"href":"https:\/\/e.kosmolat.eu\/lv\/wp-json\/wp\/v2\/product\/57879","targetHints":{"allow":["GET"]}}],"collection":[{"href":"https:\/\/e.kosmolat.eu\/lv\/wp-json\/wp\/v2\/product"}],"about":[{"href":"https:\/\/e.kosmolat.eu\/lv\/wp-json\/wp\/v2\/types\/product"}],"wp:featuredmedia":[{"embeddable":true,"href":"https:\/\/e.kosmolat.eu\/lv\/wp-json\/wp\/v2\/media\/103219"}],"wp:attachment":[{"href":"https:\/\/e.kosmolat.eu\/lv\/wp-json\/wp\/v2\/media?parent=57879"}],"wp:term":[{"taxonomy":"product_cat","embeddable":true,"href":"https:\/\/e.kosmolat.eu\/lv\/wp-json\/wp\/v2\/product_cat?post=57879"},{"taxonomy":"product_tag","embeddable":true,"href":"https:\/\/e.kosmolat.eu\/lv\/wp-json\/wp\/v2\/product_tag?post=57879"}],"curies":[{"name":"wp","href":"https:\/\/api.w.org\/{rel}","templated":true}]}}