{"id":57867,"date":"2024-10-18T04:04:30","date_gmt":"2024-10-18T04:04:30","guid":{"rendered":"https:\/\/e.kosmolat.eu\/product\/dsc-retinol-retinol-pretgrumbu-serums-adai-ap-ac-ar-retinolu-un-naves-juras-mineral-50-ml\/"},"modified":"2026-04-22T06:44:14","modified_gmt":"2026-04-22T06:44:14","slug":"dsc-retinol-retinol-pretgrumbu-serums-adai-ap-ac-ar-retinolu-un-naves-juras-mineral-50-ml","status":"publish","type":"product","link":"https:\/\/e.kosmolat.eu\/lv\/product\/dsc-retinol-retinol-pretgrumbu-serums-adai-ap-ac-ar-retinolu-un-naves-juras-mineral-50-ml\/","title":{"rendered":"DSC Retinol Retinol Pretgrumbu serums \u0101dai ap ac. ar retinolu un N\u0101ves j\u016bras miner\u0101l., 50 ml"},"content":{"rendered":"<p>Viegls serums \u0101dai ap ac\u012bm pal\u012bdz nov\u0113rst galven\u0101s noveco\u0161an\u0101s paz\u012bmes. Samazina smalko l\u012bniju un grumbi\u0146u redzam\u012bbu, mazina piet\u016bkumu un tum\u0161os lokus, nodro\u0161inot izcilu mitrin\u0101\u0161anu. Sagatavo \u0101du grima uzkl\u0101\u0161anai un pal\u012bdz tai atjaunoties p\u0113c grima no\u0146em\u0161anas.<\/p>\n<p>Lieto\u0161ana: Ar mas\u0113jo\u0161\u0101m kust\u012bb\u0101m uzkl\u0101t no r\u012bta un vakar\u0101 pirms dienas un nakts kr\u0113ma.<\/p>\n<p>Satur A vitam\u012bnu. L\u016bgums pirms lieto\u0161anas p\u0101rdom\u0101t savu dienas devu.<\/p>\n","protected":false},"excerpt":{"rendered":"<p>Viegls serums \u0101dai ap ac\u012bm pal\u012bdz nov\u0113rst galven\u0101s noveco\u0161an\u0101s paz\u012bmes. Samazina smalko l\u012bniju un grumbi\u0146u redzam\u012bbu, mazina piet\u016bkumu un tum\u0161os lokus, nodro\u0161inot izcilu mitrin\u0101\u0161anu. Sagatavo \u0101du grima uzkl\u0101\u0161anai un pal\u012bdz tai atjaunoties p\u0113c grima no\u0146em\u0161anas. Lieto\u0161ana: Ar mas\u0113jo\u0161\u0101m kust\u012bb\u0101m uzkl\u0101t no r\u012bta un vakar\u0101 pirms dienas un nakts kr\u0113ma. Satur A vitam\u012bnu. L\u016bgums pirms lieto\u0161anas [&#8230;]\n","protected":false},"featured_media":99120,"template":"","meta":[],"product_cat":[2182],"product_tag":[],"class_list":{"0":"post-57867","1":"product","2":"type-product","3":"status-publish","4":"has-post-thumbnail","6":"product_brand-dead-sea_il","7":"product_cat-bez-kategorijas-ru","9":"first","10":"instock","11":"taxable","12":"shipping-taxable","13":"product-type-simple"},"_links":{"self":[{"href":"https:\/\/e.kosmolat.eu\/lv\/wp-json\/wp\/v2\/product\/57867","targetHints":{"allow":["GET"]}}],"collection":[{"href":"https:\/\/e.kosmolat.eu\/lv\/wp-json\/wp\/v2\/product"}],"about":[{"href":"https:\/\/e.kosmolat.eu\/lv\/wp-json\/wp\/v2\/types\/product"}],"wp:featuredmedia":[{"embeddable":true,"href":"https:\/\/e.kosmolat.eu\/lv\/wp-json\/wp\/v2\/media\/99120"}],"wp:attachment":[{"href":"https:\/\/e.kosmolat.eu\/lv\/wp-json\/wp\/v2\/media?parent=57867"}],"wp:term":[{"taxonomy":"product_cat","embeddable":true,"href":"https:\/\/e.kosmolat.eu\/lv\/wp-json\/wp\/v2\/product_cat?post=57867"},{"taxonomy":"product_tag","embeddable":true,"href":"https:\/\/e.kosmolat.eu\/lv\/wp-json\/wp\/v2\/product_tag?post=57867"}],"curies":[{"name":"wp","href":"https:\/\/api.w.org\/{rel}","templated":true}]}}