{"id":57859,"date":"2024-10-18T04:04:13","date_gmt":"2024-10-18T04:04:13","guid":{"rendered":"https:\/\/e.kosmolat.eu\/product\/dsc-hyaluronic-acid-atjaunin-sejas-serums-ar-hialuronskabi-un-naves-juras-mineral-50-ml\/"},"modified":"2026-04-17T07:27:04","modified_gmt":"2026-04-17T07:27:04","slug":"dsc-hyaluronic-acid-atjaunin-sejas-serums-ar-hialuronskabi-un-naves-juras-mineral-50-ml","status":"publish","type":"product","link":"https:\/\/e.kosmolat.eu\/lv\/product\/dsc-hyaluronic-acid-atjaunin-sejas-serums-ar-hialuronskabi-un-naves-juras-mineral-50-ml\/","title":{"rendered":"DSC Hyaluronic Acid Atjaunin. sejas serums ar hialuronsk\u0101bi un N\u0101ves j\u016bras miner\u0101l., 50 ml"},"content":{"rendered":"<p>Bag\u0101t\u0101 un intens\u012bv\u0101 \u0161\u012b koncentr\u0113t\u0101 seruma formula ir piepild\u012bta ar akt\u012bv\u0101m sast\u0101vda\u013c\u0101m, kas patie\u0161\u0101m dara br\u012bnumus. N\u0101ves j\u016bras miner\u0101li un hialuronsk\u0101be pal\u012bdz padar\u012bt \u0101du tvirtu un gludu. \u0160is bag\u0101t\u012bgais serums \u0101das atjauno\u0161anai un mitrin\u0101\u0161anai var k\u013c\u016bt par \u012bstu izr\u0101vienu j\u016bsu ikdienas \u0101das kop\u0161anas rut\u012bn\u0101.<\/p>\n<p>Lieto\u0161ana: Uzkl\u0101jiet katru r\u012btu un vakaru pirms dienas un nakts kr\u0113ma, viegli iemas\u0113jot \u0101d\u0101.<\/p>\n<p>Satur A vitam\u012bnu. L\u016bgums pirms lieto\u0161anas p\u0101rdom\u0101t savu dienas devu.<\/p>\n","protected":false},"excerpt":{"rendered":"<p>Bag\u0101t\u0101 un intens\u012bv\u0101 \u0161\u012b koncentr\u0113t\u0101 seruma formula ir piepild\u012bta ar akt\u012bv\u0101m sast\u0101vda\u013c\u0101m, kas patie\u0161\u0101m dara br\u012bnumus. N\u0101ves j\u016bras miner\u0101li un hialuronsk\u0101be pal\u012bdz padar\u012bt \u0101du tvirtu un gludu. \u0160is bag\u0101t\u012bgais serums \u0101das atjauno\u0161anai un mitrin\u0101\u0161anai var k\u013c\u016bt par \u012bstu izr\u0101vienu j\u016bsu ikdienas \u0101das kop\u0161anas rut\u012bn\u0101. Lieto\u0161ana: Uzkl\u0101jiet katru r\u012btu un vakaru pirms dienas un nakts kr\u0113ma, [&#8230;]\n","protected":false},"featured_media":99972,"template":"","meta":[],"product_cat":[2182],"product_tag":[],"class_list":{"0":"post-57859","1":"product","2":"type-product","3":"status-publish","4":"has-post-thumbnail","6":"product_brand-dead-sea_il","7":"product_cat-bez-kategorijas-ru","9":"first","10":"instock","11":"taxable","12":"shipping-taxable","13":"product-type-simple"},"_links":{"self":[{"href":"https:\/\/e.kosmolat.eu\/lv\/wp-json\/wp\/v2\/product\/57859","targetHints":{"allow":["GET"]}}],"collection":[{"href":"https:\/\/e.kosmolat.eu\/lv\/wp-json\/wp\/v2\/product"}],"about":[{"href":"https:\/\/e.kosmolat.eu\/lv\/wp-json\/wp\/v2\/types\/product"}],"wp:featuredmedia":[{"embeddable":true,"href":"https:\/\/e.kosmolat.eu\/lv\/wp-json\/wp\/v2\/media\/99972"}],"wp:attachment":[{"href":"https:\/\/e.kosmolat.eu\/lv\/wp-json\/wp\/v2\/media?parent=57859"}],"wp:term":[{"taxonomy":"product_cat","embeddable":true,"href":"https:\/\/e.kosmolat.eu\/lv\/wp-json\/wp\/v2\/product_cat?post=57859"},{"taxonomy":"product_tag","embeddable":true,"href":"https:\/\/e.kosmolat.eu\/lv\/wp-json\/wp\/v2\/product_tag?post=57859"}],"curies":[{"name":"wp","href":"https:\/\/api.w.org\/{rel}","templated":true}]}}