{"id":57851,"date":"2024-10-18T04:03:56","date_gmt":"2024-10-18T04:03:56","guid":{"rendered":"https:\/\/e.kosmolat.eu\/product\/dsc-retinol-pretnovec-nakts-sejas-kr-ar-retinolu-un-naves-juras-mineral-50-ml\/"},"modified":"2026-04-23T08:57:21","modified_gmt":"2026-04-23T08:57:21","slug":"dsc-retinol-pretnovec-nakts-sejas-kr-ar-retinolu-un-naves-juras-mineral-50-ml","status":"publish","type":"product","link":"https:\/\/e.kosmolat.eu\/lv\/product\/dsc-retinol-pretnovec-nakts-sejas-kr-ar-retinolu-un-naves-juras-mineral-50-ml\/","title":{"rendered":"DSC Retinol Pretnovec. nakts sejas kr. ar retinolu un N\u0101ves j\u016bras miner\u0101l., 50 ml"},"content":{"rendered":"<p>Kr\u0113ms, bag\u0101tin\u0101ts ar N\u0101ves j\u016bras miner\u0101liem un retinolu, pal\u012bdz uzlabot un atjaunot j\u016bsu \u0101du miega laik\u0101. T\u0101 bag\u0101t\u012bg\u0101 formula samazina smalko l\u012bniju un grumbi\u0146u redzam\u012bbu, pastiprinot pretnoveco\u0161an\u0101s iedarb\u012bbu, vienlaikus aizsarg\u0101jot j\u016bsu \u0101du no ikdienas stresa ietekmes, nomierinot un barojot to, pie\u0161\u0137irot tai vienm\u0113r\u012bg\u0101ku un jaun\u0101ku izskatu.<\/p>\n<p>Lieto\u0161ana: Maigi iemas\u0113jiet kr\u0113mu \u0101d\u0101, veicot kust\u012bbas uz aug\u0161u. Lietojiet vakar\u0101 pirms gul\u0113tie\u0161anas. Tikai \u0101r\u012bgai lieto\u0161anai. Izvairieties no saskares ar ac\u012bm. Iev\u0113rojiet lieto\u0161anas nor\u0101d\u012bjumus. Nelietojiet uz boj\u0101tas vai kairin\u0101tas \u0101das.<\/p>\n<p>Satur A vitam\u012bnu. L\u016bgums pirms lieto\u0161anas p\u0101rdom\u0101t savu dienas devu.<\/p>\n","protected":false},"excerpt":{"rendered":"<p>Kr\u0113ms, bag\u0101tin\u0101ts ar N\u0101ves j\u016bras miner\u0101liem un retinolu, pal\u012bdz uzlabot un atjaunot j\u016bsu \u0101du miega laik\u0101. T\u0101 bag\u0101t\u012bg\u0101 formula samazina smalko l\u012bniju un grumbi\u0146u redzam\u012bbu, pastiprinot pretnoveco\u0161an\u0101s iedarb\u012bbu, vienlaikus aizsarg\u0101jot j\u016bsu \u0101du no ikdienas stresa ietekmes, nomierinot un barojot to, pie\u0161\u0137irot tai vienm\u0113r\u012bg\u0101ku un jaun\u0101ku izskatu. Lieto\u0161ana: Maigi iemas\u0113jiet kr\u0113mu \u0101d\u0101, veicot kust\u012bbas uz aug\u0161u. [&#8230;]\n","protected":false},"featured_media":99116,"template":"","meta":[],"product_cat":[1323],"product_tag":[],"class_list":{"0":"post-57851","1":"product","2":"type-product","3":"status-publish","4":"has-post-thumbnail","6":"product_brand-dead-sea_il","7":"product_cat-1323","9":"first","10":"instock","11":"taxable","12":"shipping-taxable","13":"product-type-simple"},"_links":{"self":[{"href":"https:\/\/e.kosmolat.eu\/lv\/wp-json\/wp\/v2\/product\/57851","targetHints":{"allow":["GET"]}}],"collection":[{"href":"https:\/\/e.kosmolat.eu\/lv\/wp-json\/wp\/v2\/product"}],"about":[{"href":"https:\/\/e.kosmolat.eu\/lv\/wp-json\/wp\/v2\/types\/product"}],"wp:featuredmedia":[{"embeddable":true,"href":"https:\/\/e.kosmolat.eu\/lv\/wp-json\/wp\/v2\/media\/99116"}],"wp:attachment":[{"href":"https:\/\/e.kosmolat.eu\/lv\/wp-json\/wp\/v2\/media?parent=57851"}],"wp:term":[{"taxonomy":"product_cat","embeddable":true,"href":"https:\/\/e.kosmolat.eu\/lv\/wp-json\/wp\/v2\/product_cat?post=57851"},{"taxonomy":"product_tag","embeddable":true,"href":"https:\/\/e.kosmolat.eu\/lv\/wp-json\/wp\/v2\/product_tag?post=57851"}],"curies":[{"name":"wp","href":"https:\/\/api.w.org\/{rel}","templated":true}]}}