{"id":57843,"date":"2024-10-18T04:03:42","date_gmt":"2024-10-18T04:03:42","guid":{"rendered":"https:\/\/e.kosmolat.eu\/product\/dsc-retinol-pretnovec-dienas-sejas-kr-ar-retinolu-un-naves-juras-mineral-50-ml\/"},"modified":"2026-03-30T13:59:49","modified_gmt":"2026-03-30T13:59:49","slug":"dsc-retinol-pretnovec-dienas-sejas-kr-ar-retinolu-un-naves-juras-mineral-50-ml","status":"publish","type":"product","link":"https:\/\/e.kosmolat.eu\/lv\/product\/dsc-retinol-pretnovec-dienas-sejas-kr-ar-retinolu-un-naves-juras-mineral-50-ml\/","title":{"rendered":"DSC Retinol Pretnovec. dienas sejas kr. ar retinolu un N\u0101ves j\u016bras miner\u0101l., 50 ml"},"content":{"rendered":"<p>Kr\u0113ms ir bag\u0101tin\u0101ts ar N\u0101ves j\u016bras miner\u0101liem un retinolu. Tam piem\u012bt pretnoveco\u0161an\u0101s iedarb\u012bba \u2014 tas samazina smalk\u0101s l\u012bnijas un grumbi\u0146as, k\u0101 ar\u012b aizsarg\u0101 \u0101du no stresa un pies\u0101r\u0146ojuma. Kr\u0113ms atjauno un atdz\u012bvina \u0101du, pie\u0161\u0137irot tai vienm\u0113r\u012bg\u0101ku un jaun\u0101ku izskatu.<\/p>\n<p>Lieto\u0161ana: Lietojiet katru r\u012btu un dienas laik\u0101 p\u0113c nepiecie\u0161am\u012bbas. Maigi iemas\u0113jiet kr\u0113mu \u0101d\u0101, veicot kust\u012bbas uz aug\u0161u. Tikai \u0101r\u012bgai lieto\u0161anai. Izvairieties no saskares ar ac\u012bm. Iev\u0113rojiet lieto\u0161anas nor\u0101d\u012bjumus. Nelietojiet uz boj\u0101tas vai kairin\u0101tas \u0101das.<\/p>\n<p>Satur A vitam\u012bnu. L\u016bgums pirms lieto\u0161anas p\u0101rdom\u0101t savu dienas devu.<\/p>\n","protected":false},"excerpt":{"rendered":"<p>Kr\u0113ms ir bag\u0101tin\u0101ts ar N\u0101ves j\u016bras miner\u0101liem un retinolu. Tam piem\u012bt pretnoveco\u0161an\u0101s iedarb\u012bba \u2014 tas samazina smalk\u0101s l\u012bnijas un grumbi\u0146as, k\u0101 ar\u012b aizsarg\u0101 \u0101du no stresa un pies\u0101r\u0146ojuma. Kr\u0113ms atjauno un atdz\u012bvina \u0101du, pie\u0161\u0137irot tai vienm\u0113r\u012bg\u0101ku un jaun\u0101ku izskatu. Lieto\u0161ana: Lietojiet katru r\u012btu un dienas laik\u0101 p\u0113c nepiecie\u0161am\u012bbas. Maigi iemas\u0113jiet kr\u0113mu \u0101d\u0101, veicot kust\u012bbas uz [&#8230;]\n","protected":false},"featured_media":99112,"template":"","meta":[],"product_cat":[2181],"product_tag":[],"class_list":{"0":"post-57843","1":"product","2":"type-product","3":"status-publish","4":"has-post-thumbnail","6":"product_brand-dead-sea_il","7":"product_cat-bez-kategorijas-lt","9":"first","10":"outofstock","11":"taxable","12":"shipping-taxable","13":"product-type-simple"},"_links":{"self":[{"href":"https:\/\/e.kosmolat.eu\/lv\/wp-json\/wp\/v2\/product\/57843","targetHints":{"allow":["GET"]}}],"collection":[{"href":"https:\/\/e.kosmolat.eu\/lv\/wp-json\/wp\/v2\/product"}],"about":[{"href":"https:\/\/e.kosmolat.eu\/lv\/wp-json\/wp\/v2\/types\/product"}],"wp:featuredmedia":[{"embeddable":true,"href":"https:\/\/e.kosmolat.eu\/lv\/wp-json\/wp\/v2\/media\/99112"}],"wp:attachment":[{"href":"https:\/\/e.kosmolat.eu\/lv\/wp-json\/wp\/v2\/media?parent=57843"}],"wp:term":[{"taxonomy":"product_cat","embeddable":true,"href":"https:\/\/e.kosmolat.eu\/lv\/wp-json\/wp\/v2\/product_cat?post=57843"},{"taxonomy":"product_tag","embeddable":true,"href":"https:\/\/e.kosmolat.eu\/lv\/wp-json\/wp\/v2\/product_tag?post=57843"}],"curies":[{"name":"wp","href":"https:\/\/api.w.org\/{rel}","templated":true}]}}