{"id":57835,"date":"2024-10-18T04:03:27","date_gmt":"2024-10-18T04:03:27","guid":{"rendered":"https:\/\/e.kosmolat.eu\/product\/dsc-hyaluronic-acid-atjaunin-nakts-sejas-kr-ar-hialuronsk-un-naves-juras-mineral-50-ml\/"},"modified":"2026-04-17T06:23:36","modified_gmt":"2026-04-17T06:23:36","slug":"dsc-hyaluronic-acid-atjaunin-nakts-sejas-kr-ar-hialuronsk-un-naves-juras-mineral-50-ml","status":"publish","type":"product","link":"https:\/\/e.kosmolat.eu\/lv\/product\/dsc-hyaluronic-acid-atjaunin-nakts-sejas-kr-ar-hialuronsk-un-naves-juras-mineral-50-ml\/","title":{"rendered":"DSC Hyaluronic Acid Atjaunin. nakts sejas kr. ar hialuronsk. un N\u0101ves j\u016bras miner\u0101l., 50 ml"},"content":{"rendered":"<p>Atjaunino\u0161s kr\u0113ms ar N\u0101ves j\u016bras miner\u0101liem un hialuronsk\u0101bi pal\u012bdz pies\u0101tin\u0101t un atjaunot \u0101du miega laik\u0101. T\u0101 bag\u0101t\u012bg\u0101 formula baro un intens\u012bvi mitrina \u0101du, vienlaikus pal\u012bdzot palielin\u0101t \u0101das elast\u012bbu, atdz\u012bvinot to un pie\u0161\u0137irot tai glud\u0101ku un jaunekl\u012bg\u0101ku izskatu. <\/p>\n<p>Lieto\u0161ana: Maigi iemas\u0113jiet kr\u0113mu \u0101d\u0101, veicot kust\u012bbas uz aug\u0161u. Lietojiet vakar\u0101 pirms gul\u0113tie\u0161anas. Tikai \u0101r\u012bgai lieto\u0161anai. Izvairieties no saskares ar ac\u012bm. Iev\u0113rojiet lieto\u0161anas nor\u0101d\u012bjumus. Nelietojiet uz boj\u0101tas vai kairin\u0101tas \u0101das.<\/p>\n","protected":false},"excerpt":{"rendered":"<p>Atjaunino\u0161s kr\u0113ms ar N\u0101ves j\u016bras miner\u0101liem un hialuronsk\u0101bi pal\u012bdz pies\u0101tin\u0101t un atjaunot \u0101du miega laik\u0101. T\u0101 bag\u0101t\u012bg\u0101 formula baro un intens\u012bvi mitrina \u0101du, vienlaikus pal\u012bdzot palielin\u0101t \u0101das elast\u012bbu, atdz\u012bvinot to un pie\u0161\u0137irot tai glud\u0101ku un jaunekl\u012bg\u0101ku izskatu. Lieto\u0161ana: Maigi iemas\u0113jiet kr\u0113mu \u0101d\u0101, veicot kust\u012bbas uz aug\u0161u. Lietojiet vakar\u0101 pirms gul\u0113tie\u0161anas. Tikai \u0101r\u012bgai lieto\u0161anai. Izvairieties no [&#8230;]\n","protected":false},"featured_media":99932,"template":"","meta":[],"product_cat":[2182],"product_tag":[],"class_list":{"0":"post-57835","1":"product","2":"type-product","3":"status-publish","4":"has-post-thumbnail","6":"product_brand-dead-sea_il","7":"product_cat-bez-kategorijas-ru","9":"first","10":"instock","11":"taxable","12":"shipping-taxable","13":"product-type-simple"},"_links":{"self":[{"href":"https:\/\/e.kosmolat.eu\/lv\/wp-json\/wp\/v2\/product\/57835","targetHints":{"allow":["GET"]}}],"collection":[{"href":"https:\/\/e.kosmolat.eu\/lv\/wp-json\/wp\/v2\/product"}],"about":[{"href":"https:\/\/e.kosmolat.eu\/lv\/wp-json\/wp\/v2\/types\/product"}],"wp:featuredmedia":[{"embeddable":true,"href":"https:\/\/e.kosmolat.eu\/lv\/wp-json\/wp\/v2\/media\/99932"}],"wp:attachment":[{"href":"https:\/\/e.kosmolat.eu\/lv\/wp-json\/wp\/v2\/media?parent=57835"}],"wp:term":[{"taxonomy":"product_cat","embeddable":true,"href":"https:\/\/e.kosmolat.eu\/lv\/wp-json\/wp\/v2\/product_cat?post=57835"},{"taxonomy":"product_tag","embeddable":true,"href":"https:\/\/e.kosmolat.eu\/lv\/wp-json\/wp\/v2\/product_tag?post=57835"}],"curies":[{"name":"wp","href":"https:\/\/api.w.org\/{rel}","templated":true}]}}