{"id":57827,"date":"2024-10-18T04:03:11","date_gmt":"2024-10-18T04:03:11","guid":{"rendered":"https:\/\/e.kosmolat.eu\/product\/skin-care-retinol-mitrin-un-barojos-kr-sejai-kaklam-un-rokam-ar-retinolu-500-ml\/"},"modified":"2026-04-22T11:41:21","modified_gmt":"2026-04-22T11:41:21","slug":"skin-care-retinol-mitrin-un-barojos-kr-sejai-kaklam-un-rokam-ar-retinolu-500-ml","status":"publish","type":"product","link":"https:\/\/e.kosmolat.eu\/lv\/product\/skin-care-retinol-mitrin-un-barojos-kr-sejai-kaklam-un-rokam-ar-retinolu-500-ml\/","title":{"rendered":"SKIN CARE Retinol Mitrin. un barojo\u0161. kr. sejai, kaklam un rok\u0101m ar retinolu, 500 ml"},"content":{"rendered":"<p>Maigs kr\u0113ms, bag\u0101tin\u0101ts ar retinolu, viegli uzs\u016bcas un pal\u012bdz mitrin\u0101t un barot \u0101du, atst\u0101jot to m\u012bkstu, elast\u012bgu un atjaunotu.<\/p>\n<p>Lieto\u0161ana: Uzkl\u0101jiet pietiekamu kr\u0113ma daudzumu uz att\u012br\u012btas sejas, kakla vai roku \u0101das. Maigi iemas\u0113jiet ar ap\u013cveida kust\u012bb\u0101m, l\u012bdz piln\u012bb\u0101 uzs\u016bcas.<\/p>\n<p>Satur A vitam\u012bnu. L\u016bgums pirms lieto\u0161anas p\u0101rdom\u0101t savu dienas devu.<\/p>\n","protected":false},"excerpt":{"rendered":"<p>Maigs kr\u0113ms, bag\u0101tin\u0101ts ar retinolu, viegli uzs\u016bcas un pal\u012bdz mitrin\u0101t un barot \u0101du, atst\u0101jot to m\u012bkstu, elast\u012bgu un atjaunotu. Lieto\u0161ana: Uzkl\u0101jiet pietiekamu kr\u0113ma daudzumu uz att\u012br\u012btas sejas, kakla vai roku \u0101das. Maigi iemas\u0113jiet ar ap\u013cveida kust\u012bb\u0101m, l\u012bdz piln\u012bb\u0101 uzs\u016bcas. Satur A vitam\u012bnu. L\u016bgums pirms lieto\u0161anas p\u0101rdom\u0101t savu dienas devu.<\/p>\n","protected":false},"featured_media":100760,"template":"","meta":[],"product_cat":[1999],"product_tag":[],"class_list":{"0":"post-57827","1":"product","2":"type-product","3":"status-publish","4":"has-post-thumbnail","6":"product_brand-dead-sea_il","7":"product_cat-bez-kategorijas","9":"first","10":"instock","11":"taxable","12":"shipping-taxable","13":"product-type-simple"},"_links":{"self":[{"href":"https:\/\/e.kosmolat.eu\/lv\/wp-json\/wp\/v2\/product\/57827","targetHints":{"allow":["GET"]}}],"collection":[{"href":"https:\/\/e.kosmolat.eu\/lv\/wp-json\/wp\/v2\/product"}],"about":[{"href":"https:\/\/e.kosmolat.eu\/lv\/wp-json\/wp\/v2\/types\/product"}],"wp:featuredmedia":[{"embeddable":true,"href":"https:\/\/e.kosmolat.eu\/lv\/wp-json\/wp\/v2\/media\/100760"}],"wp:attachment":[{"href":"https:\/\/e.kosmolat.eu\/lv\/wp-json\/wp\/v2\/media?parent=57827"}],"wp:term":[{"taxonomy":"product_cat","embeddable":true,"href":"https:\/\/e.kosmolat.eu\/lv\/wp-json\/wp\/v2\/product_cat?post=57827"},{"taxonomy":"product_tag","embeddable":true,"href":"https:\/\/e.kosmolat.eu\/lv\/wp-json\/wp\/v2\/product_tag?post=57827"}],"curies":[{"name":"wp","href":"https:\/\/api.w.org\/{rel}","templated":true}]}}