{"id":57811,"date":"2024-10-18T04:02:42","date_gmt":"2024-10-18T04:02:42","guid":{"rendered":"https:\/\/e.kosmolat.eu\/product\/dsc-collagen-pretgrumbu-dienas-sejas-kr-ar-kolagenu-un-naves-jur-mineral-50-ml\/"},"modified":"2026-04-23T09:35:18","modified_gmt":"2026-04-23T09:35:18","slug":"dsc-collagen-pretgrumbu-dienas-sejas-kr-ar-kolagenu-un-naves-jur-mineral-50-ml","status":"publish","type":"product","link":"https:\/\/e.kosmolat.eu\/lv\/product\/dsc-collagen-pretgrumbu-dienas-sejas-kr-ar-kolagenu-un-naves-jur-mineral-50-ml\/","title":{"rendered":"DSC Collagen Pretgrumbu dienas sejas kr. ar kolag\u0113nu un N\u0101ves j\u016br. miner\u0101l., 50 ml"},"content":{"rendered":"<p>Kr\u0113ms, bag\u0101tin\u0101ts ar N\u0101ves j\u016bras miner\u0101liem un kolag\u0113nu, pal\u012bdz samazin\u0101t smalko l\u012bniju un grumbi\u0146u redzam\u012bbu, k\u0101 ar\u012b aizsarg\u0101 \u0101du no stresa un pies\u0101r\u0146ojuma ietekmes. Tas nomierina un baro \u0101du, pie\u0161\u0137irot tai glud\u0101ku un jaunekl\u012bg\u0101ku izskatu.<\/p>\n<p>Lieto\u0161ana: Vienm\u0113r\u012bgi uzkl\u0101jiet kr\u0113mu pl\u0101n\u0101 k\u0101rt\u0101 uz sejas un kakla. Maigi iemas\u0113jiet \u0101d\u0101. Lietojiet katru r\u012btu un dienas laik\u0101 p\u0113c nepiecie\u0161am\u012bbas. Tikai \u0101r\u012bgai lieto\u0161anai. Izvairieties no saskares ar ac\u012bm. Iev\u0113rojiet lieto\u0161anas nor\u0101d\u012bjumus. Nelietojiet uz boj\u0101tas vai kairin\u0101tas \u0101das.<\/p>\n","protected":false},"excerpt":{"rendered":"<p>Kr\u0113ms, bag\u0101tin\u0101ts ar N\u0101ves j\u016bras miner\u0101liem un kolag\u0113nu, pal\u012bdz samazin\u0101t smalko l\u012bniju un grumbi\u0146u redzam\u012bbu, k\u0101 ar\u012b aizsarg\u0101 \u0101du no stresa un pies\u0101r\u0146ojuma ietekmes. Tas nomierina un baro \u0101du, pie\u0161\u0137irot tai glud\u0101ku un jaunekl\u012bg\u0101ku izskatu. Lieto\u0161ana: Vienm\u0113r\u012bgi uzkl\u0101jiet kr\u0113mu pl\u0101n\u0101 k\u0101rt\u0101 uz sejas un kakla. Maigi iemas\u0113jiet \u0101d\u0101. Lietojiet katru r\u012btu un dienas laik\u0101 p\u0113c [&#8230;]\n","protected":false},"featured_media":99108,"template":"","meta":[],"product_cat":[1323],"product_tag":[],"class_list":{"0":"post-57811","1":"product","2":"type-product","3":"status-publish","4":"has-post-thumbnail","6":"product_brand-dead-sea_il","7":"product_cat-1323","9":"first","10":"instock","11":"taxable","12":"shipping-taxable","13":"product-type-simple"},"_links":{"self":[{"href":"https:\/\/e.kosmolat.eu\/lv\/wp-json\/wp\/v2\/product\/57811","targetHints":{"allow":["GET"]}}],"collection":[{"href":"https:\/\/e.kosmolat.eu\/lv\/wp-json\/wp\/v2\/product"}],"about":[{"href":"https:\/\/e.kosmolat.eu\/lv\/wp-json\/wp\/v2\/types\/product"}],"wp:featuredmedia":[{"embeddable":true,"href":"https:\/\/e.kosmolat.eu\/lv\/wp-json\/wp\/v2\/media\/99108"}],"wp:attachment":[{"href":"https:\/\/e.kosmolat.eu\/lv\/wp-json\/wp\/v2\/media?parent=57811"}],"wp:term":[{"taxonomy":"product_cat","embeddable":true,"href":"https:\/\/e.kosmolat.eu\/lv\/wp-json\/wp\/v2\/product_cat?post=57811"},{"taxonomy":"product_tag","embeddable":true,"href":"https:\/\/e.kosmolat.eu\/lv\/wp-json\/wp\/v2\/product_tag?post=57811"}],"curies":[{"name":"wp","href":"https:\/\/api.w.org\/{rel}","templated":true}]}}