{"id":57803,"date":"2024-10-18T04:02:27","date_gmt":"2024-10-18T04:02:27","guid":{"rendered":"https:\/\/e.kosmolat.eu\/product\/dsc-collagen-pretgrumbu-nakts-sejas-kr-ar-kolagenu-un-naves-jur-mineral-50-ml\/"},"modified":"2026-04-14T05:43:30","modified_gmt":"2026-04-14T05:43:30","slug":"dsc-collagen-pretgrumbu-nakts-sejas-kr-ar-kolagenu-un-naves-jur-mineral-50-ml","status":"publish","type":"product","link":"https:\/\/e.kosmolat.eu\/lv\/product\/dsc-collagen-pretgrumbu-nakts-sejas-kr-ar-kolagenu-un-naves-jur-mineral-50-ml\/","title":{"rendered":"DSC Collagen Pretgrumbu nakts sejas kr. ar kolag\u0113nu un N\u0101ves j\u016br. miner\u0101l., 50 ml"},"content":{"rendered":"<p>Kr\u0113ms, bag\u0101tin\u0101ts ar N\u0101ves j\u016bras miner\u0101liem un kolag\u0113nu, pies\u0101tina un atjauno \u0101du miega laik\u0101. T\u0101 bag\u0101t\u012bg\u0101 formula samazina smalko grumbi\u0146u redzam\u012bbu, aizsarg\u0101jot \u0101du no stresa un pies\u0101r\u0146ojuma ietekmes. Nomierina un baro \u0101du, pie\u0161\u0137irot tai glud\u0101ku un jaunekl\u012bg\u0101ku izskatu.<\/p>\n<p>Lieto\u0161ana: Maigi iemas\u0113jiet kr\u0113mu \u0101d\u0101, veicot kust\u012bbas uz aug\u0161u. Lietojiet vakar\u0101 pirms gul\u0113tie\u0161anas. Tikai \u0101r\u012bgai lieto\u0161anai. Izvairieties no saskares ar ac\u012bm. Iev\u0113rojiet lieto\u0161anas nor\u0101d\u012bjumus. Nelietojiet uz boj\u0101tas vai kairin\u0101tas \u0101das.<\/p>\n","protected":false},"excerpt":{"rendered":"<p>Kr\u0113ms, bag\u0101tin\u0101ts ar N\u0101ves j\u016bras miner\u0101liem un kolag\u0113nu, pies\u0101tina un atjauno \u0101du miega laik\u0101. T\u0101 bag\u0101t\u012bg\u0101 formula samazina smalko grumbi\u0146u redzam\u012bbu, aizsarg\u0101jot \u0101du no stresa un pies\u0101r\u0146ojuma ietekmes. Nomierina un baro \u0101du, pie\u0161\u0137irot tai glud\u0101ku un jaunekl\u012bg\u0101ku izskatu. Lieto\u0161ana: Maigi iemas\u0113jiet kr\u0113mu \u0101d\u0101, veicot kust\u012bbas uz aug\u0161u. Lietojiet vakar\u0101 pirms gul\u0113tie\u0161anas. Tikai \u0101r\u012bgai lieto\u0161anai. Izvairieties [&#8230;]\n","protected":false},"featured_media":99104,"template":"","meta":[],"product_cat":[1320],"product_tag":[],"class_list":{"0":"post-57803","1":"product","2":"type-product","3":"status-publish","4":"has-post-thumbnail","6":"product_brand-dead-sea_il","7":"product_cat-sejas-kremi","9":"first","10":"outofstock","11":"taxable","12":"shipping-taxable","13":"product-type-simple"},"_links":{"self":[{"href":"https:\/\/e.kosmolat.eu\/lv\/wp-json\/wp\/v2\/product\/57803","targetHints":{"allow":["GET"]}}],"collection":[{"href":"https:\/\/e.kosmolat.eu\/lv\/wp-json\/wp\/v2\/product"}],"about":[{"href":"https:\/\/e.kosmolat.eu\/lv\/wp-json\/wp\/v2\/types\/product"}],"wp:featuredmedia":[{"embeddable":true,"href":"https:\/\/e.kosmolat.eu\/lv\/wp-json\/wp\/v2\/media\/99104"}],"wp:attachment":[{"href":"https:\/\/e.kosmolat.eu\/lv\/wp-json\/wp\/v2\/media?parent=57803"}],"wp:term":[{"taxonomy":"product_cat","embeddable":true,"href":"https:\/\/e.kosmolat.eu\/lv\/wp-json\/wp\/v2\/product_cat?post=57803"},{"taxonomy":"product_tag","embeddable":true,"href":"https:\/\/e.kosmolat.eu\/lv\/wp-json\/wp\/v2\/product_tag?post=57803"}],"curies":[{"name":"wp","href":"https:\/\/api.w.org\/{rel}","templated":true}]}}