{"id":57785,"date":"2024-10-16T04:24:01","date_gmt":"2024-10-16T04:24:01","guid":{"rendered":"https:\/\/e.kosmolat.eu\/product\/i_dd-vannas-sals-ar-lavandas-ekstraktu-500-g\/"},"modified":"2026-04-23T13:26:15","modified_gmt":"2026-04-23T13:26:15","slug":"the-doctor-hc-vannas-sals-ar-lavandas-ekstraktu-500-g","status":"publish","type":"product","link":"https:\/\/e.kosmolat.eu\/lv\/product\/the-doctor-hc-vannas-sals-ar-lavandas-ekstraktu-500-g\/","title":{"rendered":"The Doctor H&#038;C Vannas s\u0101ls ar lavandas ekstraktu, 500 g"},"content":{"rendered":"<p>Pateicoties lavandas \u0113teriskajai e\u013c\u013cai un dabiskajam j\u016bras s\u0101lim, vanno\u0161an\u0101s veicina relaks\u0101ciju un rada pat\u012bkamu atmosf\u0113ru atp\u016btai.<\/p>\n<ul>\n<li>Lavandas \u0113terisk\u0101 e\u013c\u013ca nomierina, normaliz\u0113 emocion\u0101lo st\u0101vokli.<\/li>\n<li>J\u016bras s\u0101ls satur augstu vesel\u012bga \u0101das st\u0101vok\u013ca uztur\u0113\u0161anai nepiecie\u0161amo mikro un makroelementu koncentr\u0101ciju:<\/li>\n<li>K\u0101lijs un n\u0101trijs &ndash; regul\u0113 mitruma l\u012bmeni \u0101das \u0161\u016bn\u0101s;<\/li>\n<li>Kalcijs &ndash; palielina elast\u012bbu un tvirtumu;<\/li>\n<li>Magnijs &ndash; pal\u0113nina noveco\u0161an\u0101s procesus;<\/li>\n<li>Dzelzs &ndash; atjauno \u0101das tonusu;<\/li>\n<li>Sulf\u0101ta joni &ndash; uzlabo \u0101das kr\u0101su.<\/li>\n<\/ul>\n<p><strong>Lieto\u0161ana:<\/strong> iz\u0161\u0137\u012bdiniet 100 g s\u0101ls silt\u0101 \u016bden\u012b. Izteiktas balneolo\u0123iskas iedarb\u012bbas sasnieg\u0161anai vien\u0101 vann\u0101 iz\u0161\u0137\u012bdiniet l\u012bdz 500 g s\u0101ls. Vannoties 15-20 min\u016btes katru dienu vai katru otro dienu \u016bden\u012b ar t&deg; 35-39 &deg;C, p\u0113c tam noskalot \u0101du ar t\u012bru \u016bdeni. Ieteicamas 10-15 proced\u016bras.<\/p>\n<p><strong>Piesardz\u012bbas pas\u0101kumi:<\/strong> izvairieties no saskares ar ac\u012bm. Ja l\u012bdzeklis iek\u013c\u016bst ac\u012bs, nekav\u0113joties izskalojiet ar \u016bdeni. Nelietot p\u0101rtik\u0101. Iesp\u0113jama paaugstin\u0101ta individu\u0101l\u0101 jut\u012bba pret atsevi\u0161\u0137\u0101m sast\u0101vda\u013c\u0101m.<\/p>\n<p>Uzglab\u0101t temperat\u016br\u0101 no +5 &deg;C l\u012bdz +25 &deg;C.<br \/>\n&nbsp;<\/p>\n","protected":false},"excerpt":{"rendered":"<p>Pateicoties lavandas \u0113teriskajai e\u013c\u013cai un dabiskajam j\u016bras s\u0101lim, vanno\u0161an\u0101s veicina relaks\u0101ciju un rada pat\u012bkamu atmosf\u0113ru atp\u016btai. Lavandas \u0113terisk\u0101 e\u013c\u013ca nomierina, normaliz\u0113 emocion\u0101lo st\u0101vokli. J\u016bras s\u0101ls satur augstu vesel\u012bga \u0101das st\u0101vok\u013ca uztur\u0113\u0161anai nepiecie\u0161amo mikro un makroelementu koncentr\u0101ciju: K\u0101lijs un n\u0101trijs &ndash; regul\u0113 mitruma l\u012bmeni \u0101das \u0161\u016bn\u0101s; Kalcijs &ndash; palielina elast\u012bbu un tvirtumu; Magnijs &ndash; pal\u0113nina noveco\u0161an\u0101s [&#8230;]\n","protected":false},"featured_media":79706,"template":"","meta":[],"product_cat":[1610],"product_tag":[],"class_list":{"0":"post-57785","1":"product","2":"type-product","3":"status-publish","4":"has-post-thumbnail","6":"product_brand-elfa_ua","7":"product_cat-vannas-putas-sali-bumbas","9":"first","10":"instock","11":"taxable","12":"shipping-taxable","13":"product-type-simple"},"_links":{"self":[{"href":"https:\/\/e.kosmolat.eu\/lv\/wp-json\/wp\/v2\/product\/57785","targetHints":{"allow":["GET"]}}],"collection":[{"href":"https:\/\/e.kosmolat.eu\/lv\/wp-json\/wp\/v2\/product"}],"about":[{"href":"https:\/\/e.kosmolat.eu\/lv\/wp-json\/wp\/v2\/types\/product"}],"wp:featuredmedia":[{"embeddable":true,"href":"https:\/\/e.kosmolat.eu\/lv\/wp-json\/wp\/v2\/media\/79706"}],"wp:attachment":[{"href":"https:\/\/e.kosmolat.eu\/lv\/wp-json\/wp\/v2\/media?parent=57785"}],"wp:term":[{"taxonomy":"product_cat","embeddable":true,"href":"https:\/\/e.kosmolat.eu\/lv\/wp-json\/wp\/v2\/product_cat?post=57785"},{"taxonomy":"product_tag","embeddable":true,"href":"https:\/\/e.kosmolat.eu\/lv\/wp-json\/wp\/v2\/product_tag?post=57785"}],"curies":[{"name":"wp","href":"https:\/\/api.w.org\/{rel}","templated":true}]}}