{"id":57777,"date":"2024-10-16T04:23:44","date_gmt":"2024-10-16T04:23:44","guid":{"rendered":"https:\/\/e.kosmolat.eu\/product\/lollis-matte-lipstick-crayon-08-mateta-lupu-kr-zimulis-3-g\/"},"modified":"2026-04-21T07:14:35","modified_gmt":"2026-04-21T07:14:35","slug":"lollis-matte-lipstick-crayon-08-mateta-lupu-kr-zimulis-3-g","status":"publish","type":"product","link":"https:\/\/e.kosmolat.eu\/lv\/product\/lollis-matte-lipstick-crayon-08-mateta-lupu-kr-zimulis-3-g\/","title":{"rendered":"LOLLIS Matte Lipstick Crayon 08 Mat\u0113ta L\u016bpu kr.-z\u012bmulis, 3 g"},"content":{"rendered":"<p>Uzglab\u0101t b\u0113rniem l\u012bdz 3 gadu vecumam nepieejam\u0101 viet\u0101. Tikai \u0101r\u012bgai lieto\u0161anai. Uzglab\u0101t istabas temperat\u016br\u0101.<\/p>\n","protected":false},"excerpt":{"rendered":"<p>Uzglab\u0101t b\u0113rniem l\u012bdz 3 gadu vecumam nepieejam\u0101 viet\u0101. Tikai \u0101r\u012bgai lieto\u0161anai. Uzglab\u0101t istabas temperat\u016br\u0101.<\/p>\n","protected":false},"featured_media":100921,"template":"","meta":[],"product_cat":[1270],"product_tag":[],"class_list":{"0":"post-57777","1":"product","2":"type-product","3":"status-publish","4":"has-post-thumbnail","6":"product_brand-lollis_tr-merker","7":"product_cat-1270","9":"first","10":"instock","11":"taxable","12":"shipping-taxable","13":"product-type-simple"},"_links":{"self":[{"href":"https:\/\/e.kosmolat.eu\/lv\/wp-json\/wp\/v2\/product\/57777","targetHints":{"allow":["GET"]}}],"collection":[{"href":"https:\/\/e.kosmolat.eu\/lv\/wp-json\/wp\/v2\/product"}],"about":[{"href":"https:\/\/e.kosmolat.eu\/lv\/wp-json\/wp\/v2\/types\/product"}],"wp:featuredmedia":[{"embeddable":true,"href":"https:\/\/e.kosmolat.eu\/lv\/wp-json\/wp\/v2\/media\/100921"}],"wp:attachment":[{"href":"https:\/\/e.kosmolat.eu\/lv\/wp-json\/wp\/v2\/media?parent=57777"}],"wp:term":[{"taxonomy":"product_cat","embeddable":true,"href":"https:\/\/e.kosmolat.eu\/lv\/wp-json\/wp\/v2\/product_cat?post=57777"},{"taxonomy":"product_tag","embeddable":true,"href":"https:\/\/e.kosmolat.eu\/lv\/wp-json\/wp\/v2\/product_tag?post=57777"}],"curies":[{"name":"wp","href":"https:\/\/api.w.org\/{rel}","templated":true}]}}