{"id":57561,"date":"2024-10-16T04:11:40","date_gmt":"2024-10-16T04:11:40","guid":{"rendered":"https:\/\/e.kosmolat.eu\/product\/lollis-matte-liquid-lipstick-05-mateta-skidr-lupu-krasa-6-ml\/"},"modified":"2026-04-22T11:42:50","modified_gmt":"2026-04-22T11:42:50","slug":"lollis-matte-liquid-lipstick-05-mateta-skidr-lupu-krasa-6-ml","status":"publish","type":"product","link":"https:\/\/e.kosmolat.eu\/lv\/product\/lollis-matte-liquid-lipstick-05-mateta-skidr-lupu-krasa-6-ml\/","title":{"rendered":"LOLLIS Matte Liquid Lipstick 05 Mat\u0113ta \u0161\u0137idr. l\u016bpu kr\u0101sa, 6 ml"},"content":{"rendered":"<p>Ilgnotur\u012bga \u0161\u0137idr\u0101 l\u016bpu kr\u0101sa.<\/p>\n<p>Uzglab\u0101t b\u0113rniem l\u012bdz 3 gadu vecumam nepieejam\u0101 viet\u0101. Tikai \u0101r\u012bgai lieto\u0161anai. Uzglab\u0101t istabas temperat\u016br\u0101.<\/p>\n","protected":false},"excerpt":{"rendered":"<p>Ilgnotur\u012bga \u0161\u0137idr\u0101 l\u016bpu kr\u0101sa. Uzglab\u0101t b\u0113rniem l\u012bdz 3 gadu vecumam nepieejam\u0101 viet\u0101. Tikai \u0101r\u012bgai lieto\u0161anai. Uzglab\u0101t istabas temperat\u016br\u0101.<\/p>\n","protected":false},"featured_media":101094,"template":"","meta":[],"product_cat":[1999],"product_tag":[],"class_list":{"0":"post-57561","1":"product","2":"type-product","3":"status-publish","4":"has-post-thumbnail","6":"product_brand-lollis_tr-merker","7":"product_cat-bez-kategorijas","9":"first","10":"instock","11":"taxable","12":"shipping-taxable","13":"product-type-simple"},"_links":{"self":[{"href":"https:\/\/e.kosmolat.eu\/lv\/wp-json\/wp\/v2\/product\/57561","targetHints":{"allow":["GET"]}}],"collection":[{"href":"https:\/\/e.kosmolat.eu\/lv\/wp-json\/wp\/v2\/product"}],"about":[{"href":"https:\/\/e.kosmolat.eu\/lv\/wp-json\/wp\/v2\/types\/product"}],"wp:featuredmedia":[{"embeddable":true,"href":"https:\/\/e.kosmolat.eu\/lv\/wp-json\/wp\/v2\/media\/101094"}],"wp:attachment":[{"href":"https:\/\/e.kosmolat.eu\/lv\/wp-json\/wp\/v2\/media?parent=57561"}],"wp:term":[{"taxonomy":"product_cat","embeddable":true,"href":"https:\/\/e.kosmolat.eu\/lv\/wp-json\/wp\/v2\/product_cat?post=57561"},{"taxonomy":"product_tag","embeddable":true,"href":"https:\/\/e.kosmolat.eu\/lv\/wp-json\/wp\/v2\/product_tag?post=57561"}],"curies":[{"name":"wp","href":"https:\/\/api.w.org\/{rel}","templated":true}]}}