{"id":57393,"date":"2024-10-16T04:04:53","date_gmt":"2024-10-16T04:04:53","guid":{"rendered":"https:\/\/e.kosmolat.eu\/product\/lollis-matte-lupu-krasa-tonis-204-4-5-g\/"},"modified":"2026-03-31T11:59:40","modified_gmt":"2026-03-31T11:59:40","slug":"lollis-matte-lupu-krasa-tonis-204-4-5-g","status":"publish","type":"product","link":"https:\/\/e.kosmolat.eu\/lv\/product\/lollis-matte-lupu-krasa-tonis-204-4-5-g\/","title":{"rendered":"LOLLIS Matte L\u016bpu kr\u0101sa, tonis 204, 4.5 g"},"content":{"rendered":"<p>Uzglab\u0101t b\u0113rniem l\u012bdz 3 gadu vecumam nepieejam\u0101 viet\u0101. Tikai \u0101r\u012bgai lieto\u0161anai. Uzglab\u0101t istabas temperat\u016br\u0101.<\/p>\n","protected":false},"excerpt":{"rendered":"<p>Uzglab\u0101t b\u0113rniem l\u012bdz 3 gadu vecumam nepieejam\u0101 viet\u0101. Tikai \u0101r\u012bgai lieto\u0161anai. Uzglab\u0101t istabas temperat\u016br\u0101.<\/p>\n","protected":false},"featured_media":100616,"template":"","meta":[],"product_cat":[1267],"product_tag":[],"class_list":{"0":"post-57393","1":"product","2":"type-product","3":"status-publish","4":"has-post-thumbnail","6":"product_brand-lollis_tr-merker","7":"product_cat-lupu-krasas","9":"first","10":"instock","11":"taxable","12":"shipping-taxable","13":"product-type-simple"},"_links":{"self":[{"href":"https:\/\/e.kosmolat.eu\/lv\/wp-json\/wp\/v2\/product\/57393","targetHints":{"allow":["GET"]}}],"collection":[{"href":"https:\/\/e.kosmolat.eu\/lv\/wp-json\/wp\/v2\/product"}],"about":[{"href":"https:\/\/e.kosmolat.eu\/lv\/wp-json\/wp\/v2\/types\/product"}],"wp:featuredmedia":[{"embeddable":true,"href":"https:\/\/e.kosmolat.eu\/lv\/wp-json\/wp\/v2\/media\/100616"}],"wp:attachment":[{"href":"https:\/\/e.kosmolat.eu\/lv\/wp-json\/wp\/v2\/media?parent=57393"}],"wp:term":[{"taxonomy":"product_cat","embeddable":true,"href":"https:\/\/e.kosmolat.eu\/lv\/wp-json\/wp\/v2\/product_cat?post=57393"},{"taxonomy":"product_tag","embeddable":true,"href":"https:\/\/e.kosmolat.eu\/lv\/wp-json\/wp\/v2\/product_tag?post=57393"}],"curies":[{"name":"wp","href":"https:\/\/api.w.org\/{rel}","templated":true}]}}