{"id":57254,"date":"2024-10-12T04:02:41","date_gmt":"2024-10-12T04:02:41","guid":{"rendered":"https:\/\/e.kosmolat.eu\/product\/dr-s-0-hipoalerg-matu-kondic-visiem-matu-tip-200-ml\/"},"modified":"2025-09-15T11:14:18","modified_gmt":"2025-09-15T11:14:18","slug":"i_dr-s-0-hipoalerg-matu-kondic-visiem-matu-tip-200-ml","status":"publish","type":"product","link":"https:\/\/e.kosmolat.eu\/lv\/product\/i_dr-s-0-hipoalerg-matu-kondic-visiem-matu-tip-200-ml\/","title":{"rendered":"I_Dr.S 0% Hipoaler\u0123. matu kondic. visiem matu tip., 200 ml"},"content":{"rendered":"<p>Mitrina un atvieglo \u0137emm\u0113\u0161anu. Hipoaler\u0123iska formula, izstr\u0101d\u0101ta, \u0146emot v\u0113r\u0101 jaun\u0101k\u0101s kosm\u0113tikas tendences. Nesatur silikonus, vazel\u012bnu, miner\u0101le\u013c\u013cas, parab\u0113nus, kr\u0101svielas un smar\u017evielas.<\/p>\n<p>Matu kondicionieris m\u012bkstina un izl\u012bdzina matus vis\u0101 garum\u0101, b\u016btiski atvieglo \u0137emm\u0113\u0161anu un turpm\u0101ko ieveido\u0161anu ar matu veido\u0161anas l\u012bdzek\u013ciem. Sast\u0101v\u0101 ir augu izcelsmes komplekss, kas veicina skaistu un vesel\u012bgu matu aug\u0161anu. Trehaloze nov\u0113r\u0161 sausumu. \u0160\u012b e\u013c\u013ca pies\u0101tina matus ar noder\u012bgiem mikroelementiem un lieliski m\u012bkstina tos. Piem\u0113rots ikdienas lieto\u0161anai.<\/p>\n<p>Lieto\u0161ana: uzkl\u0101t nepiecie\u0161amo kondicioniera daudzumu uz t\u012briem un mitriem matiem, vienm\u0113r\u012bgi sadal\u012bt vis\u0101 garum\u0101, noskalot ar \u016bdeni.<\/p>\n<p>Piesardz\u012bbas pas\u0101kumi: iesp\u0113jama paaugstin\u0101ta individu\u0101l\u0101 jut\u012bba pret atsevi\u0161\u0137\u0101m sast\u0101vda\u013c\u0101m.<\/p>\n<p>Uzglab\u0101\u0161anas temperat\u016bra: no +5\u00b0C l\u012bdz +25\u00b0C.<\/p>\n<p>Izgatavo\u0161anas datums: 24 m\u0113ne\u0161i pirms der\u012bguma termi\u0146a beig\u0101m.<\/p>\n","protected":false},"excerpt":{"rendered":"<p>Mitrina un atvieglo \u0137emm\u0113\u0161anu. Hipoaler\u0123iska formula, izstr\u0101d\u0101ta, \u0146emot v\u0113r\u0101 jaun\u0101k\u0101s kosm\u0113tikas tendences. Nesatur silikonus, vazel\u012bnu, miner\u0101le\u013c\u013cas, parab\u0113nus, kr\u0101svielas un smar\u017evielas. Matu kondicionieris m\u012bkstina un izl\u012bdzina matus vis\u0101 garum\u0101, b\u016btiski atvieglo \u0137emm\u0113\u0161anu un turpm\u0101ko ieveido\u0161anu ar matu veido\u0161anas l\u012bdzek\u013ciem. Sast\u0101v\u0101 ir augu izcelsmes komplekss, kas veicina skaistu un vesel\u012bgu matu aug\u0161anu. Trehaloze nov\u0113r\u0161 sausumu. \u0160\u012b e\u013c\u013ca [&#8230;]\n","protected":false},"featured_media":0,"template":"","meta":[],"product_cat":[1638],"product_tag":[],"class_list":{"0":"post-57254","1":"product","2":"type-product","3":"status-publish","5":"product_brand-elfa_ua","6":"product_cat-balzami","8":"first","9":"outofstock","10":"taxable","11":"shipping-taxable","12":"product-type-simple"},"_links":{"self":[{"href":"https:\/\/e.kosmolat.eu\/lv\/wp-json\/wp\/v2\/product\/57254","targetHints":{"allow":["GET"]}}],"collection":[{"href":"https:\/\/e.kosmolat.eu\/lv\/wp-json\/wp\/v2\/product"}],"about":[{"href":"https:\/\/e.kosmolat.eu\/lv\/wp-json\/wp\/v2\/types\/product"}],"wp:attachment":[{"href":"https:\/\/e.kosmolat.eu\/lv\/wp-json\/wp\/v2\/media?parent=57254"}],"wp:term":[{"taxonomy":"product_cat","embeddable":true,"href":"https:\/\/e.kosmolat.eu\/lv\/wp-json\/wp\/v2\/product_cat?post=57254"},{"taxonomy":"product_tag","embeddable":true,"href":"https:\/\/e.kosmolat.eu\/lv\/wp-json\/wp\/v2\/product_tag?post=57254"}],"curies":[{"name":"wp","href":"https:\/\/api.w.org\/{rel}","templated":true}]}}