{"id":57246,"date":"2024-10-12T04:02:28","date_gmt":"2024-10-12T04:02:28","guid":{"rendered":"https:\/\/e.kosmolat.eu\/product\/dr-s-0-hipoalerg-kerm-pienins-mitrinas-un-baros-200-ml\/"},"modified":"2025-07-30T10:22:37","modified_gmt":"2025-07-30T10:22:37","slug":"i_dr-s-0-hipoalerg-kerm-pienins-mitrinas-un-baros-200-ml","status":"publish","type":"product","link":"https:\/\/e.kosmolat.eu\/lv\/product\/i_dr-s-0-hipoalerg-kerm-pienins-mitrinas-un-baros-200-ml\/","title":{"rendered":"I_Dr.S 0% Hipoaler\u0123. \u0137erm. pieni\u0146\u0161 Mitrin\u0101\u0161. un baro\u0161., 200 ml"},"content":{"rendered":"<p>Visiem \u0101das tipiem. Hipoaler\u0123iska formula, izstr\u0101d\u0101ta, \u0146emot v\u0113r\u0101 jaun\u0101k\u0101s kosm\u0113tikas tendences. Nesatur silikonus, parab\u0113nus, kr\u0101svielas, smar\u017evielas un miner\u0101le\u013c\u013cas.<\/p>\n<p>Viegls un maigs \u0137erme\u0146a pieni\u0146\u0161, kas burtiski k\u016bst uz \u0101das, neatst\u0101jot sausuma p\u0113das. Sast\u0101v\u0101 ir augu izcelsmes komplekss, kas pie\u0161\u0137ir \u0101dai mitrumu un saglab\u0101 to mitrin\u0101tu l\u012bdz 72 stund\u0101m! Stiprina \u0101das aizsargbarjeru un nov\u0113r\u0161 galven\u0101s sausuma paz\u012bmes \u2013 savilkumu, lob\u012b\u0161anos, raupjumu un bl\u0101vumu. Pieni\u0146\u0161 \u0101tri ies\u016bcas, padarot \u0101du m\u012bkstu un z\u012bdainu. Piem\u0113rots ikdienas lieto\u0161anai.<\/p>\n<p>Rezult\u0101ts p\u0113c lieto\u0161anas: kopta un mitrin\u0101ta \u0101da.<\/p>\n<p>Lieto\u0161ana: uzkl\u0101jiet nepiecie\u0161amo produkta daudzumu uz \u0137erme\u0146a ar mas\u0113jo\u0161\u0101m kust\u012bb\u0101m.<\/p>\n<p>Piesardz\u012bbas pas\u0101kumi: iesp\u0113jama paaugstin\u0101ta individu\u0101l\u0101 jut\u012bba pret atsevi\u0161\u0137\u0101m sast\u0101vda\u013c\u0101m.<\/p>\n<p>Uzglab\u0101\u0161anas temperat\u016bra: no +5\u00b0C l\u012bdz +25\u00b0C.<\/p>\n<p>Izgatavo\u0161anas datums: 24 m\u0113ne\u0161i pirms der\u012bguma termi\u0146a beig\u0101m.<\/p>\n","protected":false},"excerpt":{"rendered":"<p>Visiem \u0101das tipiem. Hipoaler\u0123iska formula, izstr\u0101d\u0101ta, \u0146emot v\u0113r\u0101 jaun\u0101k\u0101s kosm\u0113tikas tendences. Nesatur silikonus, parab\u0113nus, kr\u0101svielas, smar\u017evielas un miner\u0101le\u013c\u013cas. Viegls un maigs \u0137erme\u0146a pieni\u0146\u0161, kas burtiski k\u016bst uz \u0101das, neatst\u0101jot sausuma p\u0113das. Sast\u0101v\u0101 ir augu izcelsmes komplekss, kas pie\u0161\u0137ir \u0101dai mitrumu un saglab\u0101 to mitrin\u0101tu l\u012bdz 72 stund\u0101m! Stiprina \u0101das aizsargbarjeru un nov\u0113r\u0161 galven\u0101s sausuma paz\u012bmes [&#8230;]\n","protected":false},"featured_media":57250,"template":"","meta":[],"product_cat":[1999],"product_tag":[],"class_list":{"0":"post-57246","1":"product","2":"type-product","3":"status-publish","4":"has-post-thumbnail","6":"product_brand-elfa_ua","7":"product_cat-bez-kategorijas","9":"first","10":"outofstock","11":"taxable","12":"shipping-taxable","13":"product-type-simple"},"_links":{"self":[{"href":"https:\/\/e.kosmolat.eu\/lv\/wp-json\/wp\/v2\/product\/57246","targetHints":{"allow":["GET"]}}],"collection":[{"href":"https:\/\/e.kosmolat.eu\/lv\/wp-json\/wp\/v2\/product"}],"about":[{"href":"https:\/\/e.kosmolat.eu\/lv\/wp-json\/wp\/v2\/types\/product"}],"wp:featuredmedia":[{"embeddable":true,"href":"https:\/\/e.kosmolat.eu\/lv\/wp-json\/wp\/v2\/media\/57250"}],"wp:attachment":[{"href":"https:\/\/e.kosmolat.eu\/lv\/wp-json\/wp\/v2\/media?parent=57246"}],"wp:term":[{"taxonomy":"product_cat","embeddable":true,"href":"https:\/\/e.kosmolat.eu\/lv\/wp-json\/wp\/v2\/product_cat?post=57246"},{"taxonomy":"product_tag","embeddable":true,"href":"https:\/\/e.kosmolat.eu\/lv\/wp-json\/wp\/v2\/product_tag?post=57246"}],"curies":[{"name":"wp","href":"https:\/\/api.w.org\/{rel}","templated":true}]}}