{"id":57225,"date":"2024-10-11T04:08:25","date_gmt":"2024-10-11T04:08:25","guid":{"rendered":"https:\/\/e.kosmolat.eu\/product\/i_dd-eteriska-ella-tejas-koks-10-ml\/"},"modified":"2025-07-08T14:45:19","modified_gmt":"2025-07-08T14:45:19","slug":"i_dd-eteriska-ella-tejas-koks-10-ml","status":"publish","type":"product","link":"https:\/\/e.kosmolat.eu\/lv\/product\/i_dd-eteriska-ella-tejas-koks-10-ml\/","title":{"rendered":"I_DD \u0112terisk\u0101 e\u013c\u013ca T\u0113jas koks, 10 ml"},"content":{"rendered":"<p>100% dab\u012bga, efekt\u012bva<br \/>\nArom\u0101ts ir r\u016bgtens, izsmalcin\u0101ti smags.<\/p>\n<p><strong>Lieto\u0161ana: <\/strong>problem\u0101tiskai \u0101dai; lai c\u012bn\u012btos pret blaugzn\u0101m. Efekt\u012bva pretaknes mais\u012bjumos un mais\u012bjumos visp\u0101r\u0113jai \u0101das att\u012br\u012b\u0161anai, nobr\u0101zumiem. Izmanto stresa, sp\u0113c\u012bga uzbudin\u0101juma l\u0113kmju gad\u012bjumos.<br \/>\n<strong>K\u0101 lietot:<\/strong> aromterapijai un kosm\u0113tikas bag\u0101tin\u0101\u0161anai. S\u012bk\u0101ku inform\u0101ciju skatiet instrukcij\u0101.<br \/>\n&nbsp;<\/p>\n<p><strong>Piesardz\u012bbas pas\u0101kumi:<\/strong> \u0101r\u0113jai lieto\u0161anai. Ja nok\u013c\u016bst ac\u012bs, skalot ar lielu daudzumu \u016bdens un mekl\u0113t medic\u012bnisku pal\u012bdz\u012bbu. Iesp\u0113jama paaugstin\u0101ta individu\u0101l\u0101 jut\u012bba pret produktu. Sekojiet lieto\u0161anas instrukcijai.<\/p>\n<p><strong>Instrukcija:<\/strong><br \/>\nT\u0113jas koka \u0113terisko e\u013c\u013cu ieg\u016bst no lap\u0101m un zariem, destil\u0113jot ar tvaiku.<br \/>\nE\u013c\u013cai ir r\u016bgtens, izsmalcin\u0101ti smags arom\u0101ts.<\/p>\n<p>Lieto\u0161ana: problem\u0101tiskai \u0101dai; lai c\u012bn\u012btos pret blaugzn\u0101m. Efekt\u012bva pretaknes mais\u012bjumos un mais\u012bjumos visp\u0101r\u0113jai \u0101das att\u012br\u012b\u0161anai, nobr\u0101zumiem. Izmanto stresa, sp\u0113c\u012bga uzbudin\u0101juma l\u0113kmju gad\u012bjumos.<\/p>\n<p>K\u0101 lietot: aromterapijai un kosm\u0113tikas bag\u0101tin\u0101\u0161anai.<br \/>\n\u0112terisko e\u013c\u013cu izmanto at\u0161\u0137aid\u012btu ar jebkuru b\u0101zi &ndash; medu, kr\u0113jumu, saldo kr\u0113jumu, s\u016bkal\u0101m, pienu, j\u016bras vai galda s\u0101li, b\u0101zes e\u013c\u013cu, \u016bdeni, \u0161\u0137idr\u0101m ziep\u0113m, \u017eeleju u.c.<br \/>\nDevas:<br \/>\n*aromalampas &ndash; 2-4 pilieni<br \/>\n*vannas &ndash; 2-5 pilieni&nbsp;<br \/>\n*mas\u0101\u017ea &ndash; b\u0101zes e\u013c\u013cas un t\u0113jas koka e\u013c\u013cas mais\u012bjums attiec\u012bb\u0101 5:4<br \/>\n*kosm\u0113tisko l\u012bdzek\u013cu bag\u0101tin\u0101\u0161ana &ndash; 1-2 pilieni uz 10 ml b\u0101zes<br \/>\n* arom\u0101tu medaljoni &ndash; 1-2 pilieni<\/p>\n<p>\u0112terisko e\u013c\u013cu lieto\u0161anas noteikumi<br \/>\n1. Nelietot b\u0113rniem l\u012bdz 6 gadu vecumam<br \/>\n2. Nelietojiet \u0113terisko e\u013c\u013cu iek\u0161\u0113ji<br \/>\n3. Neuzkl\u0101jiet uz g\u013cot\u0101d\u0101m neat\u0161\u0137aid\u012btu \u0113terisko e\u013c\u013cu<br \/>\n4. Ja \u0113terisk\u0101 e\u013c\u013ca nok\u013c\u016bst ac\u012bs, izskalo t\u0101s ar siltu v\u0101r\u012btu \u016bdeni<br \/>\n5. Uzglab\u0101t b\u0113rniem nepieejam\u0101 viet\u0101<br \/>\n6. Lietojiet tikai pie\u013caujam\u0101 koncentr\u0101cij\u0101<br \/>\n7. P\u0113c lieto\u0161anas uzman\u012bgi aizveriet flakonu<br \/>\n8. \u0112terisk\u0101 e\u013c\u013ca j\u0101uzglab\u0101 tum\u0161\u0101, v\u0113s\u0101 viet\u0101.<\/p>\n<p>Nav ieteicams lietot ar paaugstin\u0101tu asins rec\u0113\u0161anu, trombofleb\u012btu, p\u0113cinfarkta st\u0101vok\u013ciem, pirmajos gr\u016btniec\u012bbas m\u0113ne\u0161os, ar v\u0113zi un mastop\u0101tiju.<br \/>\nIesp\u0113jama paaugstin\u0101ta individu\u0101l\u0101 jut\u012bba pret atsevi\u0161\u0137\u0101m sast\u0101vda\u013c\u0101m.<br \/>\n&nbsp;<\/p>\n","protected":false},"excerpt":{"rendered":"<p>100% dab\u012bga, efekt\u012bva Arom\u0101ts ir r\u016bgtens, izsmalcin\u0101ti smags. Lieto\u0161ana: problem\u0101tiskai \u0101dai; lai c\u012bn\u012btos pret blaugzn\u0101m. Efekt\u012bva pretaknes mais\u012bjumos un mais\u012bjumos visp\u0101r\u0113jai \u0101das att\u012br\u012b\u0161anai, nobr\u0101zumiem. Izmanto stresa, sp\u0113c\u012bga uzbudin\u0101juma l\u0113kmju gad\u012bjumos. K\u0101 lietot: aromterapijai un kosm\u0113tikas bag\u0101tin\u0101\u0161anai. S\u012bk\u0101ku inform\u0101ciju skatiet instrukcij\u0101. &nbsp; Piesardz\u012bbas pas\u0101kumi: \u0101r\u0113jai lieto\u0161anai. Ja nok\u013c\u016bst ac\u012bs, skalot ar lielu daudzumu \u016bdens un mekl\u0113t [&#8230;]\n","protected":false},"featured_media":57229,"template":"","meta":[],"product_cat":[1621],"product_tag":[],"class_list":{"0":"post-57225","1":"product","2":"type-product","3":"status-publish","4":"has-post-thumbnail","6":"product_brand-elfa_ua","7":"product_cat-aliejai","9":"first","10":"outofstock","11":"taxable","12":"shipping-taxable","13":"product-type-simple"},"_links":{"self":[{"href":"https:\/\/e.kosmolat.eu\/lv\/wp-json\/wp\/v2\/product\/57225","targetHints":{"allow":["GET"]}}],"collection":[{"href":"https:\/\/e.kosmolat.eu\/lv\/wp-json\/wp\/v2\/product"}],"about":[{"href":"https:\/\/e.kosmolat.eu\/lv\/wp-json\/wp\/v2\/types\/product"}],"wp:featuredmedia":[{"embeddable":true,"href":"https:\/\/e.kosmolat.eu\/lv\/wp-json\/wp\/v2\/media\/57229"}],"wp:attachment":[{"href":"https:\/\/e.kosmolat.eu\/lv\/wp-json\/wp\/v2\/media?parent=57225"}],"wp:term":[{"taxonomy":"product_cat","embeddable":true,"href":"https:\/\/e.kosmolat.eu\/lv\/wp-json\/wp\/v2\/product_cat?post=57225"},{"taxonomy":"product_tag","embeddable":true,"href":"https:\/\/e.kosmolat.eu\/lv\/wp-json\/wp\/v2\/product_tag?post=57225"}],"curies":[{"name":"wp","href":"https:\/\/api.w.org\/{rel}","templated":true}]}}