{"id":57209,"date":"2024-10-11T04:07:47","date_gmt":"2024-10-11T04:07:47","guid":{"rendered":"https:\/\/e.kosmolat.eu\/product\/dd-eteriska-ella-piparmetra-10-ml\/"},"modified":"2026-04-11T18:07:48","modified_gmt":"2026-04-11T18:07:48","slug":"i_dd-eteriska-ella-piparmetra-10-ml","status":"publish","type":"product","link":"https:\/\/e.kosmolat.eu\/lv\/product\/i_dd-eteriska-ella-piparmetra-10-ml\/","title":{"rendered":"I_DD \u0112terisk\u0101 e\u013c\u013ca Piparm\u0113tra, 10 ml"},"content":{"rendered":"<p>100% dab\u012bga, efekt\u012bva.<br \/>\nPiparm\u0113tras \u0113terisko e\u013c\u013cu ieg\u016bst no kalt\u0113tiem veseliem piparm\u0113tru augiem, destil\u0113jot ar tvaiku. Tai ir&nbsp;sp\u0113c\u012bgs atsvaidzino&scaron;s arom\u0101ts.<\/p>\n<p><strong>Piesardz\u012bbas pas\u0101kumi:<\/strong>&nbsp;tikai \u0101r\u0113jai lieto&scaron;anai. Ja nok\u013c\u016bst ac\u012bs, izskalot ar lielu daudzumu \u016bdens un mekl\u0113t medic\u012bnisko pal\u012bdz\u012bbu. Iesp\u0113jama paaugstin\u0101ta individu\u0101l\u0101 jut\u012bba pret produktu. Sekojiet lieto&scaron;anas instrukcijai.<\/p>\n<p><strong>Lieto&scaron;anas i<\/strong><strong>nstrukcija:<\/strong><br \/>\n<strong>Lieto&scaron;ana:&nbsp;<\/strong>taukainai \u0101dai ar tendenci &nbsp;uz izsitumiem. Efekt\u012bva pret trauksmi, bezmiegu, nogurumu. Tai ir dezodor\u0113jo&scaron;as un toniz\u0113jo&scaron;as \u012bpa&scaron;\u012bbas.<br \/>\n<strong>K\u0101 lietot:&nbsp;<\/strong>aromterapijai un kosm\u0113tikas bag\u0101tin\u0101&scaron;anai.<br \/>\n\u0112terisko e\u013c\u013cu izmanto at&scaron;\u0137aid\u012btu ar jebkuru b\u0101zi &ndash; j\u016bras vai galda s\u0101li, b\u0101zes e\u013c\u013cu, \u016bdeni, &scaron;\u0137idr\u0101m ziep\u0113m, \u017eeleju u.c.<\/p>\n<p><strong>Devas:<\/strong><br \/>\n*aromalampas &#8211; 3-5 pilieni<br \/>\n*vannas &#8211; 3-7 pilieni<br \/>\n*mas\u0101\u017ea &#8211; 6 pilieni uz 10 g b\u0101zes e\u013c\u013cas<br \/>\n*kosm\u0113tisko l\u012bdzek\u013cu bag\u0101tin\u0101&scaron;ana &#8211; 4 pilieni uz 10 ml b\u0101zes e\u013c\u013cas<br \/>\n* arom\u0101tu medaljoni &#8211; 1-2 pilieni<\/p>\n<p><strong>\u0112terisko e\u013c\u013cu lieto&scaron;anas noteikumi<\/strong><br \/>\n1. Nelietot b\u0113rniem l\u012bdz 6 gadu vecumam<br \/>\n2. Nelietojiet \u0113terisko e\u013c\u013cu iek&scaron;\u0113ji<br \/>\n3. Neuzkl\u0101jiet uz g\u013cot\u0101d\u0101m neat&scaron;\u0137aid\u012btu \u0113terisko e\u013c\u013cu<br \/>\n4. Ja \u0113terisk\u0101 e\u013c\u013ca nok\u013c\u016bst ac\u012bs, izskalojiet t\u0101s ar siltu v\u0101r\u012btu \u016bdeni<br \/>\n5. Uzglab\u0101t b\u0113rniem nepieejam\u0101 viet\u0101<br \/>\n6. Lietojiet tikai pie\u013caujam\u0101 koncentr\u0101cij\u0101<br \/>\n7. P\u0113c lieto&scaron;anas uzman\u012bgi aizveriet flakonu<br \/>\n8. \u0112terisk\u0101 e\u013c\u013ca j\u0101uzglab\u0101 tum&scaron;\u0101, v\u0113s\u0101 viet\u0101.<\/p>\n<p>Nav ieteicams lietot ar paaugstin\u0101tu asins rec\u0113&scaron;anu, trombofleb\u012btu, p\u0113cinfarkta st\u0101vok\u013ciem, pirmajos gr\u016btniec\u012bbas m\u0113ne&scaron;os, ar v\u0113zi un mastop\u0101tiju. Iesp\u0113jama paaugstin\u0101ta individu\u0101l\u0101 jut\u012bba pret atsevi&scaron;\u0137\u0101m sast\u0101vda\u013c\u0101m.<\/p>\n<p>&nbsp;<\/p>\n<p><img decoding=\"async\" alt=\"\" src=\"data:image\/png;base64,iVBORw0KGgoAAAANSUhEUgAAADgAAAA6CAYAAAGSSaqDAAAAAXNSR0IArs4c6QAAAARnQU1BAACxjwv8YQUAAAAJcEhZcwAAFxEAABcRAcom8z8AAA6NSURBVFhHxVkLcFTlFV4VKyAkJCFP8tpkd\/MmL0gAURGLj4FSKVOtTotF7dgntthhwFqRaseOj+roiDjWMi1qW6e1o7YDiChqpbajtQK7997dTUKAECCQhLyT3c3pOee\/\/+7d3Zt9hDD9Mpt7\/+f5z\/nPfx7\/tYAB\/oBffxMINgbGx\/npXlzJT0KwcXSgFyyXWmAcO3n0DhYqnD+4nwsb79\/IjQRvc6UYqVjncoURSmlWaNr2Vdfqb9hQPo+fYQs688RW0Bodeo2h0QxhjWIpIQQbtQYb+PA5JooMblTLc7iQV1TIo+UMFqUoTX8FyMzP1d9wgYEAWM4+97heDKHv43385GlbVy7nQu\/58+AfH8F5xcTBBan69HIDCGGsRMK8EQe7m8rAvahCr4hG2EB\/YByU2mK9FIK3qRrXGdBLAjzQj+tzObJg7EQrVxIuu3IG5BUX6iUBT3MVjKNoCJYuFI9WHd5BYtqsmfpbCOff\/iNo1gxBcRz\/Ou5bj6qRF9yOVV9dDdlF+aKAGO45Dao1PSi9KOG0LmuEo+vW6iUxj2rC94RSdZVksmTHI4QiYT4Qce713zILEyFqIHUdHugBrbYEPE0OqSlRiB4YGAN3ZRG\/t1y\/ANq+fjO\/RyJqoFpXEjy2RM6DlI9951ZRNiBsoLsxJAza\/JW3rGY+1ZIM6Hr2Ma6XCA70NIXrJQ18+pmn9RKAE21F35uv6SV9oAeVOVLsdDyNoNWrRXNg6PODXLa4F1fxSyRyiwr0txACOLnsb8EDAdqSCjDf5hD82KEFT4kEL5Vk6FkcqiQYlxoAP6jNZXpJICgcGuzGwZLye++\/p7\/hihbY9bcQwraDBnmba3gSQsDvw4NtDZaNCBso4V4kBqsVwvCZwXQgwb2oCkZPtemlaEw4MB6SGkg67O\/uBHdzBWg1hSyToF4niIQI0qQB\/xDuigO0CuGxWm5sBnVJNbTdsHhC+ZkhJkE\/WlCazFNnA291qag0gNpaltaCtmg+HL11ZVylJZgSlGJSqwrwZKPRwXciLnHo8CEYGh7i9\/FxP7drJVl8Njsf3RyTY1OCWhkOXlgGIx3t6ELDh8+Yk8LnNLe4ABZfvVSvFaAlqfZsPCgV0P3KC7gYUW8EEyRHRaDww9tUBUPKIS6bwWq38THNxd\/xY8f02mi4CtM48Onb\/VfwBSh+EGCCrsJUPAeV0Lv3zSiOInHwnwfZ9qVkpes15gigqAkKOkMNtXrkmMZliw9N1pmdz\/NqFFsmV8ZDatZcuORL0\/SSOQIYGPbueQPddzVbcgmxh8gU8dWxbRNqXDV4bDkxNa6mvhY2bd6sl8JBhMbaVD6rzqJUUWkQWpTSEKH227+CK6vEcxd9FB74+YMs0vScLL0mBN9wP2jovJ2ObC4bgywJUy0lEOG2FUvQulZB25oVHDaawa8fC7XRBipan3iYkCCBziNNptlz2TWdvP\/7wVVTxEnQqgtArS\/hd7RH\/IyFmAQlJBGtZC4qVw2cf+M1cJXhItAB+UeHYJz8XoJIiGAk1NK5MOJ1hSlDokiKIImReOk7sAcPc+JcGZEwwXE0CMTQYQxSPY3l\/C4tVDJIjKCuPCq6Jg8qj9ZgBw\/+qC5ZkgkRpEndDSWsqW13ruWyVmsDrc6egF6GIy5BOn\/eq2o4SDt65xrBkTwuuAhtfvyzZ0RMgmR+WzB3YGJrlolKA5hooxXDDZGMUCgZD6YEaf00tOXLzeBeUgOt1zXq9eEgw+DDZZEJVCowI0IYHbUZoghSUEETt3\/zFtDIg9SKrMGI3Xv26G9EADPlgXOgLSwHd6lwWbE4NSGIXuOn97KCaLhqI1cv79wJOYX5bLxnZczRa5EoUh1p0zDrKgcFQ41ISRgRRtDv98PpLT8GFWNptSI\/auDz27czMQovMvJEui9BRmHgs084vNBKhLcwQ5BgAImdenwrh89OR66pund2dnI8k4e\/K9N1X2cABQv9\/\/4QvBhMOW3mnDJBcppdv3mWxagWh7yzGTLz85jgtBlX6DXROP\/uW7jwcjhSLPbUSNhC2fu5P72MxFBB8lNEbQyTlTI3ncVaUBydVkvQ8O43MblHBlwFaUxQhp6W3vf2YjhQCWqhUIJ49nEaXTsgh\/dt\/IleYw4Kxs69+AzGqlWgFIUCLouGxpgyl4H\/iKQxHqbNnM4cfnTwY70mNrTqYo7aev+yi8u8hxSPqlg5+MW\/gqybgdpW3HQjZOPRSAQKOmwNpdf\/j\/0oVl2k\/B\/hdGRhYxUMe48Ew4eJMDQ0NGEfOfERDIQ1lFwfhopGFpig7KTYcEVNDvAP9ZqaKOLw\/Q8OQGGJVa8Jh\/SZriKMujHc7Hplh2gwIMihvGvSyvLBs8AG4z7igqvCMCc7k5Vm+uxZeo0AXTAQMbUkDc9hFXQ990QwFjIiSJDgw8NPUKsL0QsgUS6F4\/LZ4nLM6rDpNSEo9kx20J0P3T+hyMMIEvx+4Sm02mJwzw8XnZzkldde5acE1Xqvmo9urBI6frAu5tGKIkig\/jREqbeCWht9hWIE9fNeU4N7hknpurWmJtEIU4ISNBl79cp5PFHkkaENaL2pGfesBtrX3mC6BZGISZBYJVVQF9pBcQjvQESlBNpWX8dpXiuKU7bFQ2yCCDoeIz2nQWkuA5dD3JfTtMfv+hraygpUsNgij0RcggQfnq9hjxOJloOreA6cfnQLirEaY5miuHsWiYQIEujCefCLT\/jigC67VDyvyRIjJEyQQMei74O9oJbnT5i+xUNSBKcCF5UgpT50dEa1Q6hwmRg0W8E30CO2IpEzNAWYegZx4fLGZOzkcdQtzFsx7SfnwSFTgwPTFDv4hge4TwKx+gVhyhikAJFMBH+xOtkBKhpDN8biHrRDbtTpM7\/8GZz40XpQa9AlILPeulJowSRiDPeTNpPixouBC2aQkgjpef24WKUMM9aGMvRTVeBGJo+vv437UTv9CN5ldaDUFYOnGXPAenxe08D1tJnxYptkMWkG2Svo8QvBvbAM3Bgh0LWZimetbbXIJXnRBj2knZLMelF1NRQGq25NAbSvvIb78JzcSc4+eUyaQbnktlXXIkO4CxhZuOeXgmd5I6sptcdyjaTO1Mc31M+hk7vRjupcA0pVPpz43jruExLL5JEUg7xp+nv7rTdyXkyBRUs9BiDLGth5JStzKYRRdO9aRQHG\/g7wYkrlwsy044EN3IYR3aSREIMUHQcZu+s2UCoxSl6MIRpaxJalNRgKGD+Eh+OHGzZw5mO54nJ8zgDLtEvBUVkBh74QF+qSQcnDSNdJDiG0pkrcUVRdey6c3CpSNLJDyYowJoOUfssFtN\/zDfbwniUYwyxAs4+7NjY6yG0TYcuWzTArfQ5H6JQW0FcA+mVh9pwbI\/MiiiPHW0Apz+YLCkojldJcOP3Eg9xO6h1L\/Y2IYpDVEP\/J8ace2QwuShVQFT10G2LNgDGUMoGIxKJz4MABkSjThQcxqDNKHwO+ffddeq9o0LzyK8bQ4c\/AmZ\/CTFLmrmCC3vOGyDCIdrxEPYxBY9czO54EFbM7CgQ99CHAmgojbW7uY5YxTgT6YMRXSLR7xGhxAVw+awbs3rOb22PtBLXJ698BjBGdhSnIJK5nUTk481Jg4J234hqiIIOUshK6\/7CTL7I58sC8+0hRCvR\/uI8nmsy17\/IbVkB6XnaQwZyifJiROjsmY5GgnjIQ6P7zLlAKMnB9ldDSXAlOWw4MfPoRt5nBIiXU8\/br4CrJ4AyIfs6STOjf9zdumwRfQezYsQNmpqUE1TQjNweWr7heb00e43qY37XrJXCVpjOjGv4UezYMOj\/lNqPftXRtfwqcpZnsbFnP0af1vSMYmwr09vSw5ZTnb2ZaKmzf8YLeOnlIHs7+\/kW0uuiHcf1056SWZgfPKIFVtHvvW+AqnM2HmG7alKIM6N\/\/d+7gD\/iSUicj5DhHRbm4d0QmLZddAr29vVw\/GVAoRz+a+dzvXgCXleyE2EW1OA0GvYdFRx18XykX0vXsY6ym5Gg9eP6UwjQYPapwG\/VJllHZf9\/+d2F6ymywWCzw8C+2cV0yYN+Hc+lmAvo\/fh+OoMHx0q7RlXNBGvTsF1onPEBonUEjQzslA93OrZtAtWXzjnoWorPFlGfsbCe3TQWSFRTxRyujr+1sJ1DLyE5o6LLOvvoSd5EpWiRM\/KBIeQgdmzags80TBxmDaVedDcZ6u1g9EsXn\/\/2cd44s6VxUUzqPW7c9rLfGBu0YMTZ4og2cZTkY3eBuoT9W7Rmobb\/iPiJ0nxhRDBrBqoE49t1vifCMbmIaHRjJOMA3Msit8VzH4quXQnouuYkCtKK6m4i46IwEn3t8jnS0Y8qVj5kKuYT5cMSeBV2\/foT7yLXFQ0wGJaTRbb9jNX\/CZkbrkVF0uMwk\/mjnJ0JD80I2LpdhTDo9dRb0ne\/TW4wgpz7G843294AXg203hYQUplE8+lDsTwYTISEG6cwYr47brm8GtZZMczUcqS\/ChDX0aU8GDBLxzhvJhQ4FCwl\/Wo24eaa80lORB8fuuZ37EWiu2LNFIyEGJWjxHOjqZQ0Db3ddKYdzrup8aF+\/Vm\/RGYuxGsF3qEPrzYtAqy3F9AuDDPRrLatE8kuMX0iWnxSDErQsYpSI+4aHwN1QikbIjlJHi1sxD05uvDuupOWS225fCe5qKwcZChqx1hVN3CYY4y4XhEkxaATvKj5Hz50CT62VP+HwGXVkwUnMREQffvC2SQt9fN0aPM+ojkvQl9XboGVZE84jvlUk7UZi4IIZlJDWdOzUcdDI4mJqRZZPwSzkzFOPcRv1OHHvHeCsykNVnM93OJRfUr1kfKoxZQzS7jCLuvCHPIdBLUznEIp3FGNcrbaEbwLIzajl89DV9OmqStEHv0w5po5BA9jq6tZ08PCnnMdR6OdGR60Uz4HR7tPMGF85SolcJFwUBiWIUam6p57cBt27XuR3Yn4qz1ksXFQG\/\/8A+B+wvM13GZLiGgAAAABJRU5ErkJggg==\" \/><strong>GHS07 <\/strong><img decoding=\"async\" alt=\"\" src=\"data:image\/png;base64,iVBORw0KGgoAAAANSUhEUgAAADsAAAA9CAYAAAFkeyE4AAAAAXNSR0IArs4c6QAAAARnQU1BAACxjwv8YQUAAAAJcEhZcwAAFxEAABcRAcom8z8AAA1bSURBVFhH3ZkJdFRFFoYDqBxcBtAzOjpHx3WOIgFFWYKgCaAYQFEHBUVHEXAFBceoOKIj4kISwr4kKmhwCAoMeyRADIuExUHZEXQQRMAMJL2kl6Q76Tv3v6+q08vrTncW5sx853S\/9+pV1a1b71bVrVsJVAtBGco6t6WqH75XTwb+DJYubcnpdMq9Z91quQLJYLntJnlo07YtnT59Wu5dOTPkGiQiISGBirdsoYWLFsmzfcjA4AzNW7SgC1q1oqZnn03WfimS5s\/gq3CrOxZ5+y3qLkRE9ckTZElqp54MgjJ49+1WdwY11duscrV0bS9XYLysrqJDhw\/LLbD0SpKrv+Tdqam0Mj9fPRHZHuxLCZZuN6vHYJzp442Slq7tKLVPH2rZujWde8EFVLEoTzL4q0WfA++Ob+QK\/C+B5fYO6s4g6GUg0indO3DHJKqUcMIK+9xufxM03h3bg7peE9wsVgy8PW4cHT9+nJ4cOlSeNVBUf1wghc26K6FJE6qqqpJ7bVcadGOQ+WgjBKc4c9fu3WnxkiXkcDjorHPOIavV+LwwTHwgEKwzf2YLjwEzYPL6s2vCOgzAiDCQAAZToDEFYlpYE2qioTROYRgHjATGEgnTwtCx6pAxcUB3PZBCCSsMSwo0boBWwPJCCSqMT+EpLCB3RQVVV1erVANLF7Zx\/pSB+AvD7GB+TpeLMrOy6JPcXPWmBm2+GikMi9FTGizqq\/Xr6cZ27eihQYMkLZBAS0yAjcJWQ2nevLm6I1pdUKDuDPRYiFj4jzfcINdK1v\/AgQNyr\/EXxl9gs8Fjjz9O2Tk5VMAS0159lZo0a6behDRbXf0dlrdgAbXv0IFaXXihTFbnt2xJzc89l\/Z+DxuPMt3Kpypaq56CkXk60qfSWO64VaadQDAtBa4GmrDCIMw87Ta5D8W0MEAz0avVJ+IcGJp6jedIVB\/9SdTBD\/d1IS7B1f8uMbqCO7\/656Pyw3yJNLyLh5gE+8rt0u8Q4t0b3oVIkwZwHuSNhaiCfV4vWVI6iYbezRtUamQ8X2+Q6QZlfB6PSjUnomDrXd1kBFWuXKpSiLrx2nXy5EnKyMwkn88XNkFoUAYTprV3d5USTphgW\/87ZUy4581RKQaO8nIZ1u+9\/z4tX7GCSn79VdL\/Pn++XM1AHagLdYbiF2wbfL9MLq5pE1VKDaWlpfTtzp0iGE5fM16pW110EZ2IMtYCQZ2oGzI0CY6\/jZG1xTbwHpUUDlxQTGr\/YBcBfsYll11GS5cvpy8WLqTFixfT62+8QSUlJTQrO1tmzEhABmRBZkwaa7BuwR+G8AkZGeJdf8c9ofnk00\/VXTCmGqurn0jfWGOz2WjAwIH0O9Z6c3GxTOXoenyCP1x9Nb02ZozKGeM3DgUWGWrVseJZtVwmFWvvbiolnIiCgYzjZGMce2IYx5WbimQYWZI7StloRBWs8c9cmEj27FKpNTT4zBVK2Fx9DHP1jfJJGmWuDuWMr06BOF5\/Sd3FT52Elo8YLq4zrnUhbqGOl0eKQLhnMCJH2kj1JnbiEuoY+woLvJk1NPZy5SOHseCbJD0eYhbqGP+maGYf\/qhKMbA\/9ZihMb+PlZiEOjPfFY3sjz+kUoKx\/\/lBeY98sVCrUNf0LGMif7i\/SjHHNqi\/CHbNyFIpkYkq1D03x5hXB6SqlOjY\/pRqLCJzZqsUcyIKdS\/IlRnHdm8veZ7P663ehvvk3xzrPT2loSgfCVOhFUsXikNm7ZusUojWFRZS71RDY7gyGRMjr8nW1GSZMlGPGWFCK1evMLr0zq6skqETPAdEK27p1EmesU08duyY3JvC5VAe9aC+UIKEetavEw0tPboQqdCI5uW0NPEmQEovo8st3N3wJE3h8paeXaQ+1BuIX6hny9eGQN6G+SorVarBrNmz6d333pPt6ILPP6c+fftSzkcf0RNDhqgc5qAe1CeCuX6NCEVAAN8A0xuZBAJOnTpFw55+2u874Tp9Rs0WNyoIaSEOhnVZBR4SvPv3GgKxGEfYG2o+njOHmvKeeexbb6mUGrZt20b7QzbjGtSL+kUwy0so69iGynhsVf14SGUJ5ujPP9PnX3wh7uiQoUNFy6nTponLirTczz6T9+XstMOqV61apUoGg\/ohB\/Li0jRr0iQReuhQTQMhWDOb\/WIdEA4kTFMk1vZNNX9hC25y1ll0fZs2YrWYMDS7d++mQz\/8oJ4CMPum8s9Es17wLu91Xhw9WnxeTBQz2aK9PCzy8\/OpU1KS9MBTzzyjchtEtV5NtHGqWbFyJZ3TogU9+\/zzNHPWLBEGJxy\/pNtukziTgHHK9UDDiONUEzojWSwWemHUKOrM2rTmjRWizb\/hHwI5Lc4\/X6LtCOjgHr\/Lr7xS6ol5RtLI3AvBAXNvPFj7YO5NjH3u1YSuMrEiqwyWt\/nmGy0QUSjQ66ltQB+VEp2a9TRbpZgTVSiAJyCew6B7VYo58CxkGzpzkkqJTK1CgTPrA6kQvpAZ8J3ER5r4vkqJTkxCgd8bZO8vEHiHaFCDe4Maxxtpht\/L\/i4oH8mePjfEMTZNnmMlLqFAPHwWZO3XwxD4ygvqTezELRSc8b2M5ozv2upK1eEfyf7sECrr1EaueD6TnBFlETEoH\/2ssYhheeVRZiyziZKO92eCRlUWoRDHa6N4FmcleZCVsXLYSnu2buYBOIKfDWcJSiNfvKGTeGkUZX1lpRKdxNJjKNOWzfYJNttgZ0rM+rkn5b3k4\/woh\/KNQYMq67PZyPnB24aZ4teZlXzyYao6sE\/lMKfq4H7JJ8ExKM1lUQ\/qa0gaRFmci7qmZPgbii9le\/QBqtq5Q+WIDeS3DX7ACEGiHq7PNTmdfC6XylE\/6qWsr6KC3NnTJahuKJlItof6kXf7FpWjbni2FctxqJg36mUXHnIgrz7UTdnqaiOu3qOzMS7xJe+7iyrXF5KXvfZqFUuoL56NRVxvb+lEkZPSidy5H4v8uhCfsqyEe1GesZWAcOwO+qVQZUG+ykASKBn10kuyr508ZQodPHhQ0nHipU9DkCdwG1oblQWrDLeJ5WFjAPnuhXnSnniIWVkcclj73GH0sjqOC9zGeLxe+tfhw+qJ6J7+\/SmpWzdyqvE2dfp0msj7bRz5IJ5Srjd+cVCxdJFx6IKlDG3g9sRz+FKrspVrv+Qtk+7V9mTtlUTuvHk8m4Sb0t59+2jQI4\/QvffdRw8PHiyHawVr1sg7BBGw+Vy2bJk8a9AZZgGFiLBcyEc7\/NbF7UM7ayOisp5NPF4euNvoRVR6R0dy8XattlMhN8\/MOKjNzMqiZs2a0f0DBsgBH4KNXbvzV+FdOHCxkuPGj6c5c+fK+3hBO1xzs6VdhtI8OXJ70e5IhCnr\/WYrWXFsGTATumZO4ZkwcmQGrFm7Vr7qby++WGIV11x3HV1y6aUSQrjq2mvlELF9hw70+yuukPc3JiZKUKy+oF1onwRd1LKH9kOPUPzKend9R7bHHjTGJG9JUdCVNYF8zvjHlpd7Pf\/LLym5Rw8JOSJAg2uL886jabGGHuME7UR7RWG0H8sg6wO9NAnefXvIPuxROWUT5zy5IzknvBPzmSLweDxkt9vlSLiMzRRRJ5jppMmT\/fHVK666irZt306VlZWS115ebvz4HmMWE1ZxcTHNz8ujovXrKT0jQ0wcY35nwJl2baDdzvTxogf0gV7QD3qGK8tjwJken7IYc2gwGo7QKZRFB2RkZoqiWtkdO3b4OwaKIq+VOwjLFMKuFcppQJ7iLVtoK5s5wnl79uyR9FgwlH3HGMuhyqo8DWrGmgn8dbSyl11+OW3mLxfIsV9+oU9yc6m0NNzxR1Q2d948Ono0tu1fTGasrn7qOkFp8JV385cY+eKLdF7LloayTZtSS152rrv+ekru2ZPGvvkm5Xz4Ia1ZFxxQPcKK4VwjsV07GjJsGJWU1L7lq9MEFUpdlx6YIhqpTfLwTz\/Rxk2bZA0eOnw4TUhPpxMnTsg7jN\/nRoygVq1b+y0AHdOEl6xbO3akbO6Q48ePmy5NsvRwe+q19IQSj1OBSenIkSO0a9cuWVamTJ1Kt6ekSAhdFFGTFX6tEOnmr60VTGAFg34q3y2s9IyZM8lqNdbnRnEqQvG7i\/KlWUCAu1jOSmIywVoLHxjXtWyiXxUV0YaNG2nDhg1UxPeFhYXyQzryYKbVv\/zVq2llfr6Ux7KFiWnZ8uW0ZOlSWs112R1O8qxYYriLXbkN3I4GdxeDwEaAHfDQjYAnYCPQGKB+\/0YAMht7IxAEjyFstWSLh9mbp3ds8Ty8xWtIarZ4PFlCUZaHrWWkU6faqJuyCtm858wI3rzzptuzteacrC4Eb97ZgthBcOfw5j3KYWIs1EtZjYRlpmbyIq7DMqx0HcIy3m\/\/KeX8yx7CMlMy6q2kpkGU1fjg+iHghvGMxsJ7QcDt4H6VwxwE5IyAGyuJOBaOiz4YRz6bVeVoGBpUWY2EUsf9VWZtaTx\/KSOUGnwCUBNKhdfG+XhcSii19LTK0bA0irIa0yD5yyOMIHnaSCpDuvJ6HGNG\/28GyUPxH39oM1XjEc\/\/N8cfofx3D7aI\/gP55nU0dczHNQAAAABJRU5ErkJggg==\" \/><strong>GHS09 Uzman\u012bbu<\/strong><\/p>\n<p><strong>H315<\/strong> Kairina \u0101du<\/p>\n<p><strong>H319<\/strong> Izraisa nopietnu acu kairin\u0101jumu.<\/p>\n<p><strong>H317<\/strong> Var izrais\u012bt aler\u0123isku \u0101das reakciju.<\/p>\n<p><strong>H411<\/strong> Toksisks \u016bdens organismiem <a id=\"_Hlk78803037\" name=\"_Hlk78803037\">ar ilgsto&scaron;\u0101m sek\u0101m.<\/a><\/p>\n<p>Dro&scaron;\u012bbas pras\u012bbu apz\u012bm\u0113jumi:<\/p>\n<p>P102 Sarg\u0101t no b\u0113rniem.<\/p>\n<p>P261 Izvair\u012bties ieelpot putek\u013cus\/tvaikus\/g\u0101zi\/ d\u016bmus\/ izgarojumus\/smidzin\u0101jumu.<\/p>\n<p>P264 P\u0113c izmanto&scaron;anas rokas k\u0101rt\u012bgi nomazg\u0101t.<\/p>\n<p>P273 Izvair\u012bties no izplat\u012b&scaron;anas apk\u0101rt\u0113j\u0101 vid\u0113.<\/p>\n<p>P280 Izmantot aizsargcimdus\/aizsargdr\u0113bes\/acu aizsargus\/sejas aizsargus<\/p>\n<p>P391 Sav\u0101kt iz&scaron;\u013cakst\u012bto &scaron;\u0137idrumu.<\/p>\n<p>P305+P351+P338 SASKAR\u0112 AR AC\u012aM: Uzman\u012bgi izskalot ar \u016bdeni vair\u0101kas min\u016btes. Iz\u0146emt kontaktl\u0113cas, ja t\u0101s ir ievietotas un ja to var vienk\u0101r&scaron;i izdar\u012bt. Turpin\u0101t skalot.<\/p>\n<p>P337+P313 Ja acu iekaisums nep\u0101riet: l\u016bdziet medi\u0137u pal\u012bdz\u012bbu<\/p>\n<p>P302+P352 SASKAR\u0112 AR \u0100DU: nomazg\u0101t ar lielu ziepju un \u016bdens daudzumu.&nbsp;&nbsp;<\/p>\n<p>P333+P313 Ja rodas \u0101das iekaisums vai izsitumi: l\u016bdziet medi\u0137u pal\u012bdz\u012bbu.<\/p>\n<p>P501 Atbr\u012bvoties no satura\/tvertnes\/iepakojuma saska\u0146\u0101 ar valsts noteikumiem.<\/p>\n","protected":false},"excerpt":{"rendered":"<p>100% dab\u012bga, efekt\u012bva. Piparm\u0113tras \u0113terisko e\u013c\u013cu ieg\u016bst no kalt\u0113tiem veseliem piparm\u0113tru augiem, destil\u0113jot ar tvaiku. Tai ir&nbsp;sp\u0113c\u012bgs atsvaidzino&scaron;s arom\u0101ts. Piesardz\u012bbas pas\u0101kumi:&nbsp;tikai \u0101r\u0113jai lieto&scaron;anai. Ja nok\u013c\u016bst ac\u012bs, izskalot ar lielu daudzumu \u016bdens un mekl\u0113t medic\u012bnisko pal\u012bdz\u012bbu. Iesp\u0113jama paaugstin\u0101ta individu\u0101l\u0101 jut\u012bba pret produktu. Sekojiet lieto&scaron;anas instrukcijai. Lieto&scaron;anas instrukcija: Lieto&scaron;ana:&nbsp;taukainai \u0101dai ar tendenci &nbsp;uz izsitumiem. Efekt\u012bva pret trauksmi, [&#8230;]\n","protected":false},"featured_media":102761,"template":"","meta":[],"product_cat":[1621],"product_tag":[],"class_list":{"0":"post-57209","1":"product","2":"type-product","3":"status-publish","4":"has-post-thumbnail","6":"product_brand-sale","7":"product_cat-aliejai","9":"first","10":"outofstock","11":"taxable","12":"shipping-taxable","13":"product-type-simple"},"_links":{"self":[{"href":"https:\/\/e.kosmolat.eu\/lv\/wp-json\/wp\/v2\/product\/57209","targetHints":{"allow":["GET"]}}],"collection":[{"href":"https:\/\/e.kosmolat.eu\/lv\/wp-json\/wp\/v2\/product"}],"about":[{"href":"https:\/\/e.kosmolat.eu\/lv\/wp-json\/wp\/v2\/types\/product"}],"wp:featuredmedia":[{"embeddable":true,"href":"https:\/\/e.kosmolat.eu\/lv\/wp-json\/wp\/v2\/media\/102761"}],"wp:attachment":[{"href":"https:\/\/e.kosmolat.eu\/lv\/wp-json\/wp\/v2\/media?parent=57209"}],"wp:term":[{"taxonomy":"product_cat","embeddable":true,"href":"https:\/\/e.kosmolat.eu\/lv\/wp-json\/wp\/v2\/product_cat?post=57209"},{"taxonomy":"product_tag","embeddable":true,"href":"https:\/\/e.kosmolat.eu\/lv\/wp-json\/wp\/v2\/product_tag?post=57209"}],"curies":[{"name":"wp","href":"https:\/\/api.w.org\/{rel}","templated":true}]}}