{"id":57201,"date":"2024-10-11T04:07:26","date_gmt":"2024-10-11T04:07:26","guid":{"rendered":"https:\/\/e.kosmolat.eu\/product\/dr-s-retinol-plus-pretgrumbu-koncentrats-30-ml\/"},"modified":"2025-09-19T22:03:46","modified_gmt":"2025-09-19T22:03:46","slug":"i_dr-s-retinol-plus-pretgrumbu-koncentrats-30-ml","status":"publish","type":"product","link":"https:\/\/e.kosmolat.eu\/lv\/product\/i_dr-s-retinol-plus-pretgrumbu-koncentrats-30-ml\/","title":{"rendered":"I_Dr.S.RETINOL PLUS pretgrumbu koncentr\u0101ts, 30 ml"},"content":{"rendered":"<p>\u0100das tips: \u0101dai ap ac\u012bm 35+<\/p>\n<div>T\u016bl\u012bt\u0113js \u0101das gludums un mitrin\u0101\u0161ana! Sp\u0113c\u012bga pretnoveco\u0161an\u0101s iedarb\u012bba.\n<\/div>\n<div>Akt\u012bvas sast\u0101vda\u013cas: retinols, lecit\u012bns, inul\u012bns, augu izcelsmes mitrino\u0161s komplekss.\n<\/div>\n<div>Galven\u0101 sast\u0101vda\u013ca: Retinols \u2013 dro\u0161s A vitam\u012bns ar liposomu pieg\u0101des sist\u0113mu. Mega trends starp anti-age sast\u0101vda\u013c\u0101m kosm\u0113tik\u0101. Multifunkcion\u0101la, izp\u0113t\u012bta kosm\u0113tisk\u0101 sast\u0101vda\u013ca.\n<\/div>\n<h4>Koncentr\u0101cijas iedarb\u012bbas rezult\u0101ts:<br \/>\n<\/h4>\n<div>Ilgsto\u0161a mitrin\u0101\u0161ana 24h\n<\/div>\n<div>-\u0101das tvirtuma paaugstin\u0101\u0161ana\n<\/div>\n<div>-elast\u012bbas uzlabo\u0161ana\n<\/div>\n<div>\u0100das noveco\u0161an\u0101s kav\u0113\u0161ana\n<\/div>\n<div>-\u0101das \u0101r\u0113j\u0101 izskata uzlabo\u0161ana, kas boj\u0101ta ar ultravioletiem stariem.\n<\/div>\n<div>Person\u012bg\u0101 \u0101das kolag\u0113na izstr\u0101des stimul\u0113\u0161ana\n<\/div>\n<div>-\u0101das tvirtuma paaugstin\u0101\u0161ana\n<\/div>\n<div>-elast\u012bbas uzlabo\u0161ana\n<\/div>\n<div>-\u0101das reljefa izl\u012bdzin\u0101\u0161anai.\n<\/div>\n<div>Vesel\u012bgs mikrobioms\n<\/div>\n<div>-\u0101das vesel\u012bgas mikrofloras uztur\u0113\u0161ana.\n<\/div>\n<h4>Lieto\u0161ana: <\/h4>\n<p>uzkl\u0101t uz priek\u0161laic\u012bgi att\u012br\u012btas sejas un kakla \u0101das pa mas\u0101\u017eas l\u012bnij\u0101m. Var lietot pirms dienas vai nakts kr\u0113ma uzkl\u0101\u0161anas. Efekt\u012bv\u0101kai un \u0101tr\u0101kai iedarb\u012bbai tiek rekomend\u0113ts lietot visu l\u012bdzek\u013cu s\u0113riju. <\/p>\n<h4>Piesardz\u012bbas pas\u0101kumi: <\/h4>\n<p>ir iesp\u0113jama individu\u0101l\u0101 jut\u012bba uz atsevi\u0161\u0137\u0101m sast\u0101vda\u013c\u0101m.<\/p>\n","protected":false},"excerpt":{"rendered":"<p>\u0100das tips: \u0101dai ap ac\u012bm 35+ T\u016bl\u012bt\u0113js \u0101das gludums un mitrin\u0101\u0161ana! Sp\u0113c\u012bga pretnoveco\u0161an\u0101s iedarb\u012bba. Akt\u012bvas sast\u0101vda\u013cas: retinols, lecit\u012bns, inul\u012bns, augu izcelsmes mitrino\u0161s komplekss. Galven\u0101 sast\u0101vda\u013ca: Retinols \u2013 dro\u0161s A vitam\u012bns ar liposomu pieg\u0101des sist\u0113mu. Mega trends starp anti-age sast\u0101vda\u013c\u0101m kosm\u0113tik\u0101. Multifunkcion\u0101la, izp\u0113t\u012bta kosm\u0113tisk\u0101 sast\u0101vda\u013ca. Koncentr\u0101cijas iedarb\u012bbas rezult\u0101ts: Ilgsto\u0161a mitrin\u0101\u0161ana 24h -\u0101das tvirtuma paaugstin\u0101\u0161ana -elast\u012bbas uzlabo\u0161ana [&#8230;]\n","protected":false},"featured_media":85722,"template":"","meta":[],"product_cat":[1325],"product_tag":[],"class_list":{"0":"post-57201","1":"product","2":"type-product","3":"status-publish","4":"has-post-thumbnail","6":"product_brand-elfa_ua","7":"product_cat-serumi","9":"first","10":"outofstock","11":"taxable","12":"shipping-taxable","13":"product-type-simple"},"_links":{"self":[{"href":"https:\/\/e.kosmolat.eu\/lv\/wp-json\/wp\/v2\/product\/57201","targetHints":{"allow":["GET"]}}],"collection":[{"href":"https:\/\/e.kosmolat.eu\/lv\/wp-json\/wp\/v2\/product"}],"about":[{"href":"https:\/\/e.kosmolat.eu\/lv\/wp-json\/wp\/v2\/types\/product"}],"wp:featuredmedia":[{"embeddable":true,"href":"https:\/\/e.kosmolat.eu\/lv\/wp-json\/wp\/v2\/media\/85722"}],"wp:attachment":[{"href":"https:\/\/e.kosmolat.eu\/lv\/wp-json\/wp\/v2\/media?parent=57201"}],"wp:term":[{"taxonomy":"product_cat","embeddable":true,"href":"https:\/\/e.kosmolat.eu\/lv\/wp-json\/wp\/v2\/product_cat?post=57201"},{"taxonomy":"product_tag","embeddable":true,"href":"https:\/\/e.kosmolat.eu\/lv\/wp-json\/wp\/v2\/product_tag?post=57201"}],"curies":[{"name":"wp","href":"https:\/\/api.w.org\/{rel}","templated":true}]}}