{"id":57177,"date":"2024-10-11T04:06:26","date_gmt":"2024-10-11T04:06:26","guid":{"rendered":"https:\/\/e.kosmolat.eu\/product\/dr-s-hyaluron-mezzo-pro-krems-zeleja-dienas-50-ml\/"},"modified":"2025-09-19T21:40:53","modified_gmt":"2025-09-19T21:40:53","slug":"i_dr-s-hyaluron-mezzo-pro-dienas-krems-zeleja-50-ml","status":"publish","type":"product","link":"https:\/\/e.kosmolat.eu\/lv\/product\/i_dr-s-hyaluron-mezzo-pro-dienas-krems-zeleja-50-ml\/","title":{"rendered":"I_Dr.S.Hyaluron Mezzo Pro Dienas kr\u0113ms-\u017eeleja, 50 ml"},"content":{"rendered":"<p>\u0100das tips: visiem \u0101das tipiem 35+. Bezinjekciju sp\u0113c\u012bga mitrin\u0101\u0161ana un liftinga efekts, k\u0101 p\u0113c salona kop\u0161anas. Nov\u0113r\u0161 5 \u0101das dehidr\u0101cijas \u012bpa\u0161\u012bbas: elast\u012bbas zudums, bl\u0101vums, lob\u012b\u0161an\u0101s, savilkt\u012bba, aps\u0101rtums.<\/p>\n<div>Pamatsast\u0101vda\u013ca: hialuronsk\u0101be. Pievelk un notur mitrumu. Nodro\u0161ina \u0101tru un ilgsto\u0161u mitrin\u0101\u0161anu. Atgrie\u017e dz\u012bv\u012bbu sausai un bl\u0101vai \u0101dai. Rezult\u0101ts: \u0100tra un ilgsto\u0161a mitrin\u0101\u0161ana l\u012bdz 72h. Tvirtuma palielin\u0101\u0161ana. Elast\u012bbas uzlabo\u0161ana. Botox-efekts: grumbu izteikt\u012bbas un dzi\u013cuma samazin\u0101\u0161ana; deguna l\u016bpu kroku samazin\u0101\u0161ana; m\u012bmikas grumbu korekcija. Vesel\u012bgs mikrobioms: vesel\u012bgas \u0101das mikrofloras uztur\u0113\u0161ana.\n<\/div>\n<div>Lieto\u0161ana: uzkl\u0101t nelielu l\u012bdzek\u013ca daudzumu uz priek\u0161laic\u012bgi att\u012br\u012btas sejas un kakla \u0101das pa mas\u0101\u017eas l\u012bnij\u0101m.\n<\/div>\n<div>Piesardz\u012bbas pas\u0101kumi: ir iesp\u0113jama paaugstin\u0101ta individu\u0101l\u0101 jut\u012bbas uz atsevi\u0161\u0137\u0101m sast\u0101vda\u013c\u0101m.<\/div>\n","protected":false},"excerpt":{"rendered":"<p>\u0100das tips: visiem \u0101das tipiem 35+. Bezinjekciju sp\u0113c\u012bga mitrin\u0101\u0161ana un liftinga efekts, k\u0101 p\u0113c salona kop\u0161anas. Nov\u0113r\u0161 5 \u0101das dehidr\u0101cijas \u012bpa\u0161\u012bbas: elast\u012bbas zudums, bl\u0101vums, lob\u012b\u0161an\u0101s, savilkt\u012bba, aps\u0101rtums. Pamatsast\u0101vda\u013ca: hialuronsk\u0101be. Pievelk un notur mitrumu. Nodro\u0161ina \u0101tru un ilgsto\u0161u mitrin\u0101\u0161anu. Atgrie\u017e dz\u012bv\u012bbu sausai un bl\u0101vai \u0101dai. Rezult\u0101ts: \u0100tra un ilgsto\u0161a mitrin\u0101\u0161ana l\u012bdz 72h. Tvirtuma palielin\u0101\u0161ana. Elast\u012bbas uzlabo\u0161ana. [&#8230;]\n","protected":false},"featured_media":85270,"template":"","meta":[],"product_cat":[1320],"product_tag":[],"class_list":{"0":"post-57177","1":"product","2":"type-product","3":"status-publish","4":"has-post-thumbnail","6":"product_brand-elfa_ua","7":"product_cat-sejas-kremi","9":"first","10":"outofstock","11":"taxable","12":"shipping-taxable","13":"product-type-simple"},"_links":{"self":[{"href":"https:\/\/e.kosmolat.eu\/lv\/wp-json\/wp\/v2\/product\/57177","targetHints":{"allow":["GET"]}}],"collection":[{"href":"https:\/\/e.kosmolat.eu\/lv\/wp-json\/wp\/v2\/product"}],"about":[{"href":"https:\/\/e.kosmolat.eu\/lv\/wp-json\/wp\/v2\/types\/product"}],"wp:featuredmedia":[{"embeddable":true,"href":"https:\/\/e.kosmolat.eu\/lv\/wp-json\/wp\/v2\/media\/85270"}],"wp:attachment":[{"href":"https:\/\/e.kosmolat.eu\/lv\/wp-json\/wp\/v2\/media?parent=57177"}],"wp:term":[{"taxonomy":"product_cat","embeddable":true,"href":"https:\/\/e.kosmolat.eu\/lv\/wp-json\/wp\/v2\/product_cat?post=57177"},{"taxonomy":"product_tag","embeddable":true,"href":"https:\/\/e.kosmolat.eu\/lv\/wp-json\/wp\/v2\/product_tag?post=57177"}],"curies":[{"name":"wp","href":"https:\/\/api.w.org\/{rel}","templated":true}]}}