{"id":57161,"date":"2024-10-11T04:05:48","date_gmt":"2024-10-11T04:05:48","guid":{"rendered":"https:\/\/e.kosmolat.eu\/product\/dr-s-0-krems-adai-ap-acim-15-ml\/"},"modified":"2026-03-31T18:59:15","modified_gmt":"2026-03-31T18:59:15","slug":"i_dr-s-0-krems-adai-ap-acim-15-ml","status":"publish","type":"product","link":"https:\/\/e.kosmolat.eu\/lv\/product\/i_dr-s-0-krems-adai-ap-acim-15-ml\/","title":{"rendered":"I_&#8221;Dr.S.0%&#8221; Kr\u0113ms \u0101dai ap ac\u012bm, 15 ml"},"content":{"rendered":"<p>\n<span style=\"line-height: 1.42857;\">Dr. Sante 0% s\u0113rija \u2013 m\u016bsdien\u012bgo sabalans\u0113to formulu un augstas kvalit\u0101tes augu izejvielu savienojums. Speci\u0101li izv\u0113l\u0113t\u0101s dab\u012bg\u0101s sast\u0101vda\u013cas efekt\u012bvi papildina viens otra iedarb\u012bbu.\u00a0<\/span><\/p>\n<p>Kr\u0113ms atgrie\u017e tvirtumu un svaigumu  \u0101dai ap ac\u012bm. Nov\u0113r\u0161 noguruma paz\u012bmes.\n<\/p>\n<p><b>Kolag\u0113ns <\/b>veicina \u0101das re\u0123ener\u0101ciju, atjauno aminosk\u0101bju zaud\u0113jumus, mitrina un baro. Alvejas sula mitrina maigu plaksti\u0146u \u0101du \u0161\u016bnu l\u012bmen\u012b. Kvie\u0161u prote\u012bni izl\u012bdzina s\u012bk\u0101s grumbi\u0146as.\n<\/p>\n<p><b>PP vitam\u012bns <\/b>stiprina asins mikrocirkul\u0101ciju, mazina tum\u0161us lokus.\n<\/p>\n<h4>Lieto\u0161ana: <\/h4>\n<p>uzkl\u0101t uz t\u012bras \u0101das ap ac\u012bm no r\u012bta un vakar\u0101 viegl\u0101m mas\u0113jo\u0161\u0101m kust\u012bb\u0101m.<\/p>\n","protected":false},"excerpt":{"rendered":"<p>Dr. Sante 0% s\u0113rija \u2013 m\u016bsdien\u012bgo sabalans\u0113to formulu un augstas kvalit\u0101tes augu izejvielu savienojums. Speci\u0101li izv\u0113l\u0113t\u0101s dab\u012bg\u0101s sast\u0101vda\u013cas efekt\u012bvi papildina viens otra iedarb\u012bbu.\u00a0 Kr\u0113ms atgrie\u017e tvirtumu un svaigumu \u0101dai ap ac\u012bm. Nov\u0113r\u0161 noguruma paz\u012bmes. Kolag\u0113ns veicina \u0101das re\u0123ener\u0101ciju, atjauno aminosk\u0101bju zaud\u0113jumus, mitrina un baro. Alvejas sula mitrina maigu plaksti\u0146u \u0101du \u0161\u016bnu l\u012bmen\u012b. Kvie\u0161u prote\u012bni izl\u012bdzina [&#8230;]\n","protected":false},"featured_media":96634,"template":"","meta":[],"product_cat":[1588],"product_tag":[],"class_list":{"0":"post-57161","1":"product","2":"type-product","3":"status-publish","4":"has-post-thumbnail","6":"product_brand-elfa_ua","7":"product_cat-acu-kremi","9":"first","10":"outofstock","11":"taxable","12":"shipping-taxable","13":"product-type-simple"},"_links":{"self":[{"href":"https:\/\/e.kosmolat.eu\/lv\/wp-json\/wp\/v2\/product\/57161","targetHints":{"allow":["GET"]}}],"collection":[{"href":"https:\/\/e.kosmolat.eu\/lv\/wp-json\/wp\/v2\/product"}],"about":[{"href":"https:\/\/e.kosmolat.eu\/lv\/wp-json\/wp\/v2\/types\/product"}],"wp:featuredmedia":[{"embeddable":true,"href":"https:\/\/e.kosmolat.eu\/lv\/wp-json\/wp\/v2\/media\/96634"}],"wp:attachment":[{"href":"https:\/\/e.kosmolat.eu\/lv\/wp-json\/wp\/v2\/media?parent=57161"}],"wp:term":[{"taxonomy":"product_cat","embeddable":true,"href":"https:\/\/e.kosmolat.eu\/lv\/wp-json\/wp\/v2\/product_cat?post=57161"},{"taxonomy":"product_tag","embeddable":true,"href":"https:\/\/e.kosmolat.eu\/lv\/wp-json\/wp\/v2\/product_tag?post=57161"}],"curies":[{"name":"wp","href":"https:\/\/api.w.org\/{rel}","templated":true}]}}