{"id":57137,"date":"2024-10-11T04:04:36","date_gmt":"2024-10-11T04:04:36","guid":{"rendered":"https:\/\/e.kosmolat.eu\/product\/dr-s-vitamin-c-vitaminu-kokteils-adai-ap-acim-15-ml\/"},"modified":"2026-04-23T09:23:32","modified_gmt":"2026-04-23T09:23:32","slug":"dr-s-vitamin-c-vitaminu-kokteils-adai-ap-acim-15-ml","status":"publish","type":"product","link":"https:\/\/e.kosmolat.eu\/lv\/product\/dr-s-vitamin-c-vitaminu-kokteils-adai-ap-acim-15-ml\/","title":{"rendered":"&#8220;Dr.S Vitamin C&#8221; Vitam\u012bnu kokteils \u0101dai ap ac\u012bm, 15 ml"},"content":{"rendered":"<p>Vitam\u012bnu kokteilis \u0100dai ap ac\u012bm. Bl\u0101vai un noguru\u0161ai \u0101dai. Kopj delik\u0101tu zonu ap ac\u012bm, kav\u0113jot grumbu priek\u0161laic\u012bgu par\u0101d\u012b\u0161anos. Pies\u0101tina \u0101du ar vitam\u012bniem un atgrie\u017e tai svaigumu un tvirtumu. Neizsauc kairin\u0101jumu un aler\u0123isk\u0101s reakcijas.\n<\/p>\n<p>Akt\u012bvas sast\u0101vda\u013cas:\n<\/p>\n<p>Augstas koncentr\u0101cijas C vitam\u012bns, A, B, E, H vitam\u012bnu komplekss.\n<\/p>\n<p>Augstas koncentr\u0101cijas vitam\u012bns C \u2013 viens no efekt\u012bv\u0101kiem antioksidantiem, kur\u0161 pal\u0113nina grumbu veido\u0161an\u0101s procesu.  Atgrie\u017e mirdzumu noguru\u0161ai un bl\u0101vai \u0101dai, nodro\u0161ina katru \u0161\u016bnu ar ener\u0123iju. Tiek aktiviz\u0113ta p\u0113c uzkl\u0101\u0161anas uz \u0101du un darbojas ilgu laiku.\n<\/p>\n<p>A, B, E, H vitam\u012bnu komplekss ir \u201cslazds\u201d br\u012bvajiem radik\u0101\u013ciem, pal\u0113nina oksid\u0113\u0161anas procesus \u0101d\u0101, nov\u0113r\u0161ot priek\u0161laic\u012bgu noveco\u0161anos.\n<\/p>\n<p>Visiem \u0101das tipiem. Lieto\u0161anai dien\u0101 un pirms miega.\n<\/p>\n<p>Lieto\u0161ana: uzkl\u0101t uz t\u012bras \u0101das ap ac\u012bm un izsm\u0113r\u0113t viegl\u0101m mas\u0113jo\u0161\u0101m kust\u012bb\u0101m. Tiek rekomend\u0113ts lietot no r\u012bta un vakar\u0101. Piesardz\u012bbas pas\u0101kumi: ir iesp\u0113jama individu\u0101l\u0101 jut\u012bba uz atsevi\u0161\u0137\u0101m sast\u0101vda\u013c\u0101m.<\/p>\n","protected":false},"excerpt":{"rendered":"<p>Vitam\u012bnu kokteilis \u0100dai ap ac\u012bm. Bl\u0101vai un noguru\u0161ai \u0101dai. Kopj delik\u0101tu zonu ap ac\u012bm, kav\u0113jot grumbu priek\u0161laic\u012bgu par\u0101d\u012b\u0161anos. Pies\u0101tina \u0101du ar vitam\u012bniem un atgrie\u017e tai svaigumu un tvirtumu. Neizsauc kairin\u0101jumu un aler\u0123isk\u0101s reakcijas. Akt\u012bvas sast\u0101vda\u013cas: Augstas koncentr\u0101cijas C vitam\u012bns, A, B, E, H vitam\u012bnu komplekss. Augstas koncentr\u0101cijas vitam\u012bns C \u2013 viens no efekt\u012bv\u0101kiem antioksidantiem, kur\u0161 [&#8230;]\n","protected":false},"featured_media":84186,"template":"","meta":[],"product_cat":[1999],"product_tag":[],"class_list":{"0":"post-57137","1":"product","2":"type-product","3":"status-publish","4":"has-post-thumbnail","6":"product_brand-elfa_ua","7":"product_cat-bez-kategorijas","9":"first","10":"instock","11":"taxable","12":"shipping-taxable","13":"product-type-simple"},"_links":{"self":[{"href":"https:\/\/e.kosmolat.eu\/lv\/wp-json\/wp\/v2\/product\/57137","targetHints":{"allow":["GET"]}}],"collection":[{"href":"https:\/\/e.kosmolat.eu\/lv\/wp-json\/wp\/v2\/product"}],"about":[{"href":"https:\/\/e.kosmolat.eu\/lv\/wp-json\/wp\/v2\/types\/product"}],"wp:featuredmedia":[{"embeddable":true,"href":"https:\/\/e.kosmolat.eu\/lv\/wp-json\/wp\/v2\/media\/84186"}],"wp:attachment":[{"href":"https:\/\/e.kosmolat.eu\/lv\/wp-json\/wp\/v2\/media?parent=57137"}],"wp:term":[{"taxonomy":"product_cat","embeddable":true,"href":"https:\/\/e.kosmolat.eu\/lv\/wp-json\/wp\/v2\/product_cat?post=57137"},{"taxonomy":"product_tag","embeddable":true,"href":"https:\/\/e.kosmolat.eu\/lv\/wp-json\/wp\/v2\/product_tag?post=57137"}],"curies":[{"name":"wp","href":"https:\/\/api.w.org\/{rel}","templated":true}]}}