{"id":57129,"date":"2024-10-11T04:04:01","date_gmt":"2024-10-11T04:04:01","guid":{"rendered":"https:\/\/e.kosmolat.eu\/product\/dr-s-vitamin-c-atjaunojoss-nakts-krems-50-ml\/"},"modified":"2026-04-22T14:06:17","modified_gmt":"2026-04-22T14:06:17","slug":"dr-s-vitamin-c-atjaunojoss-nakts-krems-50-ml","status":"publish","type":"product","link":"https:\/\/e.kosmolat.eu\/lv\/product\/dr-s-vitamin-c-atjaunojoss-nakts-krems-50-ml\/","title":{"rendered":"&#8220;Dr.S Vitamin C&#8221; Atjaunojo\u0161s nakts kr\u0113ms, 50 ml"},"content":{"rendered":"<p>Bl\u0101vai un noguru\u0161ai \u0101dai. Atjaunojo\u0161s nakts kr\u0113ms akt\u012bvi atjauno \u0101du miega laik\u0101, likvid\u0113jot stresa un noguruma paz\u012bmes. Mitrina, pie\u0161\u0137ir \u0101dai tvirtumu un gludumu. No r\u012bta J\u016bsu \u0101da izskat\u0101s svaiga un piepild\u012bta ar ener\u0123iju. Kr\u0113mam piem\u012bt viegla tekst\u016bra, kura \u013cauj tam \u0101tri uzs\u016bkties, neatst\u0101jot lip\u012bguma saj\u016btu.\n<\/p>\n<p>Akt\u012bvas sast\u0101vda\u013cas:\n<\/p>\n<p>Augstas koncentr\u0101cijas C vitam\u012bns, A, B, E, H vitam\u012bnu komplekss.\n<\/p>\n<p>Augstas koncentr\u0101cijas vitam\u012bns C \u2013 viens no efekt\u012bv\u0101kiem antioksidantiem, kur\u0161 pal\u0113nina grumbu veido\u0161an\u0101s procesu.  Atgrie\u017e mirdzumu noguru\u0161ai un bl\u0101vai \u0101dai, nodro\u0161ina katru \u0161\u016bnu ar ener\u0123iju. Tiek aktiviz\u0113ta p\u0113c uzkl\u0101\u0161anas uz \u0101du un darbojas ilgu laiku.\n<\/p>\n<p>A, B, E, H vitam\u012bnu komplekss ir \u201cslazds\u201d br\u012bvajiem radik\u0101\u013ciem, pal\u0113nina oksid\u0113\u0161anas procesus \u0101d\u0101, nov\u0113r\u0161ot priek\u0161laic\u012bgu noveco\u0161anos.\n<\/p>\n<p>Visiem \u0101das tipiem. Lieto\u0161ana: vakar\u0101 nelielu kr\u0113ma daudzumu uzkl\u0101t uz priek\u0161laic\u012bgi att\u012br\u012btas sejas un kakla \u0101das pa mas\u0101\u017eas l\u012bnij\u0101m. Piesardz\u012bbas pas\u0101kumi: ir iesp\u0113jama individu\u0101l\u0101 jut\u012bba uz atsevi\u0161\u0137\u0101m sast\u0101vda\u013c\u0101m.<\/p>\n","protected":false},"excerpt":{"rendered":"<p>Bl\u0101vai un noguru\u0161ai \u0101dai. Atjaunojo\u0161s nakts kr\u0113ms akt\u012bvi atjauno \u0101du miega laik\u0101, likvid\u0113jot stresa un noguruma paz\u012bmes. Mitrina, pie\u0161\u0137ir \u0101dai tvirtumu un gludumu. No r\u012bta J\u016bsu \u0101da izskat\u0101s svaiga un piepild\u012bta ar ener\u0123iju. Kr\u0113mam piem\u012bt viegla tekst\u016bra, kura \u013cauj tam \u0101tri uzs\u016bkties, neatst\u0101jot lip\u012bguma saj\u016btu. Akt\u012bvas sast\u0101vda\u013cas: Augstas koncentr\u0101cijas C vitam\u012bns, A, B, E, H [&#8230;]\n","protected":false},"featured_media":84182,"template":"","meta":[],"product_cat":[1999],"product_tag":[],"class_list":{"0":"post-57129","1":"product","2":"type-product","3":"status-publish","4":"has-post-thumbnail","6":"product_brand-elfa_ua","7":"product_cat-bez-kategorijas","9":"first","10":"instock","11":"taxable","12":"shipping-taxable","13":"product-type-simple"},"_links":{"self":[{"href":"https:\/\/e.kosmolat.eu\/lv\/wp-json\/wp\/v2\/product\/57129","targetHints":{"allow":["GET"]}}],"collection":[{"href":"https:\/\/e.kosmolat.eu\/lv\/wp-json\/wp\/v2\/product"}],"about":[{"href":"https:\/\/e.kosmolat.eu\/lv\/wp-json\/wp\/v2\/types\/product"}],"wp:featuredmedia":[{"embeddable":true,"href":"https:\/\/e.kosmolat.eu\/lv\/wp-json\/wp\/v2\/media\/84182"}],"wp:attachment":[{"href":"https:\/\/e.kosmolat.eu\/lv\/wp-json\/wp\/v2\/media?parent=57129"}],"wp:term":[{"taxonomy":"product_cat","embeddable":true,"href":"https:\/\/e.kosmolat.eu\/lv\/wp-json\/wp\/v2\/product_cat?post=57129"},{"taxonomy":"product_tag","embeddable":true,"href":"https:\/\/e.kosmolat.eu\/lv\/wp-json\/wp\/v2\/product_tag?post=57129"}],"curies":[{"name":"wp","href":"https:\/\/api.w.org\/{rel}","templated":true}]}}