{"id":57121,"date":"2024-10-11T04:03:47","date_gmt":"2024-10-11T04:03:47","guid":{"rendered":"https:\/\/e.kosmolat.eu\/product\/dr-s-vitamin-c-dienas-krems-atjauninoss-spf-20-50-ml\/"},"modified":"2026-04-23T12:16:14","modified_gmt":"2026-04-23T12:16:14","slug":"dr-s-vitamin-c-dienas-krems-atjauninoss-spf-15-50-ml","status":"publish","type":"product","link":"https:\/\/e.kosmolat.eu\/lv\/product\/dr-s-vitamin-c-dienas-krems-atjauninoss-spf-15-50-ml\/","title":{"rendered":"&#8220;Dr.S Vitamin C&#8221; Dienas kr\u0113ms atjaunino\u0161s SPF 15, 50 ml"},"content":{"rendered":"<p>Bl\u0101vai un noguru\u0161ai \u0101dai,\n<\/p>\n<p>Atjaunino\u0161s dienas kr\u0113ms ar SPF20 atgrie\u017e \u0101dai svaigu un atp\u016btu\u0161os izskatu, pie\u0161\u0137ir vesel\u012bgu mirdzumu, atsvaidzina un atjaunina \u0101du. Mitrina un izl\u012bdzina, padara \u0101du gludu un z\u012bdainu. Nov\u0113r\u0161 bl\u0101vumu, izl\u012bdzina s\u012bkas grumbi\u0146as un \u0101das toni. Regul\u0101ri lietojot \u0101da tiek piepild\u012bta ar ener\u0123iju un izstaro vesel\u012bgu mirdzumu. Piem\u0113rots lieto\u0161anai k\u0101 b\u0101ze pirms makij\u0101\u017eas uzkl\u0101\u0161anas.\n<\/p>\n<p>Augstas koncentr\u0101cijas vitam\u012bns C \u2013 viens no efekt\u012bv\u0101kiem antioksidantiem, kur\u0161 pal\u0113nina grumbu veido\u0161an\u0101s procesu.  Atgrie\u017e mirdzumu noguru\u0161ai un bl\u0101vai \u0101dai, nodro\u0161ina katru \u0161\u016bnu ar ener\u0123iju. Tiek aktiviz\u0113ta p\u0113c uzkl\u0101\u0161anas uz \u0101du un darbojas ilgu laiku.\n<\/p>\n<p>A, B, E, H vitam\u012bnu komplekss ir \u201cslazds\u201d br\u012bvajiem radik\u0101\u013ciem, pal\u0113nina oksid\u0113\u0161anas procesus \u0101d\u0101, nov\u0113r\u0161ot priek\u0161laic\u012bgu noveco\u0161anos.\n<\/p>\n<p>Dab\u012bgas izcelsmes atjaunino\u0161s komplekss VinUp Lift acumirkl\u012b mitrina \u0101du, samazina m\u012bmikas musku\u013cu samazin\u0101\u0161an\u0101s intensit\u0101ti, samazina grumbu dzi\u013cumu, izl\u012bdzina \u0101das reljefu.  Hialuronsk\u0101be notur molekulas \u016bden\u012b nodro\u0161inot maksim\u0101lu \u0101das mitrin\u0101\u0161anu. Lieto\u0161ana: no r\u012bta nelielu kr\u0113ma daudzumu uzkl\u0101t uz priek\u0161laic\u012bgi att\u012br\u012btas sejas un kakla \u0101das pa mas\u0101\u017eas l\u012bnij\u0101m. Piesardz\u012bbas pas\u0101kumi: ir iesp\u0113jama individu\u0101l\u0101 jut\u012bba uz atsevi\u0161\u0137\u0101m sast\u0101vda\u013c\u0101m.<\/p>\n","protected":false},"excerpt":{"rendered":"<p>Bl\u0101vai un noguru\u0161ai \u0101dai, Atjaunino\u0161s dienas kr\u0113ms ar SPF20 atgrie\u017e \u0101dai svaigu un atp\u016btu\u0161os izskatu, pie\u0161\u0137ir vesel\u012bgu mirdzumu, atsvaidzina un atjaunina \u0101du. Mitrina un izl\u012bdzina, padara \u0101du gludu un z\u012bdainu. Nov\u0113r\u0161 bl\u0101vumu, izl\u012bdzina s\u012bkas grumbi\u0146as un \u0101das toni. Regul\u0101ri lietojot \u0101da tiek piepild\u012bta ar ener\u0123iju un izstaro vesel\u012bgu mirdzumu. Piem\u0113rots lieto\u0161anai k\u0101 b\u0101ze pirms makij\u0101\u017eas [&#8230;]\n","protected":false},"featured_media":84178,"template":"","meta":[],"product_cat":[1322],"product_tag":[],"class_list":{"0":"post-57121","1":"product","2":"type-product","3":"status-publish","4":"has-post-thumbnail","6":"product_brand-elfa_ua","7":"product_cat-veido-kremai","9":"first","10":"instock","11":"taxable","12":"shipping-taxable","13":"product-type-simple"},"_links":{"self":[{"href":"https:\/\/e.kosmolat.eu\/lv\/wp-json\/wp\/v2\/product\/57121","targetHints":{"allow":["GET"]}}],"collection":[{"href":"https:\/\/e.kosmolat.eu\/lv\/wp-json\/wp\/v2\/product"}],"about":[{"href":"https:\/\/e.kosmolat.eu\/lv\/wp-json\/wp\/v2\/types\/product"}],"wp:featuredmedia":[{"embeddable":true,"href":"https:\/\/e.kosmolat.eu\/lv\/wp-json\/wp\/v2\/media\/84178"}],"wp:attachment":[{"href":"https:\/\/e.kosmolat.eu\/lv\/wp-json\/wp\/v2\/media?parent=57121"}],"wp:term":[{"taxonomy":"product_cat","embeddable":true,"href":"https:\/\/e.kosmolat.eu\/lv\/wp-json\/wp\/v2\/product_cat?post=57121"},{"taxonomy":"product_tag","embeddable":true,"href":"https:\/\/e.kosmolat.eu\/lv\/wp-json\/wp\/v2\/product_tag?post=57121"}],"curies":[{"name":"wp","href":"https:\/\/api.w.org\/{rel}","templated":true}]}}