{"id":57113,"date":"2024-10-11T04:03:34","date_gmt":"2024-10-11T04:03:34","guid":{"rendered":"https:\/\/e.kosmolat.eu\/product\/i_dd-majas-dusas-ziepes-bruklene-un-kadiku-ella-500-ml\/"},"modified":"2026-05-08T16:18:24","modified_gmt":"2026-05-08T16:18:24","slug":"i_dd-majas-dusas-ziepes-bruklene-un-kadiku-ella-500-ml","status":"publish","type":"product","link":"https:\/\/e.kosmolat.eu\/lv\/product\/i_dd-majas-dusas-ziepes-bruklene-un-kadiku-ella-500-ml\/","title":{"rendered":"I_&#8221;DD&#8221; M\u0101jas du\u0161as ziepes &#8220;Br\u016bklene un kadi\u0137u e\u013c\u013ca&#8221;, 500 ml"},"content":{"rendered":"<p>M\u0101jas du\u0161as ziepes satur kadi\u0137u \u0113terisko e\u013c\u013cu, kas ir paz\u012bstama ar sav\u0101m v\u0113rt\u012bgaj\u0101m \u012bpa\u0161\u012bb\u0101m, k\u0101 ar\u012b kompleksu sausai \u0101dai ar \u017ee\u0146\u0161e\u0146a, ave\u0146u, melle\u0146u, p\u012bl\u0101d\u017eu, cipreses un br\u016bkle\u0146u ekstraktiem. Ziepes lieliski puto un r\u016bp\u0113jas par \u0101das t\u012br\u012bbu. T\u0101m piem\u012bt viegls, svaigs arom\u0101ts ar ogu not\u012bm.<\/p>\n<p>Lieto\u0161ana: saputot uz mitras \u0101das, nomazg\u0101t ar \u016bdeni.<\/p>\n<p>Piesardz\u012bbas pas\u0101kumi: paaugstin\u0101ta individu\u0101l\u0101 jut\u012bba pret atsevi\u0161\u0137\u0101m sast\u0101vda\u013c\u0101m.<\/p>\n","protected":false},"excerpt":{"rendered":"<p>M\u0101jas du\u0161as ziepes satur kadi\u0137u \u0113terisko e\u013c\u013cu, kas ir paz\u012bstama ar sav\u0101m v\u0113rt\u012bgaj\u0101m \u012bpa\u0161\u012bb\u0101m, k\u0101 ar\u012b kompleksu sausai \u0101dai ar \u017ee\u0146\u0161e\u0146a, ave\u0146u, melle\u0146u, p\u012bl\u0101d\u017eu, cipreses un br\u016bkle\u0146u ekstraktiem. Ziepes lieliski puto un r\u016bp\u0113jas par \u0101das t\u012br\u012bbu. T\u0101m piem\u012bt viegls, svaigs arom\u0101ts ar ogu not\u012bm. Lieto\u0161ana: saputot uz mitras \u0101das, nomazg\u0101t ar \u016bdeni. Piesardz\u012bbas pas\u0101kumi: paaugstin\u0101ta [&#8230;]\n","protected":false},"featured_media":86538,"template":"","meta":[],"product_cat":[1280],"product_tag":[],"class_list":{"0":"post-57113","1":"product","2":"type-product","3":"status-publish","4":"has-post-thumbnail","6":"product_brand-elfa_ua","7":"product_cat-dusas-zelejas-un-dusas-ellas","9":"first","10":"instock","11":"taxable","12":"shipping-taxable","13":"product-type-simple"},"_links":{"self":[{"href":"https:\/\/e.kosmolat.eu\/lv\/wp-json\/wp\/v2\/product\/57113","targetHints":{"allow":["GET"]}}],"collection":[{"href":"https:\/\/e.kosmolat.eu\/lv\/wp-json\/wp\/v2\/product"}],"about":[{"href":"https:\/\/e.kosmolat.eu\/lv\/wp-json\/wp\/v2\/types\/product"}],"wp:featuredmedia":[{"embeddable":true,"href":"https:\/\/e.kosmolat.eu\/lv\/wp-json\/wp\/v2\/media\/86538"}],"wp:attachment":[{"href":"https:\/\/e.kosmolat.eu\/lv\/wp-json\/wp\/v2\/media?parent=57113"}],"wp:term":[{"taxonomy":"product_cat","embeddable":true,"href":"https:\/\/e.kosmolat.eu\/lv\/wp-json\/wp\/v2\/product_cat?post=57113"},{"taxonomy":"product_tag","embeddable":true,"href":"https:\/\/e.kosmolat.eu\/lv\/wp-json\/wp\/v2\/product_tag?post=57113"}],"curies":[{"name":"wp","href":"https:\/\/api.w.org\/{rel}","templated":true}]}}